{"id":1227,"date":"2021-11-29T09:26:53","date_gmt":"2021-11-29T09:26:53","guid":{"rendered":"https:\/\/ciberesfera.es\/fisios2\/accidents-de-transit\/"},"modified":"2022-11-06T08:12:34","modified_gmt":"2022-11-06T08:12:34","slug":"accidents-de-transit","status":"publish","type":"page","link":"https:\/\/www.fisios.net\/ca\/accidents-de-transit\/","title":{"rendered":"Accidents de tr\u00e0nsit"},"content":{"rendered":"\n<div class=\"wp-block-columns has-background is-layout-flex wp-container-core-columns-is-layout-9d6595d7 wp-block-columns-is-layout-flex\" style=\"background-color:#ffffff\">\n<div class=\"wp-block-column is-layout-flow wp-block-column-is-layout-flow\">\n<div class=\"wp-block-columns align-items-center is-layout-flex wp-container-core-columns-is-layout-9d6595d7 wp-block-columns-is-layout-flex\">\n<div class=\"wp-block-column is-layout-flow wp-block-column-is-layout-flow\">\n<h1 class=\"has-theme-secondary-color has-text-color wp-block-heading\"><br>ACCIDENTAS<br>DE&nbsp;TR\u00c1FICO<\/h1>\n<\/div>\n\n\n\n<div class=\"wp-block-column is-layout-flow wp-block-column-is-layout-flow\">\n<figure class=\"wp-block-image size-full\"><img loading=\"lazy\" decoding=\"async\" width=\"788\" height=\"685\" src=\"http:\/\/www.fisios.net\/wp-content\/uploads\/2022\/11\/accidentes-de-trafico.png\" alt=\"\" class=\"wp-image-1715\" srcset=\"https:\/\/www.fisios.net\/wp-content\/uploads\/2022\/11\/accidentes-de-trafico.png 788w, https:\/\/www.fisios.net\/wp-content\/uploads\/2022\/11\/accidentes-de-trafico-300x261.png 300w, https:\/\/www.fisios.net\/wp-content\/uploads\/2022\/11\/accidentes-de-trafico-768x668.png 768w\" sizes=\"auto, (max-width: 788px) 100vw, 788px\" \/><\/figure>\n<\/div>\n<\/div>\n\n\n\n<p>FISIOS compta amb experi\u00e8ncia i capacitat legal per a realitzar la tramitaci\u00f3 amb l&#8217;asseguradora perqu\u00e8 puguis realitzar el tractament m\u00e8dic, de rehabilitaci\u00f3 i\/o proves diagn\u00f2stiques amb nosaltres. Som centre C2 de conveni CAS des de l&#8217;any 2010 i disposem d&#8217;una unitat de tr\u00e0nsit per a lesionats que hagin sofert un accident.<\/p>\n\n\n\n<h2 class=\"wp-block-heading\">Si ets el conductor del vehicle assegurat:<\/h2>\n\n\n\n<ul class=\"wp-block-list\">\n<li>Pots triar entre els centres p\u00fablics o privats que t&#8217;ofereixi la teva asseguradora, tret que hagis estat responsable de l&#8217;accident, no hi hagi m\u00e9s vehicles implicats i sol clients amb una asseguran\u00e7a a tercers.<\/li>\n\n\n\n<li>Emplena el comunicat d&#8217;assist\u00e8ncia en el qual figurin els danys causats per l&#8217;accident. Realitza la primera visita m\u00e8dica d&#8217;urg\u00e8ncia abans de les 72 hores.<\/li>\n\n\n\n<li>Informa de l&#8217;accident a la companyia en els 7 dies posteriors i si ets un dels ferits (acompanyant, vianant, ciclista).<\/li>\n<\/ul>\n\n\n\n<h2 class=\"wp-block-heading\">Si ets un dels ferits (ja siguis acompanyant, vianant, ciclista):<\/h2>\n\n\n\n<ul class=\"wp-block-list\">\n<li>Pots triar el centre m\u00e8dic al qual anar, ja sigui p\u00fablic o privat. L&#8217;asseguradora del vehicle responsable ha de pagar les despeses.<\/li>\n\n\n\n<li>Realitza la primera visita m\u00e8dica d&#8217;urg\u00e8ncia abans de 72 hores.<\/li>\n\n\n\n<li>\u00c9s aconsellable reclamar pels danys causats com m\u00e9s aviat millor.<\/li>\n<\/ul>\n\n\n\n<h2 class=\"wp-block-heading\">Els teus drets com a v\u00edctima d&#8217;un accident de tr\u00e0nsit:<br><\/h2>\n\n\n\n<ul class=\"wp-block-list\">\n<li>Sabies que els responsables d&#8217;assumir els costos del tractament m\u00e8dic necessari despr\u00e9s d&#8217;un accident de tr\u00e0nsit, ja sigui de manera directa o diferida, s\u00f3n (excepte casos excepcionals contemplats en les seves p\u00f2lisses) les companyies d&#8217;assegurances?<br><\/li>\n\n\n\n<li>Ets lliure de triar el centre sanitari (p\u00fablic o privat) i el metge per al seu tractament i pots exigir ser at\u00e8s per un centre acreditat per la Conselleria de Sanitat corresponent.<\/li>\n\n\n\n<li>Les companyies no poden imposar el centre d&#8217;assist\u00e8ncia o el tipus d&#8217;assist\u00e8ncia que m\u00e9s et conv\u00e9.<\/li>\n\n\n\n<li>Tens dret a ser diagnosticat i tractat segons el criteri del metge i\/o el centre triat.<\/li>\n\n\n\n<li>L&#8217;assegurat\/a deure cobrir les despeses d&#8217;assist\u00e8ncia m\u00e8dica, farmac\u00e8utica i de rehabilitaci\u00f3 en la quantia necess\u00e0ria fins a la sanaci\u00f3 o consolidaci\u00f3 de les seq\u00fceles.<\/li>\n<\/ul>\n<\/div>\n<\/div>\n","protected":false},"excerpt":{"rendered":"<p>ACCIDENTASDE&nbsp;TR\u00c1FICO FISIOS compta amb experi\u00e8ncia i capacitat legal per a realitzar la tramitaci\u00f3 amb l&#8217;asseguradora perqu\u00e8 puguis realitzar el tractament m\u00e8dic, de rehabilitaci\u00f3 i\/o proves diagn\u00f2stiques amb nosaltres. Som centre C2 de conveni CAS des de l&#8217;any 2010 i disposem d&#8217;una unitat de tr\u00e0nsit per a lesionats que hagin sofert un accident. Si ets el [&hellip;]<\/p>\n","protected":false},"author":1,"featured_media":0,"parent":0,"menu_order":0,"comment_status":"closed","ping_status":"closed","template":"","meta":{"inline_featured_image":false,"_genesis_hide_title":false,"_genesis_hide_breadcrumbs":false,"_genesis_hide_singular_image":false,"_genesis_hide_footer_widgets":false,"_genesis_custom_body_class":"","_genesis_custom_post_class":"","_genesis_layout":"","_joinchat":[],"footnotes":""},"class_list":{"0":"post-1227","1":"page","2":"type-page","3":"status-publish","5":"entry"},"_links":{"self":[{"href":"https:\/\/www.fisios.net\/ca\/wp-json\/wp\/v2\/pages\/1227","targetHints":{"allow":["GET"]}}],"collection":[{"href":"https:\/\/www.fisios.net\/ca\/wp-json\/wp\/v2\/pages"}],"about":[{"href":"https:\/\/www.fisios.net\/ca\/wp-json\/wp\/v2\/types\/page"}],"author":[{"embeddable":true,"href":"https:\/\/www.fisios.net\/ca\/wp-json\/wp\/v2\/users\/1"}],"replies":[{"embeddable":true,"href":"https:\/\/www.fisios.net\/ca\/wp-json\/wp\/v2\/comments?post=1227"}],"version-history":[{"count":5,"href":"https:\/\/www.fisios.net\/ca\/wp-json\/wp\/v2\/pages\/1227\/revisions"}],"predecessor-version":[{"id":1719,"href":"https:\/\/www.fisios.net\/ca\/wp-json\/wp\/v2\/pages\/1227\/revisions\/1719"}],"wp:attachment":[{"href":"https:\/\/www.fisios.net\/ca\/wp-json\/wp\/v2\/media?parent=1227"}],"curies":[{"name":"wp","href":"https:\/\/api.w.org\/{rel}","templated":true}]}}