{"id":1238,"date":"2022-09-04T02:47:18","date_gmt":"2022-09-04T02:47:18","guid":{"rendered":"https:\/\/ciberesfera.es\/fisios2\/centre\/"},"modified":"2023-03-09T14:16:59","modified_gmt":"2023-03-09T14:16:59","slug":"centre","status":"publish","type":"page","link":"https:\/\/www.fisios.net\/ca\/centre\/","title":{"rendered":"Centre"},"content":{"rendered":"\n<div class=\"wp-block-columns is-layout-flex wp-container-core-columns-is-layout-9d6595d7 wp-block-columns-is-layout-flex\">\n<div class=\"wp-block-column is-layout-flow wp-block-column-is-layout-flow\">\n<p>FISIOS. Fisioter\u00e0pia i Osteopatia \u00ae va n\u00e9ixer en 2003 com un nou concepte i un referent de fisioter\u00e0pia a l&#8217;Hospitalet de Llobregat.<\/p>\n\n\n\n<p>Un centre pensat per a poder realitzar tractaments de fisioter\u00e0pia amb tracte personalitzat i individualitzat.<\/p>\n\n\n\n<p>Despr\u00e9s de 5 anys de funcionament al carrer Joan Pallar\u00e9s 32 de L&#8217;Hospitalet, en 2008 traslladem les nostres instal\u00b7lacions al carrer Rod\u00e9s, 31 de la mateixa poblaci\u00f3.<\/p>\n\n\n\n<p>Disposem de 400 m\u00b2 exclusiu de tractaments de RHB i on incloem fisioter\u00e0pia especialitzada i altres professionals sanitaris.<\/p>\n\n\n\n<p>Dins del centre disposem de 20 boxs de tractament, gimn\u00e0s de 120 m\u00b2, d&#8217;una sala polivalent de 45m2 per a realitzar classes dirigides fins a 7 persones, 2 despatxos m\u00e8dics per a realitzar la fisioter\u00e0pia especialitzada i futurs professionals que s&#8217;aniran incorporant.<\/p>\n\n\n\n<p>L&#8217;equip est\u00e0 format per 7 fisioterapeutes i 1 traumat\u00f2leg.<\/p>\n\n\n\n<p>Oferim un servei que combina la proximitat i el tracte personalitzat i individualitzat del pacient combinant-lo amb la m\u00e9s \u00faltima tecnologia en els equips de tractament per a aconseguir els millors resultats.<\/p>\n\n\n\n<p>Els nostres serveis estan destinats a pacients de m\u00fatues privades, m\u00fatues laborals, m\u00fatues esportives, m\u00fatues d&#8217;accidents, lesionats de tr\u00e0nsit i particulars.<\/p>\n\n\n\n<figure class=\"wp-block-image size-large\"><img loading=\"lazy\" decoding=\"async\" width=\"1024\" height=\"661\" src=\"https:\/\/www.fisios.net\/wp-content\/uploads\/2023\/03\/Centro-1-1024x661.jpg\" alt=\"\" class=\"wp-image-2591\" srcset=\"https:\/\/www.fisios.net\/wp-content\/uploads\/2023\/03\/Centro-1-1024x661.jpg 1024w, https:\/\/www.fisios.net\/wp-content\/uploads\/2023\/03\/Centro-1-300x194.jpg 300w, https:\/\/www.fisios.net\/wp-content\/uploads\/2023\/03\/Centro-1-768x496.jpg 768w, https:\/\/www.fisios.net\/wp-content\/uploads\/2023\/03\/Centro-1-1536x992.jpg 1536w, https:\/\/www.fisios.net\/wp-content\/uploads\/2023\/03\/Centro-1-2048x1322.jpg 2048w\" sizes=\"auto, (max-width: 1024px) 100vw, 1024px\" \/><\/figure>\n<\/div>\n\n\n\n<div class=\"wp-block-column is-layout-flow wp-block-column-is-layout-flow\">\n<figure class=\"wp-block-image size-full\"><img loading=\"lazy\" decoding=\"async\" width=\"639\" height=\"900\" src=\"https:\/\/www.fisios.net\/wp-content\/uploads\/2023\/03\/Local-1.jpg\" alt=\"\" class=\"wp-image-2589\" srcset=\"https:\/\/www.fisios.net\/wp-content\/uploads\/2023\/03\/Local-1.jpg 639w, https:\/\/www.fisios.net\/wp-content\/uploads\/2023\/03\/Local-1-213x300.jpg 213w\" sizes=\"auto, (max-width: 639px) 100vw, 639px\" \/><\/figure>\n<\/div>\n<\/div>\n\n\n\n<p><\/p>\n","protected":false},"excerpt":{"rendered":"<p>FISIOS. Fisioter\u00e0pia i Osteopatia \u00ae va n\u00e9ixer en 2003 com un nou concepte i un referent de fisioter\u00e0pia a l&#8217;Hospitalet de Llobregat. Un centre pensat per a poder realitzar tractaments de fisioter\u00e0pia amb tracte personalitzat i individualitzat. Despr\u00e9s de 5 anys de funcionament al carrer Joan Pallar\u00e9s 32 de L&#8217;Hospitalet, en 2008 traslladem les nostres [&hellip;]<\/p>\n","protected":false},"author":1,"featured_media":0,"parent":0,"menu_order":0,"comment_status":"closed","ping_status":"closed","template":"","meta":{"inline_featured_image":false,"_genesis_hide_title":false,"_genesis_hide_breadcrumbs":false,"_genesis_hide_singular_image":false,"_genesis_hide_footer_widgets":false,"_genesis_custom_body_class":"","_genesis_custom_post_class":"","_genesis_layout":"","_joinchat":[],"footnotes":""},"class_list":{"0":"post-1238","1":"page","2":"type-page","3":"status-publish","5":"entry"},"_links":{"self":[{"href":"https:\/\/www.fisios.net\/ca\/wp-json\/wp\/v2\/pages\/1238","targetHints":{"allow":["GET"]}}],"collection":[{"href":"https:\/\/www.fisios.net\/ca\/wp-json\/wp\/v2\/pages"}],"about":[{"href":"https:\/\/www.fisios.net\/ca\/wp-json\/wp\/v2\/types\/page"}],"author":[{"embeddable":true,"href":"https:\/\/www.fisios.net\/ca\/wp-json\/wp\/v2\/users\/1"}],"replies":[{"embeddable":true,"href":"https:\/\/www.fisios.net\/ca\/wp-json\/wp\/v2\/comments?post=1238"}],"version-history":[{"count":4,"href":"https:\/\/www.fisios.net\/ca\/wp-json\/wp\/v2\/pages\/1238\/revisions"}],"predecessor-version":[{"id":2595,"href":"https:\/\/www.fisios.net\/ca\/wp-json\/wp\/v2\/pages\/1238\/revisions\/2595"}],"wp:attachment":[{"href":"https:\/\/www.fisios.net\/ca\/wp-json\/wp\/v2\/media?parent=1238"}],"curies":[{"name":"wp","href":"https:\/\/api.w.org\/{rel}","templated":true}]}}