{"id":1240,"date":"2022-09-02T15:44:43","date_gmt":"2022-09-02T15:44:43","guid":{"rendered":"https:\/\/ciberesfera.es\/fisios2\/chi-kung-terapeutic\/"},"modified":"2023-02-15T15:02:51","modified_gmt":"2023-02-15T15:02:51","slug":"chi-kung-terapeutic","status":"publish","type":"page","link":"https:\/\/www.fisios.net\/ca\/chi-kung-terapeutic\/","title":{"rendered":"CHI-KUNG terap\u00e8utic"},"content":{"rendered":"\n<div class=\"wp-block-columns align-items-center is-layout-flex wp-container-core-columns-is-layout-9d6595d7 wp-block-columns-is-layout-flex\">\n<div class=\"wp-block-column is-layout-flow wp-block-column-is-layout-flow\">\n<h1 class=\"has-theme-secondary-color has-text-color wp-block-heading\">CHI-KUNG<br>TERAP\u00c8UTIC<\/h1>\n<\/div>\n\n\n\n<div class=\"wp-block-column is-layout-flow wp-block-column-is-layout-flow\">\n<figure class=\"wp-block-image size-full\"><img loading=\"lazy\" decoding=\"async\" width=\"788\" height=\"685\" src=\"http:\/\/www.fisios.net\/wp-content\/uploads\/2022\/11\/chi-kung-terapeutico.png\" alt=\"\" class=\"wp-image-1803\" srcset=\"https:\/\/www.fisios.net\/wp-content\/uploads\/2022\/11\/chi-kung-terapeutico.png 788w, https:\/\/www.fisios.net\/wp-content\/uploads\/2022\/11\/chi-kung-terapeutico-300x261.png 300w, https:\/\/www.fisios.net\/wp-content\/uploads\/2022\/11\/chi-kung-terapeutico-768x668.png 768w\" sizes=\"auto, (max-width: 788px) 100vw, 788px\" \/><\/figure>\n<\/div>\n<\/div>\n\n\n\n<div class=\"wp-block-columns is-layout-flex wp-container-core-columns-is-layout-9d6595d7 wp-block-columns-is-layout-flex\">\n<div class=\"wp-block-column menu-servicios is-layout-flow wp-block-column-is-layout-flow\" style=\"flex-basis:20%\">\n<p>TOTS ELS TRACTAMENTS<\/p>\n\n\n\n<p><a href=\"https:\/\/www.fisios.net\/ca\/fisiopilates\/\" data-type=\"page\" data-id=\"929\">Fisiopilates<\/a><\/p>\n\n\n\n<p><a href=\"https:\/\/www.fisios.net\/ca\/psicomotricitat\/\" data-type=\"page\" data-id=\"934\">Psicomotricitat<\/a><\/p>\n\n\n\n<p><a href=\"https:\/\/www.fisios.net\/ca\/chi-kung-terapeutic\/\" data-type=\"page\" data-id=\"936\">Chi-*Kung Terap\u00e8utic<\/a><\/p>\n<\/div>\n\n\n\n<div class=\"wp-block-column is-layout-flow wp-block-column-is-layout-flow\" style=\"flex-basis:80%\">\n<p>L&#8217;ideograma \u00abchi\u00bb significa energia i \u00abkung\u00bb treball (mestratge, habilitat): per tant Chikung es podria transcriure com a \u00abtreball de l&#8217;energia\u00bb. \u00c9s originari de la Xina i va comen\u00e7ar a desenvolupar-se fa uns 4000 anys.<\/p>\n\n\n\n<p>La seva base te\u00f2rica \u00e9s f\u00e0cil: l&#8217;univers est\u00e0 viu i en moviment constant gr\u00e0cies a aquesta energia anomenada \u00abchi\u00bb. \u00c9s com l&#8217;espurna que mant\u00e9 tot en marxa. L&#8217;\u00e9sser hum\u00e0, en ser part d&#8217;aquest tot, no \u00e9s una excepci\u00f3: rep aquesta energia de l&#8217;exterior, t\u00e9 canals (els coneguts en medicina xinesa com a meridians) per on aquest circula.<\/p>\n\n\n\n<p>Com podeu imaginar el fet que aquesta energia s&#8217;estanci, escassegi o sobre no \u00e9s una cosa bona per al nostre cos. Llavors sobrev\u00e9 el desequilibri i la malaltia.<\/p>\n\n\n\n<p>Com podem regular el seu flux, generar m\u00e9s si falta o drenar el seu exc\u00e9s si sobra? Doncs realment d&#8217;una manera senzilla: movent-nos i respirant de formes concretes i posant-li intenci\u00f3 a aix\u00f2 (centrar la ment). En aix\u00f2 consisteix el Chikung: fer aquestes 3 coses de manera coordinada.<\/p>\n\n\n\n<p>Per\u00f2, com un gram de pr\u00e0ctic pes m\u00e9s que quilo de teoria, et convido que ho experimentis.<\/p>\n\n\n\n<p>Nom\u00e9s has de <a href=\"http:\/\/www.somchi.es\/contacto\/\">contactar-me<\/a> i podr\u00e0s rebre una classe de manera gratu\u00efta. T&#8217;espero!!!<\/p>\n\n\n\n<p><a href=\"http:\/\/www.somchi.es\/\"><strong>http:\/\/www.somchi.es\/<\/strong><\/a><\/p>\n\n\n\n<p><a href=\"https:\/\/www.facebook.com\/chikunghospitalet\/\">https:\/\/www.facebook.com\/chikunghospitalet\/<\/a><\/p>\n\n\n\n<p>Daniel Gimenez Soria Infermer col\u00b7legiat especialista en Medicina Xinesa.<\/p>\n\n\n\n<p>T 644 29 89 48<\/p>\n\n\n\n<figure class=\"wp-block-image size-full is-resized\"><img decoding=\"async\" src=\"http:\/\/www.fisios.net\/wp-content\/uploads\/2021\/12\/fis.jpg\" alt=\"\" class=\"wp-image-440\" width=\"500\" srcset=\"https:\/\/www.fisios.net\/wp-content\/uploads\/2021\/12\/fis.jpg 1024w, https:\/\/www.fisios.net\/wp-content\/uploads\/2021\/12\/fis-300x189.jpg 300w, https:\/\/www.fisios.net\/wp-content\/uploads\/2021\/12\/fis-768x483.jpg 768w\" sizes=\"(max-width: 1024px) 100vw, 1024px\" \/><\/figure>\n<\/div>\n<\/div>\n\n\n","protected":false},"excerpt":{"rendered":"<p>CHI-KUNGTERAP\u00c8UTIC TOTS ELS TRACTAMENTS Fisiopilates Psicomotricitat Chi-*Kung Terap\u00e8utic L&#8217;ideograma \u00abchi\u00bb significa energia i \u00abkung\u00bb treball (mestratge, habilitat): per tant Chikung es podria transcriure com a \u00abtreball de l&#8217;energia\u00bb. \u00c9s originari de la Xina i va comen\u00e7ar a desenvolupar-se fa uns 4000 anys. La seva base te\u00f2rica \u00e9s f\u00e0cil: l&#8217;univers est\u00e0 viu i en moviment constant [&hellip;]<\/p>\n","protected":false},"author":1,"featured_media":0,"parent":0,"menu_order":0,"comment_status":"closed","ping_status":"closed","template":"","meta":{"inline_featured_image":false,"_genesis_hide_title":false,"_genesis_hide_breadcrumbs":false,"_genesis_hide_singular_image":false,"_genesis_hide_footer_widgets":false,"_genesis_custom_body_class":"","_genesis_custom_post_class":"","_genesis_layout":"","_joinchat":[],"footnotes":""},"class_list":{"0":"post-1240","1":"page","2":"type-page","3":"status-publish","5":"entry"},"_links":{"self":[{"href":"https:\/\/www.fisios.net\/ca\/wp-json\/wp\/v2\/pages\/1240","targetHints":{"allow":["GET"]}}],"collection":[{"href":"https:\/\/www.fisios.net\/ca\/wp-json\/wp\/v2\/pages"}],"about":[{"href":"https:\/\/www.fisios.net\/ca\/wp-json\/wp\/v2\/types\/page"}],"author":[{"embeddable":true,"href":"https:\/\/www.fisios.net\/ca\/wp-json\/wp\/v2\/users\/1"}],"replies":[{"embeddable":true,"href":"https:\/\/www.fisios.net\/ca\/wp-json\/wp\/v2\/comments?post=1240"}],"version-history":[{"count":7,"href":"https:\/\/www.fisios.net\/ca\/wp-json\/wp\/v2\/pages\/1240\/revisions"}],"predecessor-version":[{"id":2359,"href":"https:\/\/www.fisios.net\/ca\/wp-json\/wp\/v2\/pages\/1240\/revisions\/2359"}],"wp:attachment":[{"href":"https:\/\/www.fisios.net\/ca\/wp-json\/wp\/v2\/media?parent=1240"}],"curies":[{"name":"wp","href":"https:\/\/api.w.org\/{rel}","templated":true}]}}