{"id":1243,"date":"2022-09-02T15:27:19","date_gmt":"2022-09-02T15:27:19","guid":{"rendered":"https:\/\/ciberesfera.es\/fisios2\/exercici-terapeutic-funcional\/"},"modified":"2023-02-15T14:54:15","modified_gmt":"2023-02-15T14:54:15","slug":"exercici-terapeutic-funcional","status":"publish","type":"page","link":"https:\/\/www.fisios.net\/ca\/exercici-terapeutic-funcional\/","title":{"rendered":"Exercici Terap\u00e8utic Funcional"},"content":{"rendered":"\n<div style=\"height:62px\" aria-hidden=\"true\" class=\"wp-block-spacer\"><\/div>\n\n\n\n<div class=\"wp-block-columns align-items-center is-layout-flex wp-container-core-columns-is-layout-9d6595d7 wp-block-columns-is-layout-flex\">\n<div class=\"wp-block-column is-layout-flow wp-block-column-is-layout-flow\">\n<h1 class=\"has-theme-secondary-color has-text-color wp-block-heading\">EXERCICI<br>TERAP\u00c8UTIC<br>FUNCIONAL<\/h1>\n<\/div>\n\n\n\n<div class=\"wp-block-column is-layout-flow wp-block-column-is-layout-flow\">\n<figure class=\"wp-block-image size-full\"><img loading=\"lazy\" decoding=\"async\" width=\"788\" height=\"685\" src=\"http:\/\/www.fisios.net\/wp-content\/uploads\/2022\/11\/ejercicio-terapeutico-funcional.png\" alt=\"\" class=\"wp-image-1762\" srcset=\"https:\/\/www.fisios.net\/wp-content\/uploads\/2022\/11\/ejercicio-terapeutico-funcional.png 788w, https:\/\/www.fisios.net\/wp-content\/uploads\/2022\/11\/ejercicio-terapeutico-funcional-300x261.png 300w, https:\/\/www.fisios.net\/wp-content\/uploads\/2022\/11\/ejercicio-terapeutico-funcional-768x668.png 768w\" sizes=\"auto, (max-width: 788px) 100vw, 788px\" \/><\/figure>\n<\/div>\n<\/div>\n\n\n\n<div class=\"wp-block-columns is-layout-flex wp-container-core-columns-is-layout-9d6595d7 wp-block-columns-is-layout-flex\">\n<div class=\"wp-block-column menu-servicios is-layout-flow wp-block-column-is-layout-flow\" style=\"flex-basis:20%\">\n<div class=\"wp-block-columns is-layout-flex wp-container-core-columns-is-layout-9d6595d7 wp-block-columns-is-layout-flex\">\n<div class=\"wp-block-column is-layout-flow wp-block-column-is-layout-flow\">\n<p>TOTS ELS TRACTAMENTS<\/p>\n\n\n\n<p><a href=\"http:\/\/www.fisios.net\/ca\/fisioterapia-maxillofacial-i-atm\/\" data-type=\"page\" data-id=\"901\">Fisioter\u00e0pia Maxilofacia i ATM<\/a> <\/p>\n\n\n\n<p><a href=\"http:\/\/www.fisios.net\/ca\/fisioterapia-sol-pelvia\/\" data-type=\"page\" data-id=\"915\">Fisioter\u00e0pia S\u00f2l Pelvi\u00e0<\/a><\/p>\n\n\n\n<p><a href=\"http:\/\/www.fisios.net\/ca\/fisioestetica-postquirurgica\/\" data-type=\"page\" data-id=\"917\">Fisioest\u00e9tica Postquir\u00fargica<\/a><\/p>\n\n\n\n<p><a href=\"http:\/\/www.fisios.net\/ca\/exercici-terapeutic-funcional\/\" data-type=\"page\" data-id=\"919\">Exercici Ter\u00e1peutico Funcional<\/a><\/p>\n\n\n\n<p><a href=\"http:\/\/www.fisios.net\/ca\/traumatoleg-esportiu\/\" data-type=\"page\" data-id=\"921\">Traumat\u00f2leg esportiu<\/a><\/p>\n\n\n\n<p><a href=\"http:\/\/www.fisios.net\/ca\/terapia-de-ma\/\" data-type=\"page\" data-id=\"923\">Ter\u00e0pia de m\u00e0<\/a><\/p>\n\n\n\n<p><a href=\"http:\/\/www.fisios.net\/ca\/acupuntura-i-medicina-tradicional-xinesa\/\" data-type=\"page\" data-id=\"925\">Acupuntura<\/a><\/p>\n\n\n\n<p><a href=\"http:\/\/www.fisios.net\/ca\/asesoramiento-lactancia-y-crianza\/\" data-type=\"page\" data-id=\"927\">Asesoramiento lactancia y crianza<\/a><\/p>\n<\/div>\n<\/div>\n<\/div>\n\n\n\n<div class=\"wp-block-column is-layout-flow wp-block-column-is-layout-flow\" style=\"flex-basis:80%\">\n<p>Com tota professi\u00f3 sanit\u00e0ria, la fisioter\u00e0pia ha anat evolucionant al llarg dels \u00faltims anys. Trencant una mica amb la idea de tractaments passius (massatges, electroter\u00e0pia, ter\u00e0pies invasives\u2026) apareix un tractament actiu denominat Exercici Terap\u00e8utic Funcional.<\/p>\n\n\n\n<p>L&#8217;Exercici Terap\u00e8utic Funcional ha anat demostrant-se cient\u00edficament que \u00e9s una de les millors t\u00e8cniques disponibles a l&#8217;hora de combatre el dolor o s\u00edmptomes del sistema m\u00fascul-esquel\u00e8tic. L&#8217;exercici terap\u00e8utic es diferencia de l&#8217;exercici convencional que es realitza baix supervisi\u00f3 de personal sanitari, en aquest cas un Fisioterapeuta, quan una persona sofreix algun tipus de lesi\u00f3 o patologia (\u00f2ssia, muscular, lligamentosa\u2026) amb l&#8217;objectiu de disminuir els s\u00edmptomes de la lesi\u00f3, millorar la funci\u00f3 i millorar, mantenir o frenar la deterioraci\u00f3 de la salut.<\/p>\n\n\n\n<p>El moviment \u00e9s vida, mou-te.<\/p>\n\n\n\n<p>1a Visita 60 min 50 \u20ac<\/p>\n\n\n\n<p>Visites successives 35 \u20ac<\/p>\n<\/div>\n<\/div>\n","protected":false},"excerpt":{"rendered":"<p>EXERCICITERAP\u00c8UTICFUNCIONAL Com tota professi\u00f3 sanit\u00e0ria, la fisioter\u00e0pia ha anat evolucionant al llarg dels \u00faltims anys. Trencant una mica amb la idea de tractaments passius (massatges, electroter\u00e0pia, ter\u00e0pies invasives\u2026) apareix un tractament actiu denominat Exercici Terap\u00e8utic Funcional. L&#8217;Exercici Terap\u00e8utic Funcional ha anat demostrant-se cient\u00edficament que \u00e9s una de les millors t\u00e8cniques disponibles a l&#8217;hora de combatre [&hellip;]<\/p>\n","protected":false},"author":1,"featured_media":0,"parent":0,"menu_order":0,"comment_status":"closed","ping_status":"closed","template":"","meta":{"inline_featured_image":false,"_genesis_hide_title":false,"_genesis_hide_breadcrumbs":false,"_genesis_hide_singular_image":false,"_genesis_hide_footer_widgets":false,"_genesis_custom_body_class":"","_genesis_custom_post_class":"","_genesis_layout":"","_joinchat":[],"footnotes":""},"class_list":{"0":"post-1243","1":"page","2":"type-page","3":"status-publish","5":"entry"},"_links":{"self":[{"href":"https:\/\/www.fisios.net\/ca\/wp-json\/wp\/v2\/pages\/1243","targetHints":{"allow":["GET"]}}],"collection":[{"href":"https:\/\/www.fisios.net\/ca\/wp-json\/wp\/v2\/pages"}],"about":[{"href":"https:\/\/www.fisios.net\/ca\/wp-json\/wp\/v2\/types\/page"}],"author":[{"embeddable":true,"href":"https:\/\/www.fisios.net\/ca\/wp-json\/wp\/v2\/users\/1"}],"replies":[{"embeddable":true,"href":"https:\/\/www.fisios.net\/ca\/wp-json\/wp\/v2\/comments?post=1243"}],"version-history":[{"count":8,"href":"https:\/\/www.fisios.net\/ca\/wp-json\/wp\/v2\/pages\/1243\/revisions"}],"predecessor-version":[{"id":2345,"href":"https:\/\/www.fisios.net\/ca\/wp-json\/wp\/v2\/pages\/1243\/revisions\/2345"}],"wp:attachment":[{"href":"https:\/\/www.fisios.net\/ca\/wp-json\/wp\/v2\/media?parent=1243"}],"curies":[{"name":"wp","href":"https:\/\/api.w.org\/{rel}","templated":true}]}}