{"id":1249,"date":"2022-09-02T15:25:49","date_gmt":"2022-09-02T15:25:49","guid":{"rendered":"https:\/\/ciberesfera.es\/fisios2\/fisioestetica-postquirurgica\/"},"modified":"2023-02-15T14:52:45","modified_gmt":"2023-02-15T14:52:45","slug":"fisioestetica-postquirurgica","status":"publish","type":"page","link":"https:\/\/www.fisios.net\/ca\/fisioestetica-postquirurgica\/","title":{"rendered":"Fisioest\u00e8tica Postquir\u00fargica"},"content":{"rendered":"\n<div class=\"wp-block-columns align-items-center is-layout-flex wp-container-core-columns-is-layout-9d6595d7 wp-block-columns-is-layout-flex\">\n<div class=\"wp-block-column is-layout-flow wp-block-column-is-layout-flow\">\n<h1 class=\"has-theme-secondary-color has-text-color wp-block-heading\">FISIOEST\u00c8TICA<br>POSTQUIR\u00daRGICA<\/h1>\n<\/div>\n\n\n\n<div class=\"wp-block-column is-layout-flow wp-block-column-is-layout-flow\">\n<figure class=\"wp-block-image size-full\"><img loading=\"lazy\" decoding=\"async\" width=\"788\" height=\"685\" src=\"http:\/\/www.fisios.net\/wp-content\/uploads\/2022\/11\/fisioestetica-postoperatoria.png\" alt=\"\" class=\"wp-image-1759\" srcset=\"https:\/\/www.fisios.net\/wp-content\/uploads\/2022\/11\/fisioestetica-postoperatoria.png 788w, https:\/\/www.fisios.net\/wp-content\/uploads\/2022\/11\/fisioestetica-postoperatoria-300x261.png 300w, https:\/\/www.fisios.net\/wp-content\/uploads\/2022\/11\/fisioestetica-postoperatoria-768x668.png 768w\" sizes=\"auto, (max-width: 788px) 100vw, 788px\" \/><\/figure>\n<\/div>\n<\/div>\n\n\n\n<div class=\"wp-block-columns is-layout-flex wp-container-core-columns-is-layout-9d6595d7 wp-block-columns-is-layout-flex\">\n<div class=\"wp-block-column menu-servicios is-layout-flow wp-block-column-is-layout-flow\" style=\"flex-basis:20%\">\n<div class=\"wp-block-columns is-layout-flex wp-container-core-columns-is-layout-9d6595d7 wp-block-columns-is-layout-flex\">\n<div class=\"wp-block-column is-layout-flow wp-block-column-is-layout-flow\">\n<p>TOTS ELS TRACTAMENTS<\/p>\n\n\n\n<p><a href=\"http:\/\/www.fisios.net\/ca\/fisioterapia-maxillofacial-i-atm\/\" data-type=\"page\" data-id=\"901\">Fisioter\u00e0pia Maxilofacia i ATM<\/a> <\/p>\n\n\n\n<p><a href=\"http:\/\/www.fisios.net\/ca\/fisioterapia-sol-pelvia\/\" data-type=\"page\" data-id=\"915\">Fisioter\u00e0pia S\u00f2l Pelvi\u00e0<\/a><\/p>\n\n\n\n<p><a href=\"http:\/\/www.fisios.net\/ca\/fisioestetica-postquirurgica\/\" data-type=\"page\" data-id=\"917\">Fisioest\u00e9tica Postquir\u00fargica<\/a><\/p>\n\n\n\n<p><a href=\"http:\/\/www.fisios.net\/ca\/exercici-terapeutic-funcional\/\" data-type=\"page\" data-id=\"919\">Exercici Ter\u00e1peutico Funcional<\/a><\/p>\n\n\n\n<p><a href=\"http:\/\/www.fisios.net\/ca\/traumatoleg-esportiu\/\" data-type=\"page\" data-id=\"921\">Traumat\u00f2leg esportiu<\/a><\/p>\n\n\n\n<p><a href=\"http:\/\/www.fisios.net\/ca\/terapia-de-ma\/\" data-type=\"page\" data-id=\"923\">Ter\u00e0pia de m\u00e0<\/a><\/p>\n\n\n\n<p><a href=\"http:\/\/www.fisios.net\/ca\/acupuntura-i-medicina-tradicional-xinesa\/\" data-type=\"page\" data-id=\"925\">Acupuntura<\/a><\/p>\n\n\n\n<p><a href=\"http:\/\/www.fisios.net\/ca\/asesoramiento-lactancia-y-crianza\/\" data-type=\"page\" data-id=\"927\">Asesoramiento lactancia y crianza<\/a><\/p>\n<\/div>\n<\/div>\n<\/div>\n\n\n\n<div class=\"wp-block-column is-layout-flow wp-block-column-is-layout-flow\" style=\"flex-basis:80%\">\n<p>La fisioter\u00e0pia est\u00e8tica tamb\u00e9 coneguda com fisioest\u00e9tica \u00e9s una de les especialitats de la fisioter\u00e0pia que t\u00e9 com a objectiu millorar aquelles imperfeccions est\u00e8tiques provocades per diversos factors com ara l&#8217;edat, malalties, problemes de pes, intervencions est\u00e8tiques o quir\u00fargiques.<\/p>\n\n\n\n<p>La fisioest\u00e9tica va un pas m\u00e9s enll\u00e0 en els tradicionals tractaments de bellesa, ja que incorpora no solament beneficis a nivell est\u00e8tic sin\u00f3 tamb\u00e9 a nivell de salut.<\/p>\n\n\n\n<p>En FISIOS treballem la fisioter\u00e0pia est\u00e8tica amb la m\u00e9s nova tecnologia combinant-la amb les nostres mans per a oferir la millor experi\u00e8ncia i els millors resultats<\/p>\n\n\n\n<h2 class=\"wp-block-heading\"><strong>Tractament amb Diat\u00e8rmia o Tecarter\u00e0pia amb ter\u00e0pia manual<\/strong><\/h2>\n\n\n\n<p>Tractaments contra la cel\u00b7lulitis, encapsulamiento pr\u00f2tesis mam\u00e0ries, drenatge veno-limf\u00e0tic, reducci\u00f3 d&#8217;estries, abdominoplastia, postliposucci\u00f3, postparts, estries i cicatrius<\/p>\n\n\n\n<h2 class=\"wp-block-heading\"><strong>Tractaments amb Ones de xoc radials amb ter\u00e0pia manual<\/strong><strong><\/strong><\/h2>\n\n\n\n<p>Postliposucci\u00f3, Lip\u00f2lisis enzim\u00e0tica, Tractament d&#8217;arrugues, Cel\u00b7lulitis, Flaccidesa cut\u00e0nia, Estries<\/p>\n\n\n\n<h2 class=\"wp-block-heading\"><strong>Tractament amb vacuod\u00e8rmia amb ter\u00e0pia manual<\/strong><\/h2>\n\n\n\n<p>Edemes, ferides musculars, cicatrius, cremades, brides i retraccions, Cel\u00b7lulitis i remodelat corporal, Tonificaci\u00f3 de la pell,<\/p>\n\n\n\n<figure class=\"wp-block-image size-full\"><img loading=\"lazy\" decoding=\"async\" width=\"550\" height=\"405\" src=\"http:\/\/www.fisios.net\/wp-content\/uploads\/2023\/02\/DIATERMIA.jpg\" alt=\"\" class=\"wp-image-2189\" srcset=\"https:\/\/www.fisios.net\/wp-content\/uploads\/2023\/02\/DIATERMIA.jpg 550w, https:\/\/www.fisios.net\/wp-content\/uploads\/2023\/02\/DIATERMIA-300x221.jpg 300w\" sizes=\"auto, (max-width: 550px) 100vw, 550px\" \/><\/figure>\n<\/div>\n<\/div>\n","protected":false},"excerpt":{"rendered":"<p>FISIOEST\u00c8TICAPOSTQUIR\u00daRGICA La fisioter\u00e0pia est\u00e8tica tamb\u00e9 coneguda com fisioest\u00e9tica \u00e9s una de les especialitats de la fisioter\u00e0pia que t\u00e9 com a objectiu millorar aquelles imperfeccions est\u00e8tiques provocades per diversos factors com ara l&#8217;edat, malalties, problemes de pes, intervencions est\u00e8tiques o quir\u00fargiques. La fisioest\u00e9tica va un pas m\u00e9s enll\u00e0 en els tradicionals tractaments de bellesa, ja que [&hellip;]<\/p>\n","protected":false},"author":1,"featured_media":0,"parent":0,"menu_order":0,"comment_status":"closed","ping_status":"closed","template":"","meta":{"inline_featured_image":false,"_genesis_hide_title":false,"_genesis_hide_breadcrumbs":false,"_genesis_hide_singular_image":false,"_genesis_hide_footer_widgets":false,"_genesis_custom_body_class":"","_genesis_custom_post_class":"","_genesis_layout":"","_joinchat":[],"footnotes":""},"class_list":{"0":"post-1249","1":"page","2":"type-page","3":"status-publish","5":"entry"},"_links":{"self":[{"href":"https:\/\/www.fisios.net\/ca\/wp-json\/wp\/v2\/pages\/1249","targetHints":{"allow":["GET"]}}],"collection":[{"href":"https:\/\/www.fisios.net\/ca\/wp-json\/wp\/v2\/pages"}],"about":[{"href":"https:\/\/www.fisios.net\/ca\/wp-json\/wp\/v2\/types\/page"}],"author":[{"embeddable":true,"href":"https:\/\/www.fisios.net\/ca\/wp-json\/wp\/v2\/users\/1"}],"replies":[{"embeddable":true,"href":"https:\/\/www.fisios.net\/ca\/wp-json\/wp\/v2\/comments?post=1249"}],"version-history":[{"count":10,"href":"https:\/\/www.fisios.net\/ca\/wp-json\/wp\/v2\/pages\/1249\/revisions"}],"predecessor-version":[{"id":2344,"href":"https:\/\/www.fisios.net\/ca\/wp-json\/wp\/v2\/pages\/1249\/revisions\/2344"}],"wp:attachment":[{"href":"https:\/\/www.fisios.net\/ca\/wp-json\/wp\/v2\/media?parent=1249"}],"curies":[{"name":"wp","href":"https:\/\/api.w.org\/{rel}","templated":true}]}}