{"id":1253,"date":"2021-11-29T08:53:06","date_gmt":"2021-11-29T08:53:06","guid":{"rendered":"https:\/\/ciberesfera.es\/fisios2\/fisios-a-domicili\/"},"modified":"2023-02-15T14:44:32","modified_gmt":"2023-02-15T14:44:32","slug":"fisios-a-domicili","status":"publish","type":"page","link":"https:\/\/www.fisios.net\/ca\/fisios-a-domicili\/","title":{"rendered":"Fisios a domicili"},"content":{"rendered":"\n<div class=\"wp-block-columns is-layout-flex wp-container-core-columns-is-layout-9d6595d7 wp-block-columns-is-layout-flex\">\n<div class=\"wp-block-column p-5 has-background is-layout-flow wp-block-column-is-layout-flow\" style=\"background-color:#ffffff\">\n<div class=\"wp-block-columns align-items-center is-layout-flex wp-container-core-columns-is-layout-9d6595d7 wp-block-columns-is-layout-flex\">\n<div class=\"wp-block-column is-layout-flow wp-block-column-is-layout-flow\" style=\"flex-basis:15%\">\n<p>Premi en el logo per a anar a la p\u00e0gina de mercafisios.<\/p>\n<\/div>\n\n\n\n<div class=\"wp-block-column is-layout-flow wp-block-column-is-layout-flow\">\n<figure class=\"wp-block-image size-medium is-resized\"><a href=\"http:\/\/www.mercafisios.com\/\" target=\"_blank\" rel=\"noopener\"><img decoding=\"async\" src=\"http:\/\/www.fisios.net\/wp-content\/uploads\/\/2021\/12\/logo-mercafisios.svg\" alt=\"\" class=\"wp-image-528\" width=\"200\"\/><\/a><\/figure>\n<\/div>\n\n\n\n<div class=\"wp-block-column is-layout-flow wp-block-column-is-layout-flow\">\n<h2 class=\"wp-block-heading\">El teu centre de fisioter\u00e0pia a domicili<\/h2>\n<\/div>\n<\/div>\n\n\n\n<h2 class=\"wp-block-heading\">FISIO DOMICILI\u00c0RIA<\/h2>\n\n\n\n<p>MercaFisios posa a la teva disposici\u00f3 tota l&#8217;experi\u00e8ncia de fisios a la teva casa. Tots els professionals som fisioterapeutes titulats i col\u00b7legiats en el Col\u00b7legi de Fisioterapeutes de Catalunya. Unim professionalitat, qualitat, comoditat i un tractament personalitzat adaptant-nos a les teves necessitats. Realitzem diferents tipus de tractament:<\/p>\n\n\n\n<p>Rehabilitaci\u00f3 i Fisioter\u00e0pia: Post-intervencions quir\u00fargiques, pr\u00f2tesis de genoll, maluc, tractaments neurol\u00f2gics (ictus, hemiplexia, Parkinson), fisioter\u00e0pia en la 3a edat, fisioter\u00e0pia Post-COVID.<\/p>\n\n\n\n<p>Massoter\u00e0pia: Massatge antiestr\u00e8s, Descontracturante, Relaxant, Derivaci\u00f3 circulat\u00f2ria, Drenatge limf\u00e0tic manual, Esportiu (maso i estiraments), Fibromi\u00e0lgia i \/ o fatiga cr\u00f2nica.<\/p>\n\n\n\n<h2 class=\"wp-block-heading\">FISIOTERAPEUTA EN L&#8217;EMPRESA<\/h2>\n\n\n\n<p>Des de MercaFisios volem acostar la fisioter\u00e0pia en les mateixes depend\u00e8ncies de les organitzacions empresarials, oferint un equip de fisioterapeutes d&#8217;\u00e0mplia experi\u00e8ncia, capa\u00e7 de gestionar de manera eficient les necessitats de l&#8217;empresa. En els \u00faltims anys, s&#8217;han fet molts estudis d&#8217;avaluaci\u00f3 dels efectes de la fisioter\u00e0pia en la salut dels treballadors. I els resultats no poden ser m\u00e9s eloq\u00fcents: els beneficis tant per al treballador com per a l&#8217;empresa s\u00f3n m\u00faltiples.<\/p>\n\n\n\n<p>Millores clau per al treballador<\/p>\n\n\n\n<ul class=\"wp-block-list\">\n<li>En general, prevenci\u00f3 i disminuci\u00f3 del dolor d&#8217;esquena (cervic\u00e0lgia, dors\u00e0lgia o lumb\u00e0lgia).<\/li>\n\n\n\n<li>En tasques d&#8217;esfor\u00e7 f\u00edsic, disminuci\u00f3 de la tensi\u00f3 muscular, la fatiga i l&#8217;ansietat.<\/li>\n\n\n\n<li>En tasques directives, disminuci\u00f3 de l&#8217;estr\u00e8s, millora de la concentraci\u00f3.<\/li>\n<\/ul>\n\n\n\n<h3 class=\"wp-block-heading\">Altres millores per al treballador gr\u00e0cies a la fisioter\u00e0pia:<\/h3>\n\n\n\n<ul class=\"wp-block-list\">\n<li>Millora la qualitat de vida.<\/li>\n\n\n\n<li>Disminueix els la cefalea i la migranya.<\/li>\n\n\n\n<li>Afavoreix la circulaci\u00f3 sangu\u00ednia.<\/li>\n\n\n\n<li>Alleuja la tensi\u00f3 muscular comuna en el coll, les espatlles, els bra\u00e7os i els canells per l&#8217;\u00fas constant del teclat de l&#8217;ordinador i el ratol\u00ed.<\/li>\n\n\n\n<li>Millora la concentraci\u00f3 mental.<\/li>\n\n\n\n<li>Augmenta la motivaci\u00f3 i el comprom\u00eds.<\/li>\n<\/ul>\n\n\n\n<h3 class=\"wp-block-heading\">Millores per a l&#8217;empresa:<\/h3>\n\n\n\n<ul class=\"wp-block-list\">\n<li>Reducci\u00f3 de l&#8217;absentisme laboral, ja que una de les principals causes d&#8217;absentisme laboral s\u00f3n els problemes d&#8217;esquena.<\/li>\n\n\n\n<li>Els treballadors augmenten la seva productivitat i efic\u00e0cia.<\/li>\n\n\n\n<li>Li dona valor afegit a l&#8217;empresa i millora la seva imatge.<\/li>\n\n\n\n<li>Estalvia despeses gr\u00e0cies a l&#8217;increment en la productivitat i motivaci\u00f3 personal.<\/li>\n\n\n\n<li>Promou un millor ambient laboral ja que els treballadors es trobaran m\u00e9s relaxats i satisfets.<\/li>\n\n\n\n<li>Estalvia despeses generades per baixes de malaltia i absentisme laboral.<\/li>\n\n\n\n<li>Redueix costos associats amb malalties originades per estr\u00e8s.<\/li>\n\n\n\n<li>Disminueix possibles reclamacions originades per l&#8217;esfor\u00e7.<\/li>\n\n\n\n<li>Millora la salut dels treballadors.<\/li>\n\n\n\n<li>Els empleats es senten valorats i estimats per l&#8217;empresa.<\/li>\n<\/ul>\n\n\n\n<figure class=\"wp-block-image size-large fototratamiento\"><img loading=\"lazy\" decoding=\"async\" width=\"1024\" height=\"484\" src=\"http:\/\/www.fisios.net\/wp-content\/uploads\/2021\/12\/imagen-slider-low-1024x484.jpg\" alt=\"\" class=\"wp-image-488\" srcset=\"https:\/\/www.fisios.net\/wp-content\/uploads\/2021\/12\/imagen-slider-low-1024x484.jpg 1024w, https:\/\/www.fisios.net\/wp-content\/uploads\/2021\/12\/imagen-slider-low-300x142.jpg 300w, https:\/\/www.fisios.net\/wp-content\/uploads\/2021\/12\/imagen-slider-low-768x363.jpg 768w, https:\/\/www.fisios.net\/wp-content\/uploads\/2021\/12\/imagen-slider-low.jpg 1400w\" sizes=\"auto, (max-width: 1024px) 100vw, 1024px\" \/><\/figure>\n<\/div>\n<\/div>\n","protected":false},"excerpt":{"rendered":"<p>Premi en el logo per a anar a la p\u00e0gina de mercafisios. El teu centre de fisioter\u00e0pia a domicili FISIO DOMICILI\u00c0RIA MercaFisios posa a la teva disposici\u00f3 tota l&#8217;experi\u00e8ncia de fisios a la teva casa. Tots els professionals som fisioterapeutes titulats i col\u00b7legiats en el Col\u00b7legi de Fisioterapeutes de Catalunya. Unim professionalitat, qualitat, comoditat i [&hellip;]<\/p>\n","protected":false},"author":1,"featured_media":0,"parent":0,"menu_order":0,"comment_status":"closed","ping_status":"closed","template":"","meta":{"inline_featured_image":false,"_genesis_hide_title":false,"_genesis_hide_breadcrumbs":false,"_genesis_hide_singular_image":false,"_genesis_hide_footer_widgets":false,"_genesis_custom_body_class":"","_genesis_custom_post_class":"","_genesis_layout":"","_joinchat":[],"footnotes":""},"class_list":{"0":"post-1253","1":"page","2":"type-page","3":"status-publish","5":"entry"},"_links":{"self":[{"href":"https:\/\/www.fisios.net\/ca\/wp-json\/wp\/v2\/pages\/1253","targetHints":{"allow":["GET"]}}],"collection":[{"href":"https:\/\/www.fisios.net\/ca\/wp-json\/wp\/v2\/pages"}],"about":[{"href":"https:\/\/www.fisios.net\/ca\/wp-json\/wp\/v2\/types\/page"}],"author":[{"embeddable":true,"href":"https:\/\/www.fisios.net\/ca\/wp-json\/wp\/v2\/users\/1"}],"replies":[{"embeddable":true,"href":"https:\/\/www.fisios.net\/ca\/wp-json\/wp\/v2\/comments?post=1253"}],"version-history":[{"count":5,"href":"https:\/\/www.fisios.net\/ca\/wp-json\/wp\/v2\/pages\/1253\/revisions"}],"predecessor-version":[{"id":2328,"href":"https:\/\/www.fisios.net\/ca\/wp-json\/wp\/v2\/pages\/1253\/revisions\/2328"}],"wp:attachment":[{"href":"https:\/\/www.fisios.net\/ca\/wp-json\/wp\/v2\/media?parent=1253"}],"curies":[{"name":"wp","href":"https:\/\/api.w.org\/{rel}","templated":true}]}}