{"id":1255,"date":"2021-11-29T09:11:18","date_gmt":"2021-11-29T09:11:18","guid":{"rendered":"https:\/\/ciberesfera.es\/fisios2\/fisioterapia\/"},"modified":"2023-02-15T14:38:18","modified_gmt":"2023-02-15T14:38:18","slug":"fisioterapia","status":"publish","type":"page","link":"https:\/\/www.fisios.net\/ca\/fisioterapia\/","title":{"rendered":"Fisioter\u00e0pia"},"content":{"rendered":"\n<div class=\"wp-block-columns align-items-center is-layout-flex wp-container-core-columns-is-layout-9d6595d7 wp-block-columns-is-layout-flex\">\n<div class=\"wp-block-column is-layout-flow wp-block-column-is-layout-flow\">\n<h1 class=\"has-theme-secondary-color has-text-color wp-block-heading\">FISIOTER\u00c0PIA<\/h1>\n<\/div>\n\n\n\n<div class=\"wp-block-column is-layout-flow wp-block-column-is-layout-flow\">\n<figure class=\"wp-block-image size-full\"><img loading=\"lazy\" decoding=\"async\" width=\"788\" height=\"685\" src=\"http:\/\/www.fisios.net\/wp-content\/uploads\/2022\/11\/fisioterapia.png\" alt=\"\" class=\"wp-image-1723\" srcset=\"https:\/\/www.fisios.net\/wp-content\/uploads\/2022\/11\/fisioterapia.png 788w, https:\/\/www.fisios.net\/wp-content\/uploads\/2022\/11\/fisioterapia-300x261.png 300w, https:\/\/www.fisios.net\/wp-content\/uploads\/2022\/11\/fisioterapia-768x668.png 768w\" sizes=\"auto, (max-width: 788px) 100vw, 788px\" \/><\/figure>\n<\/div>\n<\/div>\n\n\n\n<div class=\"wp-block-columns is-layout-flex wp-container-core-columns-is-layout-9d6595d7 wp-block-columns-is-layout-flex\">\n<div class=\"wp-block-column menu-servicios is-layout-flow wp-block-column-is-layout-flow\" style=\"flex-basis:20%\">\n<p>TOTS ELS TRACTAMENTS<\/p>\n\n<p><a href=\"http:\/\/www.fisios.net\/ca\/fisioterapia\/\" data-type=\"page\" data-id=\"172\">Fisioter\u00e0pia<\/a><\/p>\n\n<p><a href=\"http:\/\/www.fisios.net\/ca\/osteopatia-estructural\/\" data-type=\"page\" data-id=\"119\">Osteopatia estructural<\/a><\/p>\n\n<p><a href=\"http:\/\/www.fisios.net\/ca\/tecarterapia-diatermia\/\" data-type=\"page\" data-id=\"174\">Tercaterapia Diatermia<\/a><\/p>\n\n<p><a href=\"http:\/\/www.fisios.net\/ca\/ones-de-xoc\/\" data-type=\"page\" data-id=\"176\">Ones de xoc radials<\/a><\/p>\n\n<p><a href=\"http:\/\/www.fisios.net\/ca\/presoterapia\/\" data-type=\"page\" data-id=\"178\">Presoterapia<\/a><\/p>\n\n<p><a href=\"http:\/\/www.fisios.net\/ca\/magnetoterapia\/\" data-type=\"page\" data-id=\"180\">Magnetoterapia<\/a><\/p>\n\n<p><a href=\"http:\/\/www.fisios.net\/ca\/puncio-seca\/\" data-type=\"page\" data-id=\"985\">Punci\u00f3 Seca<\/a><\/p>\n\n<p><a href=\"http:\/\/www.fisios.net\/ca\/massatges\/\" data-type=\"page\" data-id=\"186\">Massatges<\/a><\/p>\n\n<p><a href=\"http:\/\/www.fisios.net\/ca\/vacudermia-o-tractament-de-teixits-controlat\/\" data-type=\"page\" data-id=\"992\">Vacudermia o tractament de teixits controlat<\/a><\/p>\n<\/div>\n\n\n\n<div class=\"wp-block-column is-layout-flow wp-block-column-is-layout-flow\" style=\"flex-basis:80%\">\n<p>La fisioter\u00e0pia constitueix una professi\u00f3 aut\u00f2noma i amb identitat pr\u00f2pia dins de l&#8217;\u00e0mbit sanitari. L&#8217;objectiu de la fisioter\u00e0pia \u00e9s preservar, restablir i augmentar el nivell de salut dels ciutadans amb la finalitat de millorar les condicions de vida de la persona i de la comunitat. Aix\u00ed, la fisioter\u00e0pia tracta la prevenci\u00f3, la promoci\u00f3, el manteniment i la recuperaci\u00f3 de la funcionalitat mitjan\u00e7ant qualsevol mig manual, f\u00edsic i qu\u00edmic.<\/p>\n\n\n\n<p>El fisioterapeuta \u00e9s el professional que, una vegada obtingut el T\u00edtol Oficial de Grau en Fisioter\u00e0pia, exclusivament obtingut a trav\u00e9s de les diferents universitats del pa\u00eds i estrangeres homologades, desenvolupa la seva professi\u00f3 en l&#8217;\u00e0mbit assistencial, docent, investigador i de gesti\u00f3.<\/p>\n\n\n\n<figure class=\"wp-block-image size-full is-resized\"><img decoding=\"async\" src=\"http:\/\/www.fisios.net\/wp-content\/uploads\/2021\/12\/fis.jpg\" alt=\"\" class=\"wp-image-440\" width=\"500\" srcset=\"https:\/\/www.fisios.net\/wp-content\/uploads\/2021\/12\/fis.jpg 1024w, https:\/\/www.fisios.net\/wp-content\/uploads\/2021\/12\/fis-300x189.jpg 300w, https:\/\/www.fisios.net\/wp-content\/uploads\/2021\/12\/fis-768x483.jpg 768w\" sizes=\"(max-width: 1024px) 100vw, 1024px\" \/><\/figure>\n\n\n\n<h2 class=\"wp-block-heading\">Tipus de fisioter\u00e0pia realitzades en FISIOS<\/h2>\n\n\n\n<div class=\"wp-block-pb-accordion-item c-accordion__item js-accordion-item no-js\" data-initially-open=\"false\" data-click-to-close=\"true\" data-auto-close=\"true\" data-scroll=\"false\" data-scroll-offset=\"0\"><h2 id=\"at-12550\" class=\"c-accordion__title js-accordion-controller\" role=\"button\">Esportiva<\/h2><div id=\"ac-12550\" class=\"c-accordion__content\">\n<p class=\"p-3\">Recuperaci\u00f3 post-esfor\u00e7, trencaments musculars, contractures, massatge esportiu (escalfament i refredament), estiraments d&#8217;estructures musculars, embenatges funcionals, potenciaci\u00f3 muscular, Stretching i correcci\u00f3 postural.<\/p>\n<\/div><\/div>\n\n\n\n<div class=\"wp-block-pb-accordion-item c-accordion__item js-accordion-item no-js\" data-initially-open=\"false\" data-click-to-close=\"true\" data-auto-close=\"true\" data-scroll=\"false\" data-scroll-offset=\"0\"><h2 id=\"at-12551\" class=\"c-accordion__title js-accordion-controller\" role=\"button\">Traumatol\u00f2gica<\/h2><div id=\"ac-12551\" class=\"c-accordion__content\">\n<p>Esquin\u00e7os, fractures, luxacions, cervic\u00e0lgies, dors\u00e0lgies, lumb\u00e0lgies, lesions esportives, escoliosi, recuperaci\u00f3 postoperat\u00f2ria,\u2026<\/p>\n<\/div><\/div>\n\n\n\n<div class=\"wp-block-pb-accordion-item c-accordion__item js-accordion-item no-js\" data-initially-open=\"false\" data-click-to-close=\"true\" data-auto-close=\"true\" data-scroll=\"false\" data-scroll-offset=\"0\"><h2 id=\"at-12552\" class=\"c-accordion__title js-accordion-controller\" role=\"button\">Reumatol\u00f2gica<\/h2><div id=\"ac-12552\" class=\"c-accordion__content\">\n<p>Artrosi, artritis, fibromi\u00e0lgia, calcificacions, osteoporosis, espondiloartritis, fibromi\u00e0lgia, h\u00e0l\u00b7lux valgus,\u2026<\/p>\n<\/div><\/div>\n\n\n\n<div class=\"wp-block-pb-accordion-item c-accordion__item js-accordion-item no-js\" data-initially-open=\"false\" data-click-to-close=\"true\" data-auto-close=\"true\" data-scroll=\"false\" data-scroll-offset=\"0\"><h2 id=\"at-12553\" class=\"c-accordion__title js-accordion-controller\" role=\"button\">Neurol\u00f2gica<\/h2><div id=\"ac-12553\" class=\"c-accordion__content\">\n<p>Ci\u00e0tica, h\u00e8rnia discal, hemiplexia, esclerosi m\u00faltiple, p\u00e1rkinson, par\u00e0lisi nerviosa, TCE, lesi\u00f3 medul\u00b7lar, esclerosi lateral amiotr\u00f2fica, lesions medul\u00b7lars, lesions neurol\u00f2giques perif\u00e8riques, polineuropat\u00edas, distr\u00f2fies musculars, marxa patol\u00f2gica, reeducaci\u00f3 postural, ergonomia.<\/p>\n<\/div><\/div>\n\n\n\n<div class=\"wp-block-pb-accordion-item c-accordion__item js-accordion-item no-js\" data-initially-open=\"false\" data-click-to-close=\"true\" data-auto-close=\"true\" data-scroll=\"false\" data-scroll-offset=\"0\"><h2 id=\"at-12554\" class=\"c-accordion__title js-accordion-controller\" role=\"button\">Geri\u00e0trica<\/h2><div id=\"ac-12554\" class=\"c-accordion__content\">\n<p class=\"p-3\">Artritis i osteoartritis, reempla\u00e7aments articulars, fractures de maluc, desordres de la coordinaci\u00f3 i l&#8217;equilibri, parkinson, vessament cerebral, seq\u00fceles de c\u00e0ncer, amputaci\u00f3, dem\u00e8ncia i Alzheimer, limitacions funcionals relacionades amb la mobilitat, malalties card\u00edaques i pulmonars<\/p>\n<\/div><\/div>\n\n\n\n<div class=\"wp-block-pb-accordion-item c-accordion__item js-accordion-item no-js\" data-initially-open=\"false\" data-click-to-close=\"true\" data-auto-close=\"true\" data-scroll=\"false\" data-scroll-offset=\"0\"><h2 id=\"at-12555\" class=\"c-accordion__title js-accordion-controller\" role=\"button\">Oncol\u00f2gica<\/h2><div id=\"ac-12555\" class=\"c-accordion__content\">\n<p>\u00c9s el tractament d&#8217;elecci\u00f3 per a abordar la major part de les conseq\u00fc\u00e8ncies o seq\u00fceles f\u00edsiques derivades del tractament de qualsevol tipus de neopl\u00e0sia. L&#8217;objectiu \u00e9s millorar la qualitat de vida dels pacients si pot ser abans, durant i despr\u00e9s de la cirurgia, la quimioter\u00e0pia, la immunoter\u00e0pia i la radioter\u00e0pia, aix\u00ed com la seva posterior reincorporaci\u00f3 a la vida normal.<\/p>\n\n\n\n<p>El tractament fisioterap\u00e8utic es dissenya en funci\u00f3 de les necessitats de cada pacient i el tipus de c\u00e0ncer al qual ens enfrontem.<\/p>\n\n\n\n<p>Tractament de les cicatrius i adher\u00e8ncies, Tractament muscular (SDM), Recuperaci\u00f3 de la mobilitat articular, Control motor (estabilitat i coordinaci\u00f3), Exercicis respiratoris i recuperaci\u00f3 del patr\u00f3 fisiol\u00f2gic, Reeducaci\u00f3 postural i estiraments, Prescripci\u00f3 d&#8217;exercici aer\u00f2bic i de for\u00e7a a nivell terap\u00e8utic<\/p>\n<\/div><\/div>\n<\/div>\n<\/div>\n","protected":false},"excerpt":{"rendered":"<p>FISIOTER\u00c0PIA La fisioter\u00e0pia constitueix una professi\u00f3 aut\u00f2noma i amb identitat pr\u00f2pia dins de l&#8217;\u00e0mbit sanitari. L&#8217;objectiu de la fisioter\u00e0pia \u00e9s preservar, restablir i augmentar el nivell de salut dels ciutadans amb la finalitat de millorar les condicions de vida de la persona i de la comunitat. Aix\u00ed, la fisioter\u00e0pia tracta la prevenci\u00f3, la promoci\u00f3, el [&hellip;]<\/p>\n","protected":false},"author":1,"featured_media":0,"parent":0,"menu_order":0,"comment_status":"closed","ping_status":"closed","template":"","meta":{"inline_featured_image":false,"_genesis_hide_title":false,"_genesis_hide_breadcrumbs":false,"_genesis_hide_singular_image":false,"_genesis_hide_footer_widgets":false,"_genesis_custom_body_class":"","_genesis_custom_post_class":"","_genesis_layout":"","_joinchat":[],"footnotes":""},"class_list":{"0":"post-1255","1":"page","2":"type-page","3":"status-publish","5":"entry"},"_links":{"self":[{"href":"https:\/\/www.fisios.net\/ca\/wp-json\/wp\/v2\/pages\/1255","targetHints":{"allow":["GET"]}}],"collection":[{"href":"https:\/\/www.fisios.net\/ca\/wp-json\/wp\/v2\/pages"}],"about":[{"href":"https:\/\/www.fisios.net\/ca\/wp-json\/wp\/v2\/types\/page"}],"author":[{"embeddable":true,"href":"https:\/\/www.fisios.net\/ca\/wp-json\/wp\/v2\/users\/1"}],"replies":[{"embeddable":true,"href":"https:\/\/www.fisios.net\/ca\/wp-json\/wp\/v2\/comments?post=1255"}],"version-history":[{"count":16,"href":"https:\/\/www.fisios.net\/ca\/wp-json\/wp\/v2\/pages\/1255\/revisions"}],"predecessor-version":[{"id":2316,"href":"https:\/\/www.fisios.net\/ca\/wp-json\/wp\/v2\/pages\/1255\/revisions\/2316"}],"wp:attachment":[{"href":"https:\/\/www.fisios.net\/ca\/wp-json\/wp\/v2\/media?parent=1255"}],"curies":[{"name":"wp","href":"https:\/\/api.w.org\/{rel}","templated":true}]}}