{"id":1257,"date":"2021-11-29T09:25:32","date_gmt":"2021-11-29T09:25:32","guid":{"rendered":"https:\/\/ciberesfera.es\/fisios2\/fisioterapia-esportiva\/"},"modified":"2022-10-20T16:00:59","modified_gmt":"2022-10-20T16:00:59","slug":"fisioterapia-esportiva","status":"publish","type":"page","link":"https:\/\/www.fisios.net\/ca\/fisioterapia-esportiva\/","title":{"rendered":"Fisioter\u00e0pia esportiva"},"content":{"rendered":"\n<p>En FISIOS comptem amb el traumat\u00f2leg esportiu Dr. Josep Anton Laucirica Alaber, el qual analitzar\u00e0, diagn\u00f3sticar\u00e1 i oferir\u00e0 les millors solucions davant la teva situaci\u00f3.<\/p>\n\n<figure class=\"wp-block-image\"><img decoding=\"async\" src=\"http:\/\/www.fisios.net\/wp-content\/uploads\/2019\/12\/fiioterapia-deportiva.png\" alt=\"\"\/><\/figure>\n\n<h2 class=\"wp-block-heading\">Dins del nostre servei de fisioter\u00e0pia esportiva, cobrim:<\/h2>\n\n<ol class=\"wp-block-list\"><li>Consulta de traumatologia esportiva general<\/li><li>Lesions tendinoses, osteoarticulars agudes o cr\u00f2niques<\/li><li>Segones opinions en cirurgia ortop\u00e8dica<\/li><li>Valoraci\u00f3 de proves complement\u00e0ries<\/li><li>Tractaments al\u00b7lop\u00e0tics i homeop\u00e0tics<\/li><li>Biopuntura i infiltracions intraarticulars, subcut\u00e0nies o intrad\u00e8rmiques<\/li><li>Orientaci\u00f3 diagn\u00f2stica sobre lesions en esquena, colze, nina, maluc, genoll, turmell, peu, entre altres<\/li><li>Homeopatia esportiva<\/li><\/ol>\n\n<h4 class=\"wp-block-heading\">Preu visita: 30\u20ac<\/h4>\n\n<p><\/p>\n","protected":false},"excerpt":{"rendered":"<p>En FISIOS comptem amb el traumat\u00f2leg esportiu Dr. Josep Anton Laucirica Alaber, el qual analitzar\u00e0, diagn\u00f3sticar\u00e1 i oferir\u00e0 les millors solucions davant la teva situaci\u00f3. Dins del nostre servei de fisioter\u00e0pia esportiva, cobrim: Consulta de traumatologia esportiva general Lesions tendinoses, osteoarticulars agudes o cr\u00f2niques Segones opinions en cirurgia ortop\u00e8dica Valoraci\u00f3 de proves complement\u00e0ries Tractaments al\u00b7lop\u00e0tics [&hellip;]<\/p>\n","protected":false},"author":1,"featured_media":0,"parent":0,"menu_order":0,"comment_status":"closed","ping_status":"closed","template":"","meta":{"inline_featured_image":false,"_genesis_hide_title":false,"_genesis_hide_breadcrumbs":false,"_genesis_hide_singular_image":false,"_genesis_hide_footer_widgets":false,"_genesis_custom_body_class":"","_genesis_custom_post_class":"","_genesis_layout":"","_joinchat":[],"footnotes":""},"class_list":{"0":"post-1257","1":"page","2":"type-page","3":"status-publish","5":"entry"},"_links":{"self":[{"href":"https:\/\/www.fisios.net\/ca\/wp-json\/wp\/v2\/pages\/1257","targetHints":{"allow":["GET"]}}],"collection":[{"href":"https:\/\/www.fisios.net\/ca\/wp-json\/wp\/v2\/pages"}],"about":[{"href":"https:\/\/www.fisios.net\/ca\/wp-json\/wp\/v2\/types\/page"}],"author":[{"embeddable":true,"href":"https:\/\/www.fisios.net\/ca\/wp-json\/wp\/v2\/users\/1"}],"replies":[{"embeddable":true,"href":"https:\/\/www.fisios.net\/ca\/wp-json\/wp\/v2\/comments?post=1257"}],"version-history":[{"count":1,"href":"https:\/\/www.fisios.net\/ca\/wp-json\/wp\/v2\/pages\/1257\/revisions"}],"predecessor-version":[{"id":1258,"href":"https:\/\/www.fisios.net\/ca\/wp-json\/wp\/v2\/pages\/1257\/revisions\/1258"}],"wp:attachment":[{"href":"https:\/\/www.fisios.net\/ca\/wp-json\/wp\/v2\/media?parent=1257"}],"curies":[{"name":"wp","href":"https:\/\/api.w.org\/{rel}","templated":true}]}}