{"id":1259,"date":"2022-09-02T15:12:17","date_gmt":"2022-09-02T15:12:17","guid":{"rendered":"https:\/\/ciberesfera.es\/fisios2\/fisioterapia-maxillofacial-i-atm\/"},"modified":"2023-02-15T14:48:00","modified_gmt":"2023-02-15T14:48:00","slug":"fisioterapia-maxillofacial-i-atm","status":"publish","type":"page","link":"https:\/\/www.fisios.net\/ca\/fisioterapia-maxillofacial-i-atm\/","title":{"rendered":"Fisioter\u00e0pia Maxil\u00b7lofacial i ATM"},"content":{"rendered":"\n<div class=\"wp-block-columns align-items-center is-layout-flex wp-container-core-columns-is-layout-9d6595d7 wp-block-columns-is-layout-flex\">\n<div class=\"wp-block-column is-layout-flow wp-block-column-is-layout-flow\">\n<h1 class=\"has-theme-secondary-color has-text-color wp-block-heading\">FISIOTER\u00c0PIA MAXIL.LOFACIAL I ATM<\/h1>\n<\/div>\n\n\n\n<div class=\"wp-block-column is-layout-flow wp-block-column-is-layout-flow\">\n<figure class=\"wp-block-image size-full\"><img loading=\"lazy\" decoding=\"async\" width=\"788\" height=\"685\" src=\"http:\/\/www.fisios.net\/wp-content\/uploads\/2022\/11\/isioterapia-maxilofacia-atm.png\" alt=\"\" class=\"wp-image-1750\" srcset=\"https:\/\/www.fisios.net\/wp-content\/uploads\/2022\/11\/isioterapia-maxilofacia-atm.png 788w, https:\/\/www.fisios.net\/wp-content\/uploads\/2022\/11\/isioterapia-maxilofacia-atm-300x261.png 300w, https:\/\/www.fisios.net\/wp-content\/uploads\/2022\/11\/isioterapia-maxilofacia-atm-768x668.png 768w\" sizes=\"auto, (max-width: 788px) 100vw, 788px\" \/><\/figure>\n<\/div>\n<\/div>\n\n\n\n<div class=\"wp-block-columns is-layout-flex wp-container-core-columns-is-layout-9d6595d7 wp-block-columns-is-layout-flex\">\n<div class=\"wp-block-column menu-servicios is-layout-flow wp-block-column-is-layout-flow\" style=\"flex-basis:20%\">\n<div class=\"wp-block-columns is-layout-flex wp-container-core-columns-is-layout-9d6595d7 wp-block-columns-is-layout-flex\">\n<div class=\"wp-block-column is-layout-flow wp-block-column-is-layout-flow\">\n<p>TOTS ELS TRACTAMENTS<\/p>\n\n\n\n<p><a href=\"http:\/\/www.fisios.net\/ca\/fisioterapia-maxillofacial-i-atm\/\" data-type=\"page\" data-id=\"901\">Fisioter\u00e0pia Maxilofacia i ATM<\/a> <\/p>\n\n\n\n<p><a href=\"http:\/\/www.fisios.net\/ca\/fisioterapia-sol-pelvia\/\" data-type=\"page\" data-id=\"915\">Fisioter\u00e0pia S\u00f2l Pelvi\u00e0<\/a><\/p>\n\n\n\n<p><a href=\"http:\/\/www.fisios.net\/ca\/fisioestetica-postquirurgica\/\" data-type=\"page\" data-id=\"917\">Fisioest\u00e9tica Postquir\u00fargica<\/a><\/p>\n\n\n\n<p><a href=\"http:\/\/www.fisios.net\/ca\/exercici-terapeutic-funcional\/\" data-type=\"page\" data-id=\"919\">Exercici Ter\u00e1peutico Funcional<\/a><\/p>\n\n\n\n<p><a href=\"http:\/\/www.fisios.net\/ca\/traumatoleg-esportiu\/\" data-type=\"page\" data-id=\"921\">Traumat\u00f2leg esportiu<\/a><\/p>\n\n\n\n<p><a href=\"http:\/\/www.fisios.net\/ca\/terapia-de-ma\/\" data-type=\"page\" data-id=\"923\">Ter\u00e0pia de m\u00e0<\/a><\/p>\n\n\n\n<p><a href=\"http:\/\/www.fisios.net\/ca\/acupuntura-i-medicina-tradicional-xinesa\/\" data-type=\"page\" data-id=\"925\">Acupuntura<\/a><\/p>\n\n\n\n<p><a href=\"http:\/\/www.fisios.net\/ca\/asesoramiento-lactancia-y-crianza\/\" data-type=\"page\" data-id=\"927\">Asesoramiento lactancia y crianza<\/a><\/p>\n<\/div>\n<\/div>\n<\/div>\n\n\n\n<div class=\"wp-block-column is-layout-flow wp-block-column-is-layout-flow\" style=\"flex-basis:80%\">\n<p>La fisioter\u00e0pia de l&#8217;articulaci\u00f3 temporomandibular tracta els dolors de la musculatura masticadora i la mobilitat de l&#8217;articulaci\u00f3, aix\u00ed com els problemes cervicals, cefalees i dolor orofacial associats.<\/p>\n\n\n\n<p>Ajudar a millorar l&#8217;estat de la musculatura pr\u00f2pia de l&#8217;articulaci\u00f3 temporomandibular (ATM) i la que interv\u00e9 a dist\u00e0ncia, el moviment propi (qualitat, quantitat i coordinaci\u00f3 entre totes dues articulacions) i sobretot al fet que disminueixi o desaparegui el dolor. Aquest \u00e9s l&#8217;objectiu de la fisioter\u00e0pia ATM.<\/p>\n\n\n\n<p>L&#8217;articulaci\u00f3 temporomandibular (ATM) \u00e9s l&#8217;articulaci\u00f3 que est\u00e0 entre l&#8217;os temporal i la mand\u00edbula i la que ens permet parlar, mastegar i badallar. Els trastorns de la ATM s\u00f3n unes alteracions que causen dolor i disfunci\u00f3 en les articulacions i m\u00fasculs que controlen el moviment de la mand\u00edbula.<\/p>\n\n\n\n<p>Les t\u00e8cniques de manipulaci\u00f3 i\/o mobilitzaci\u00f3 que practica el fisioterapeuta per a diagnosticar i tractar els teixits tous i les estructures articulars permeten:<\/p>\n\n\n\n<ul class=\"wp-block-list\">\n<li>Pal\u00b7liar el dolor.<\/li>\n\n\n\n<li>Incrementar el rang de moviment.<\/li>\n\n\n\n<li>Reduir o eliminar la inflamaci\u00f3 dels teixits tous.<\/li>\n\n\n\n<li>Induir la relaxaci\u00f3.<\/li>\n<\/ul>\n\n\n\n<figure class=\"wp-block-image size-full\"><img loading=\"lazy\" decoding=\"async\" width=\"938\" height=\"983\" src=\"http:\/\/www.fisios.net\/wp-content\/uploads\/2022\/09\/image.png\" alt=\"\" class=\"wp-image-1012\" srcset=\"https:\/\/www.fisios.net\/wp-content\/uploads\/2022\/09\/image.png 938w, https:\/\/www.fisios.net\/wp-content\/uploads\/2022\/09\/image-286x300.png 286w, https:\/\/www.fisios.net\/wp-content\/uploads\/2022\/09\/image-768x805.png 768w\" sizes=\"auto, (max-width: 938px) 100vw, 938px\" \/><\/figure>\n<\/div>\n<\/div>\n\n\n","protected":false},"excerpt":{"rendered":"<p>FISIOTER\u00c0PIA MAXIL.LOFACIAL I ATM La fisioter\u00e0pia de l&#8217;articulaci\u00f3 temporomandibular tracta els dolors de la musculatura masticadora i la mobilitat de l&#8217;articulaci\u00f3, aix\u00ed com els problemes cervicals, cefalees i dolor orofacial associats. Ajudar a millorar l&#8217;estat de la musculatura pr\u00f2pia de l&#8217;articulaci\u00f3 temporomandibular (ATM) i la que interv\u00e9 a dist\u00e0ncia, el moviment propi (qualitat, quantitat i [&hellip;]<\/p>\n","protected":false},"author":1,"featured_media":0,"parent":0,"menu_order":0,"comment_status":"closed","ping_status":"closed","template":"","meta":{"inline_featured_image":false,"_genesis_hide_title":false,"_genesis_hide_breadcrumbs":false,"_genesis_hide_singular_image":false,"_genesis_hide_footer_widgets":false,"_genesis_custom_body_class":"","_genesis_custom_post_class":"","_genesis_layout":"","_joinchat":[],"footnotes":""},"class_list":{"0":"post-1259","1":"page","2":"type-page","3":"status-publish","5":"entry"},"_links":{"self":[{"href":"https:\/\/www.fisios.net\/ca\/wp-json\/wp\/v2\/pages\/1259","targetHints":{"allow":["GET"]}}],"collection":[{"href":"https:\/\/www.fisios.net\/ca\/wp-json\/wp\/v2\/pages"}],"about":[{"href":"https:\/\/www.fisios.net\/ca\/wp-json\/wp\/v2\/types\/page"}],"author":[{"embeddable":true,"href":"https:\/\/www.fisios.net\/ca\/wp-json\/wp\/v2\/users\/1"}],"replies":[{"embeddable":true,"href":"https:\/\/www.fisios.net\/ca\/wp-json\/wp\/v2\/comments?post=1259"}],"version-history":[{"count":7,"href":"https:\/\/www.fisios.net\/ca\/wp-json\/wp\/v2\/pages\/1259\/revisions"}],"predecessor-version":[{"id":2333,"href":"https:\/\/www.fisios.net\/ca\/wp-json\/wp\/v2\/pages\/1259\/revisions\/2333"}],"wp:attachment":[{"href":"https:\/\/www.fisios.net\/ca\/wp-json\/wp\/v2\/media?parent=1259"}],"curies":[{"name":"wp","href":"https:\/\/api.w.org\/{rel}","templated":true}]}}