{"id":1263,"date":"2021-11-15T21:44:17","date_gmt":"2021-11-15T21:44:17","guid":{"rendered":"https:\/\/ciberesfera.es\/fisios2\/home\/"},"modified":"2025-12-01T08:44:07","modified_gmt":"2025-12-01T08:44:07","slug":"home","status":"publish","type":"page","link":"https:\/\/www.fisios.net\/ca\/","title":{"rendered":"Home"},"content":{"rendered":"\n<div class=\"wp-block-columns is-layout-flex wp-container-core-columns-is-layout-9d6595d7 wp-block-columns-is-layout-flex\">\n<div class=\"wp-block-column is-layout-flow wp-block-column-is-layout-flow\" style=\"flex-basis:100%\">\n<div class=\"wp-block-columns align-items-center is-layout-flex wp-container-core-columns-is-layout-9d6595d7 wp-block-columns-is-layout-flex\">\n<div class=\"wp-block-column is-layout-flow wp-block-column-is-layout-flow\">\n<p class=\"oswaldBold has-text-color\" style=\"color:#0e6ae1;font-size:32px\"><strong>ENS IMPORTA LA TEVA SALUT<\/strong><\/p>\n\n\n\n<h1 class=\"ps-5 has-theme-secondary-color has-text-color wp-block-heading\">FISIOS<br>EL TEU CENTRE DE FISIOTER\u00c0PIA A L&#8217;HOSPITALET<\/h1>\n\n\n\n<p class=\"cta ms-5\"><a href=\"#\">Demanar cita<\/a><\/p>\n<\/div>\n\n\n\n<div class=\"wp-block-column is-layout-flow wp-block-column-is-layout-flow\">\n<figure class=\"wp-block-image size-full\"><img loading=\"lazy\" decoding=\"async\" width=\"799\" height=\"739\" src=\"http:\/\/www.fisios.net\/wp-content\/uploads\/2023\/02\/espalda.png\" alt=\"\" class=\"wp-image-2125\" srcset=\"https:\/\/www.fisios.net\/wp-content\/uploads\/2023\/02\/espalda.png 799w, https:\/\/www.fisios.net\/wp-content\/uploads\/2023\/02\/espalda-300x277.png 300w, https:\/\/www.fisios.net\/wp-content\/uploads\/2023\/02\/espalda-768x710.png 768w\" sizes=\"auto, (max-width: 799px) 100vw, 799px\" \/><\/figure>\n<\/div>\n<\/div>\n\n\n\n<div class=\"wp-block-columns is-layout-flex wp-container-core-columns-is-layout-9d6595d7 wp-block-columns-is-layout-flex\">\n<div class=\"wp-block-column is-layout-flow wp-block-column-is-layout-flow\">\n<h2 class=\"has-theme-secondary-color has-text-color wp-block-heading\"><span class=\"text-success\">L&#8217;ESS\u00c8NCIA DE<\/span><br>FISIOS<\/h2>\n\n\n\n<p>L&#8217;objectiu i missi\u00f3 \u00e9s millorar, recuperar i ajudar a les persones amb disfunci\u00f3 f\u00edsica o s\u00edmptomes de malalties. Gr\u00e0cies a l&#8217;experi\u00e8ncia i formaci\u00f3 del nostre equip de fisios, els m\u00e8todes de treball es basen en evid\u00e8ncies cient\u00edfiques, utilitzant m\u00e8todes integrals per a millorar i actualitzar cont\u00ednuament.<\/p>\n<\/div>\n\n\n\n<div class=\"wp-block-column is-layout-flow wp-block-column-is-layout-flow\"><\/div>\n<\/div>\n<\/div>\n<\/div>\n\n\n\n<div class=\"wp-block-columns is-layout-flex wp-container-core-columns-is-layout-9d6595d7 wp-block-columns-is-layout-flex\">\n<div class=\"wp-block-column is-layout-flow wp-block-column-is-layout-flow\"><div class=\"wp-block-image\">\n<figure class=\"aligncenter size-full\"><img loading=\"lazy\" decoding=\"async\" width=\"144\" height=\"144\" src=\"http:\/\/www.fisios.net\/wp-content\/uploads\/2022\/10\/Frame-27.png\" alt=\"\" class=\"wp-image-1380\" srcset=\"https:\/\/www.fisios.net\/wp-content\/uploads\/2022\/10\/Frame-27.png 144w, https:\/\/www.fisios.net\/wp-content\/uploads\/2022\/10\/Frame-27-75x75.png 75w\" sizes=\"auto, (max-width: 144px) 100vw, 144px\" \/><\/figure>\n<\/div>\n\n\n<p class=\"has-text-align-center has-theme-primary-color has-text-color has-normal-font-size\"><strong>+20 ANYS<br>EXPERI\u00c8NCIA<\/strong><\/p>\n<\/div>\n\n\n\n<div class=\"wp-block-column is-layout-flow wp-block-column-is-layout-flow\"><div class=\"wp-block-image\">\n<figure class=\"aligncenter size-full\"><img loading=\"lazy\" decoding=\"async\" width=\"144\" height=\"144\" src=\"http:\/\/www.fisios.net\/wp-content\/uploads\/2023\/02\/Frame-27-1.png\" alt=\"\" class=\"wp-image-2392\" srcset=\"https:\/\/www.fisios.net\/wp-content\/uploads\/2023\/02\/Frame-27-1.png 144w, https:\/\/www.fisios.net\/wp-content\/uploads\/2023\/02\/Frame-27-1-75x75.png 75w\" sizes=\"auto, (max-width: 144px) 100vw, 144px\" \/><\/figure>\n<\/div>\n\n\n<p class=\"has-text-align-center has-theme-primary-color has-text-color has-normal-font-size\"><strong>ENS IMPORTA<br>EL TEU BENESTAR<\/strong><\/p>\n<\/div>\n\n\n\n<div class=\"wp-block-column is-layout-flow wp-block-column-is-layout-flow\"><div class=\"wp-block-image\">\n<figure class=\"aligncenter size-full\"><img loading=\"lazy\" decoding=\"async\" width=\"144\" height=\"144\" src=\"http:\/\/www.fisios.net\/wp-content\/uploads\/2022\/10\/Frame-27-2.png\" alt=\"\" class=\"wp-image-1385\" srcset=\"https:\/\/www.fisios.net\/wp-content\/uploads\/2022\/10\/Frame-27-2.png 144w, https:\/\/www.fisios.net\/wp-content\/uploads\/2022\/10\/Frame-27-2-75x75.png 75w\" sizes=\"auto, (max-width: 144px) 100vw, 144px\" \/><\/figure>\n<\/div>\n\n\n<p class=\"has-text-align-center has-theme-primary-color has-text-color has-normal-font-size\"><strong>SEGUIMENT<br>ACTIVACI\u00d3<\/strong><\/p>\n<\/div>\n<\/div>\n\n\n\n<div style=\"height:50px\" aria-hidden=\"true\" class=\"wp-block-spacer\"><\/div>\n\n\n\n<h2 class=\"has-text-align-center has-theme-secondary-color has-text-color wp-block-heading\">TRACTAMENTS DESTACATS<\/h2>\n\n\n\n<div style=\"height:40px\" aria-hidden=\"true\" class=\"wp-block-spacer\"><\/div>\n\n\n\n<div class=\"wp-block-columns mb-0 is-layout-flex wp-container-core-columns-is-layout-9d6595d7 wp-block-columns-is-layout-flex\">\n<div class=\"wp-block-column box has-background is-layout-flow wp-block-column-is-layout-flow\" style=\"background-color:#ffffff\">\n<figure class=\"wp-block-image size-full\"><img loading=\"lazy\" decoding=\"async\" width=\"472\" height=\"360\" src=\"http:\/\/www.fisios.net\/wp-content\/uploads\/2021\/11\/fisioterapia.png\" alt=\"\" class=\"wp-image-61\" srcset=\"https:\/\/www.fisios.net\/wp-content\/uploads\/2021\/11\/fisioterapia.png 472w, https:\/\/www.fisios.net\/wp-content\/uploads\/2021\/11\/fisioterapia-300x229.png 300w\" sizes=\"auto, (max-width: 472px) 100vw, 472px\" \/><\/figure>\n\n\n\n<h2 class=\"has-text-align-center has-theme-primary-color has-text-color wp-block-heading\">FISIOTER\u00c0PIA<\/h2>\n\n\n\n<p>El nostre equip de fisioterapeutes realitzar\u00e0 el diagn\u00f2stic corresponent i un tractament global, 100% personalitzat i adequat a les teves necessitats com a pacient.<\/p>\n\n\n\n<p><a href=\"https:\/\/www.fisios.net\/ca\/fisioterapia\/\" data-type=\"page\" data-id=\"172\">fisioter\u00e0pia<\/a><\/p>\n<\/div>\n\n\n\n<div class=\"wp-block-column box has-background is-layout-flow wp-block-column-is-layout-flow\" style=\"background-color:#ffffff\">\n<figure class=\"wp-block-image size-full\"><img loading=\"lazy\" decoding=\"async\" width=\"472\" height=\"360\" src=\"http:\/\/www.fisios.net\/wp-content\/uploads\/2021\/11\/osteopatia.png\" alt=\"\" class=\"wp-image-63\" srcset=\"https:\/\/www.fisios.net\/wp-content\/uploads\/2021\/11\/osteopatia.png 472w, https:\/\/www.fisios.net\/wp-content\/uploads\/2021\/11\/osteopatia-300x229.png 300w\" sizes=\"auto, (max-width: 472px) 100vw, 472px\" \/><\/figure>\n\n\n\n<h2 class=\"has-text-align-center has-theme-primary-color has-text-color wp-block-heading\">OSTEOPATIA ESTRUCTURAL<\/h2>\n\n\n\n<p>L&#8217;osteopatia \u00e9s un m\u00e8tode de diagn\u00f2stic i de ter\u00e0pia que s&#8217;encarrega de tractar disfuncions en la mobilitat articular i del teixit. Aquesta ter\u00e0pia hol\u00edstica ent\u00e9n el cos \u00edntegrament i s&#8217;encarrega de buscar l&#8217;arrel del problema.<\/p>\n\n\n\n<p><a href=\"https:\/\/www.fisios.net\/ca\/osteopatia-estructural\/\" data-type=\"page\" data-id=\"119\">osteopatia<\/a><\/p>\n<\/div>\n\n\n\n<div class=\"wp-block-column box has-background is-layout-flow wp-block-column-is-layout-flow\" style=\"background-color:#ffffff\">\n<figure class=\"wp-block-image size-full\"><img loading=\"lazy\" decoding=\"async\" width=\"472\" height=\"360\" src=\"http:\/\/www.fisios.net\/wp-content\/uploads\/2021\/11\/diatermia.png\" alt=\"\" class=\"wp-image-64\" srcset=\"https:\/\/www.fisios.net\/wp-content\/uploads\/2021\/11\/diatermia.png 472w, https:\/\/www.fisios.net\/wp-content\/uploads\/2021\/11\/diatermia-300x229.png 300w\" sizes=\"auto, (max-width: 472px) 100vw, 472px\" \/><\/figure>\n\n\n\n<h2 class=\"has-text-align-center has-theme-primary-color has-text-color wp-block-heading\">DIAT\u00c8RMIA<\/h2>\n\n\n\n<p>La diat\u00e8rmia o tecarter\u00e0pia \u00e9s un tipus de corrent d&#8217;alta freq\u00fc\u00e8ncia que produeix un augment de temperatura de l&#8217;interior del cos activant la regeneraci\u00f3 de teixits, augmentant l&#8217;oxigenaci\u00f3 i vascularitzaci\u00f3, reduint la inflamaci\u00f3 i accelerant la cicatritzaci\u00f3.<\/p>\n\n\n\n<p><a href=\"https:\/\/www.fisios.net\/ca\/tecarterapia-diatermia\/\" data-type=\"page\" data-id=\"174\">diatermia<\/a><\/p>\n<\/div>\n<\/div>\n\n\n\n<div class=\"wp-block-columns mb-0 is-layout-flex wp-container-core-columns-is-layout-9d6595d7 wp-block-columns-is-layout-flex\">\n<div class=\"wp-block-column box has-background is-layout-flow wp-block-column-is-layout-flow\" style=\"background-color:#ffffff\">\n<figure class=\"wp-block-image size-full\"><img loading=\"lazy\" decoding=\"async\" width=\"472\" height=\"360\" src=\"http:\/\/www.fisios.net\/wp-content\/uploads\/2021\/11\/ondas-de-choque.png\" alt=\"\" class=\"wp-image-66\" srcset=\"https:\/\/www.fisios.net\/wp-content\/uploads\/2021\/11\/ondas-de-choque.png 472w, https:\/\/www.fisios.net\/wp-content\/uploads\/2021\/11\/ondas-de-choque-300x229.png 300w\" sizes=\"auto, (max-width: 472px) 100vw, 472px\" \/><\/figure>\n\n\n\n<h2 class=\"has-text-align-center has-theme-primary-color has-text-color wp-block-heading\">ONES DE XOC<\/h2>\n\n\n\n<p>\u00c9s un tractament r\u00e0pid, segur i efica\u00e7 per a moltes patologies cr\u00f2niques i agudes. El principi actiu d&#8217;aquestes ones \u00e9s completament diferent de la ter\u00e0pia f\u00edsica de la rehabilitaci\u00f3 ja que les ones de xoc permeten tractar patologies que costen molt solucionar amb les ter\u00e0pies convencionals.<\/p>\n\n\n\n<p><a href=\"#\">ondascho<\/a><a href=\"https:\/\/www.fisios.net\/ca\/ones-de-xoc\/\" data-type=\"page\" data-id=\"176\">q<\/a><a href=\"#\">ue<\/a><\/p>\n<\/div>\n\n\n\n<div class=\"wp-block-column box has-background is-layout-flow wp-block-column-is-layout-flow\" style=\"background-color:#ffffff\">\n<figure class=\"wp-block-image size-full\"><img loading=\"lazy\" decoding=\"async\" width=\"472\" height=\"360\" src=\"http:\/\/www.fisios.net\/wp-content\/uploads\/2021\/11\/presoterapia.png\" alt=\"\" class=\"wp-image-67\" srcset=\"https:\/\/www.fisios.net\/wp-content\/uploads\/2021\/11\/presoterapia.png 472w, https:\/\/www.fisios.net\/wp-content\/uploads\/2021\/11\/presoterapia-300x229.png 300w\" sizes=\"auto, (max-width: 472px) 100vw, 472px\" \/><\/figure>\n\n\n\n<h2 class=\"has-text-align-center has-theme-primary-color has-text-color wp-block-heading\">PRESOTER\u00c0PIA<\/h2>\n\n\n\n<p>La presoter\u00e0pia \u00e9s un tractament que provoca una estimulaci\u00f3 del sistema limf\u00e0tic i sanguini mitjan\u00e7ant un sistema de compressi\u00f3 i descompressi\u00f3 a trav\u00e9s d&#8217;unes cambres d&#8217;aire que es van inflant i desinflant.<\/p>\n\n\n\n<p>Aquesta t\u00e8cnica produeix millores en la circulaci\u00f3 sangu\u00ednia i limf\u00e0tica aix\u00ed com tamb\u00e9 en l&#8217;oxigenaci\u00f3 dels teixits dels pacients. La presoter\u00e0pia \u00e9s per tant, un tractament indicat per a cames cansades, edemes o limfoedemes, hipertensi\u00f3 arterial, cel\u00b7lulitis, entre altres.<\/p>\n\n\n\n<p><a href=\"https:\/\/www.fisios.net\/ca\/presoterapia\/\" data-type=\"page\" data-id=\"178\">presoter\u00e0pia<\/a><\/p>\n\n\n\n<p><\/p>\n<\/div>\n\n\n\n<div class=\"wp-block-column box has-background is-layout-flow wp-block-column-is-layout-flow\" style=\"background-color:#ffffff\">\n<figure class=\"wp-block-image size-full\"><img loading=\"lazy\" decoding=\"async\" width=\"472\" height=\"360\" src=\"http:\/\/www.fisios.net\/wp-content\/uploads\/2021\/11\/magnetoterapia.png\" alt=\"\" class=\"wp-image-82\" srcset=\"https:\/\/www.fisios.net\/wp-content\/uploads\/2021\/11\/magnetoterapia.png 472w, https:\/\/www.fisios.net\/wp-content\/uploads\/2021\/11\/magnetoterapia-300x229.png 300w\" sizes=\"auto, (max-width: 472px) 100vw, 472px\" \/><\/figure>\n\n\n\n<h2 class=\"has-text-align-center has-theme-primary-color has-text-color wp-block-heading\">MAGNETOTER\u00c0PIA<\/h2>\n\n\n\n<p>La magnetoter\u00e0pia \u00e9s un tractament m\u00e8dic basat en l&#8217;\u00fas i aplicaci\u00f3 de camps magn\u00e8tics perqu\u00e8 reaccionin amb els ions del cos hum\u00e0. Aquesta t\u00e8cnica permet la relaxaci\u00f3 dels teixits, la qual cosa permet per exemple, una millora en la circulaci\u00f3 sangu\u00ednia del pacient.<\/p>\n\n\n\n<p>La magnetoter\u00e0pia \u00e9s molt \u00fatil per a curar inflamacions o lesions, aix\u00ed com millorar la circulaci\u00f3 sangu\u00ednia en els gots i capil\u00b7lars. A m\u00e9s, tamb\u00e9 permet augmentar les defenses org\u00e0niques, generar est\u00edmuls espec\u00edfics del metabolisme del calci en l&#8217;os, entre altres.<\/p>\n\n\n\n<p><a href=\"https:\/\/www.fisios.net\/ca\/magnetoterapia\/\" data-type=\"page\" data-id=\"180\">magnetoterapia<\/a><\/p>\n<\/div>\n<\/div>\n\n\n\n<div class=\"wp-block-columns mb-0 is-layout-flex wp-container-core-columns-is-layout-9d6595d7 wp-block-columns-is-layout-flex\">\n<div class=\"wp-block-column box has-background is-layout-flow wp-block-column-is-layout-flow\" style=\"background-color:#ffffff\">\n<figure class=\"wp-block-image size-full\"><img loading=\"lazy\" decoding=\"async\" width=\"472\" height=\"360\" src=\"http:\/\/www.fisios.net\/wp-content\/uploads\/2021\/11\/fisioestetica.png\" alt=\"\" class=\"wp-image-69\" srcset=\"https:\/\/www.fisios.net\/wp-content\/uploads\/2021\/11\/fisioestetica.png 472w, https:\/\/www.fisios.net\/wp-content\/uploads\/2021\/11\/fisioestetica-300x229.png 300w\" sizes=\"auto, (max-width: 472px) 100vw, 472px\" \/><\/figure>\n\n\n\n<h2 class=\"has-text-align-center has-theme-primary-color has-text-color wp-block-heading\">PUNCI\u00d3 SECA<\/h2>\n\n\n\n<p>La punci\u00f3 seca \u00e9s una t\u00e8cnica fisioterap\u00e8utica que utilitza agulles d&#8217;acupuntura per a tractar unes certes malalties, especialment la s\u00edndrome de dolor miofascial.<\/p>\n\n\n\n<p><a href=\"https:\/\/www.fisios.net\/ca\/puncio-seca\/\" data-type=\"page\" data-id=\"985\">puncion-seca<\/a><\/p>\n<\/div>\n\n\n\n<div class=\"wp-block-column box has-background is-layout-flow wp-block-column-is-layout-flow\" style=\"background-color:#ffffff\">\n<figure class=\"wp-block-image size-full\"><img loading=\"lazy\" decoding=\"async\" width=\"472\" height=\"360\" src=\"http:\/\/www.fisios.net\/wp-content\/uploads\/2021\/11\/accidentes-trafico.png\" alt=\"\" class=\"wp-image-70\" srcset=\"https:\/\/www.fisios.net\/wp-content\/uploads\/2021\/11\/accidentes-trafico.png 472w, https:\/\/www.fisios.net\/wp-content\/uploads\/2021\/11\/accidentes-trafico-300x229.png 300w\" sizes=\"auto, (max-width: 472px) 100vw, 472px\" \/><\/figure>\n\n\n\n<h2 class=\"has-text-align-center has-theme-primary-color has-text-color wp-block-heading\">ACCIDENTS DE TR\u00c0NSIT<\/h2>\n\n\n\n<p>FISIOS compta amb experi\u00e8ncia i capacitat legal per a realitzar la tramitaci\u00f3 amb l&#8217;asseguradora perqu\u00e8 puguis realitzar el tractament m\u00e8dic, de rehabilitaci\u00f3 i\/o proves diagn\u00f2stiques amb nosaltres. Som centre C2 de conveni CAS des de l&#8217;any 2010 i disposem d&#8217;una unitat de tr\u00e0nsit per a lesionats que hagin sofert un accident.<\/p>\n\n\n\n<p><a href=\"https:\/\/www.fisios.net\/ca\/accidents-de-transit\/\" data-type=\"page\" data-id=\"192\">accidents trafico<\/a><\/p>\n<\/div>\n\n\n\n<div class=\"wp-block-column box has-background is-layout-flow wp-block-column-is-layout-flow\" style=\"background-color:#ffffff\">\n<figure class=\"wp-block-image size-full\"><img loading=\"lazy\" decoding=\"async\" width=\"472\" height=\"360\" src=\"http:\/\/www.fisios.net\/wp-content\/uploads\/2021\/11\/masajes.png\" alt=\"\" class=\"wp-image-71\" srcset=\"https:\/\/www.fisios.net\/wp-content\/uploads\/2021\/11\/masajes.png 472w, https:\/\/www.fisios.net\/wp-content\/uploads\/2021\/11\/masajes-300x229.png 300w\" sizes=\"auto, (max-width: 472px) 100vw, 472px\" \/><\/figure>\n\n\n\n<h2 class=\"has-text-align-center has-theme-primary-color has-text-color wp-block-heading\">MASSATGES<\/h2>\n\n\n\n<p>FISIOS compta amb un equip de fisioterapeutes experts en massoter\u00e0pia. Oferim un servei 100% personalitzat que s&#8217;adapta a les teves malalties i necessitats la teva disposici\u00f3 amb diversos tipus de massatge de 30 i 50 minuts.<\/p>\n\n\n\n<p><a href=\"https:\/\/www.fisios.net\/ca\/massatges\/\" data-type=\"page\" data-id=\"186\">massatges<\/a><\/p>\n<\/div>\n<\/div>\n\n\n\n<div style=\"height:70px\" aria-hidden=\"true\" class=\"wp-block-spacer\"><\/div>\n\n\n\n<h2 class=\"has-text-align-center has-theme-secondary-color has-text-color wp-block-heading\"><span class=\"oswaldBold\">ESPECIALISTES<\/span><br>EN TRACTAMENTS DE FISIOTER\u00c0PIA<\/h2>\n\n\n\n<div style=\"height:40px\" aria-hidden=\"true\" class=\"wp-block-spacer\"><\/div>\n\n\n\n<div class=\"wp-block-columns is-layout-flex wp-container-core-columns-is-layout-9d6595d7 wp-block-columns-is-layout-flex\">\n<div class=\"wp-block-column is-layout-flow wp-block-column-is-layout-flow\">\n<figure class=\"wp-block-image size-full\"><img loading=\"lazy\" decoding=\"async\" width=\"346\" height=\"414\" src=\"http:\/\/www.fisios.net\/wp-content\/uploads\/2022\/10\/dolor.png\" alt=\"\" class=\"wp-image-1426\" srcset=\"https:\/\/www.fisios.net\/wp-content\/uploads\/2022\/10\/dolor.png 346w, https:\/\/www.fisios.net\/wp-content\/uploads\/2022\/10\/dolor-251x300.png 251w\" sizes=\"auto, (max-width: 346px) 100vw, 346px\" \/><\/figure>\n<\/div>\n\n\n\n<div class=\"wp-block-column is-layout-flow wp-block-column-is-layout-flow\">\n<figure class=\"wp-block-image size-full\"><img loading=\"lazy\" decoding=\"async\" width=\"346\" height=\"414\" src=\"http:\/\/www.fisios.net\/wp-content\/uploads\/2022\/10\/dolor-2.png\" alt=\"\" class=\"wp-image-1430\" srcset=\"https:\/\/www.fisios.net\/wp-content\/uploads\/2022\/10\/dolor-2.png 346w, https:\/\/www.fisios.net\/wp-content\/uploads\/2022\/10\/dolor-2-251x300.png 251w\" sizes=\"auto, (max-width: 346px) 100vw, 346px\" \/><\/figure>\n<\/div>\n\n\n\n<div class=\"wp-block-column is-layout-flow wp-block-column-is-layout-flow\">\n<figure class=\"wp-block-image size-full\"><img loading=\"lazy\" decoding=\"async\" width=\"346\" height=\"414\" src=\"http:\/\/www.fisios.net\/wp-content\/uploads\/2022\/10\/dolor-3.png\" alt=\"\" class=\"wp-image-1432\" srcset=\"https:\/\/www.fisios.net\/wp-content\/uploads\/2022\/10\/dolor-3.png 346w, https:\/\/www.fisios.net\/wp-content\/uploads\/2022\/10\/dolor-3-251x300.png 251w\" sizes=\"auto, (max-width: 346px) 100vw, 346px\" \/><\/figure>\n<\/div>\n\n\n\n<div class=\"wp-block-column is-layout-flow wp-block-column-is-layout-flow\">\n<figure class=\"wp-block-image size-full\"><img loading=\"lazy\" decoding=\"async\" width=\"346\" height=\"414\" src=\"http:\/\/www.fisios.net\/wp-content\/uploads\/2022\/10\/dolor-1.png\" alt=\"\" class=\"wp-image-1428\" srcset=\"https:\/\/www.fisios.net\/wp-content\/uploads\/2022\/10\/dolor-1.png 346w, https:\/\/www.fisios.net\/wp-content\/uploads\/2022\/10\/dolor-1-251x300.png 251w\" sizes=\"auto, (max-width: 346px) 100vw, 346px\" \/><\/figure>\n<\/div>\n<\/div>\n","protected":false},"excerpt":{"rendered":"<p>ENS IMPORTA LA TEVA SALUT FISIOSEL TEU CENTRE DE FISIOTER\u00c0PIA A L&#8217;HOSPITALET Demanar cita L&#8217;ESS\u00c8NCIA DEFISIOS L&#8217;objectiu i missi\u00f3 \u00e9s millorar, recuperar i ajudar a les persones amb disfunci\u00f3 f\u00edsica o s\u00edmptomes de malalties. Gr\u00e0cies a l&#8217;experi\u00e8ncia i formaci\u00f3 del nostre equip de fisios, els m\u00e8todes de treball es basen en evid\u00e8ncies cient\u00edfiques, utilitzant m\u00e8todes [&hellip;]<\/p>\n","protected":false},"author":1,"featured_media":0,"parent":0,"menu_order":0,"comment_status":"closed","ping_status":"closed","template":"","meta":{"inline_featured_image":false,"_genesis_hide_title":false,"_genesis_hide_breadcrumbs":false,"_genesis_hide_singular_image":false,"_genesis_hide_footer_widgets":false,"_genesis_custom_body_class":"","_genesis_custom_post_class":"","_genesis_layout":"","_joinchat":[],"footnotes":""},"class_list":{"0":"post-1263","1":"page","2":"type-page","3":"status-publish","5":"entry"},"_links":{"self":[{"href":"https:\/\/www.fisios.net\/ca\/wp-json\/wp\/v2\/pages\/1263","targetHints":{"allow":["GET"]}}],"collection":[{"href":"https:\/\/www.fisios.net\/ca\/wp-json\/wp\/v2\/pages"}],"about":[{"href":"https:\/\/www.fisios.net\/ca\/wp-json\/wp\/v2\/types\/page"}],"author":[{"embeddable":true,"href":"https:\/\/www.fisios.net\/ca\/wp-json\/wp\/v2\/users\/1"}],"replies":[{"embeddable":true,"href":"https:\/\/www.fisios.net\/ca\/wp-json\/wp\/v2\/comments?post=1263"}],"version-history":[{"count":36,"href":"https:\/\/www.fisios.net\/ca\/wp-json\/wp\/v2\/pages\/1263\/revisions"}],"predecessor-version":[{"id":2400,"href":"https:\/\/www.fisios.net\/ca\/wp-json\/wp\/v2\/pages\/1263\/revisions\/2400"}],"wp:attachment":[{"href":"https:\/\/www.fisios.net\/ca\/wp-json\/wp\/v2\/media?parent=1263"}],"curies":[{"name":"wp","href":"https:\/\/api.w.org\/{rel}","templated":true}]}}