{"id":1265,"date":"2021-11-29T09:19:51","date_gmt":"2021-11-29T09:19:51","guid":{"rendered":"https:\/\/ciberesfera.es\/fisios2\/magnetoterapia\/"},"modified":"2023-02-15T15:18:34","modified_gmt":"2023-02-15T15:18:34","slug":"magnetoterapia","status":"publish","type":"page","link":"https:\/\/www.fisios.net\/ca\/magnetoterapia\/","title":{"rendered":"Magnetoter\u00e0pia"},"content":{"rendered":"\n<div class=\"wp-block-columns align-items-center is-layout-flex wp-container-core-columns-is-layout-9d6595d7 wp-block-columns-is-layout-flex\">\n<div class=\"wp-block-column is-layout-flow wp-block-column-is-layout-flow\">\n<h1 class=\"has-theme-secondary-color has-text-color wp-block-heading\">MAGNETOTER\u00c0PIA<\/h1>\n<\/div>\n\n\n\n<div class=\"wp-block-column is-layout-flow wp-block-column-is-layout-flow\">\n<figure class=\"wp-block-image size-full\"><img loading=\"lazy\" decoding=\"async\" width=\"788\" height=\"685\" src=\"http:\/\/www.fisios.net\/wp-content\/uploads\/2022\/11\/magnetoterapia.png\" alt=\"\" class=\"wp-image-1738\" srcset=\"https:\/\/www.fisios.net\/wp-content\/uploads\/2022\/11\/magnetoterapia.png 788w, https:\/\/www.fisios.net\/wp-content\/uploads\/2022\/11\/magnetoterapia-300x261.png 300w, https:\/\/www.fisios.net\/wp-content\/uploads\/2022\/11\/magnetoterapia-768x668.png 768w\" sizes=\"auto, (max-width: 788px) 100vw, 788px\" \/><\/figure>\n<\/div>\n<\/div>\n\n\n\n<div class=\"wp-block-columns is-layout-flex wp-container-core-columns-is-layout-9d6595d7 wp-block-columns-is-layout-flex\">\n<div class=\"wp-block-column menu-servicios is-layout-flow wp-block-column-is-layout-flow\" style=\"flex-basis:20%\">\n<p>TOTS ELS TRACTAMENTS<\/p>\n\n<p><a href=\"http:\/\/www.fisios.net\/ca\/fisioterapia\/\" data-type=\"page\" data-id=\"172\">Fisioter\u00e0pia<\/a><\/p>\n\n<p><a href=\"http:\/\/www.fisios.net\/ca\/osteopatia-estructural\/\" data-type=\"page\" data-id=\"119\">Osteopatia estructural<\/a><\/p>\n\n<p><a href=\"http:\/\/www.fisios.net\/ca\/tecarterapia-diatermia\/\" data-type=\"page\" data-id=\"174\">Tercaterapia Diatermia<\/a><\/p>\n\n<p><a href=\"http:\/\/www.fisios.net\/ca\/ones-de-xoc\/\" data-type=\"page\" data-id=\"176\">Ones de xoc radials<\/a><\/p>\n\n<p><a href=\"http:\/\/www.fisios.net\/ca\/presoterapia\/\" data-type=\"page\" data-id=\"178\">Presoterapia<\/a><\/p>\n\n<p><a href=\"http:\/\/www.fisios.net\/ca\/magnetoterapia\/\" data-type=\"page\" data-id=\"180\">Magnetoterapia<\/a><\/p>\n\n<p><a href=\"http:\/\/www.fisios.net\/ca\/puncio-seca\/\" data-type=\"page\" data-id=\"985\">Punci\u00f3 Seca<\/a><\/p>\n\n<p><a href=\"http:\/\/www.fisios.net\/ca\/massatges\/\" data-type=\"page\" data-id=\"186\">Massatges<\/a><\/p>\n\n<p><a href=\"http:\/\/www.fisios.net\/ca\/vacudermia-o-tractament-de-teixits-controlat\/\" data-type=\"page\" data-id=\"992\">Vacudermia o tractament de teixits controlat<\/a><\/p>\n<\/div>\n\n\n\n<div class=\"wp-block-column is-layout-flow wp-block-column-is-layout-flow\" style=\"flex-basis:80%\">\n<p>FISiOS posa a disposici\u00f3 VARIMAG 4E HELIOS MEDICAL<\/p>\n\n\n\n<p>La magnetoter\u00e0pia \u00e9s un tractament m\u00e8dic basat en l&#8217;\u00fas i aplicaci\u00f3 de camps magn\u00e8tics perqu\u00e8 reaccionin amb els ions del cos hum\u00e0. Aquesta t\u00e8cnica permet la relaxaci\u00f3 dels teixits, la qual cosa permet per exemple, una millora en la circulaci\u00f3 sangu\u00ednia del pacient.<\/p>\n\n\n\n<p>La magnetoter\u00e0pia \u00e9s molt \u00fatil per a curar inflamacions o lesions, aix\u00ed com millorar la circulaci\u00f3 sangu\u00ednia en els vasos i capil\u00b7lars. A m\u00e9s, tamb\u00e9 permet augmentar les defenses org\u00e0niques, generar est\u00edmuls espec\u00edfics del metabolisme del calci en l&#8217;os, entre altres.<\/p>\n\n\n\n<figure class=\"wp-block-image size-large is-resized\"><img decoding=\"async\" src=\"http:\/\/www.fisios.net\/wp-content\/uploads\/2022\/01\/Magnetoterapia-1-1024x684.jpg\" alt=\"\" class=\"wp-image-816\" width=\"500\" height=\"NaN\" srcset=\"https:\/\/www.fisios.net\/wp-content\/uploads\/2022\/01\/Magnetoterapia-1-1024x684.jpg 1024w, https:\/\/www.fisios.net\/wp-content\/uploads\/2022\/01\/Magnetoterapia-1-300x200.jpg 300w, https:\/\/www.fisios.net\/wp-content\/uploads\/2022\/01\/Magnetoterapia-1-768x513.jpg 768w, https:\/\/www.fisios.net\/wp-content\/uploads\/2022\/01\/Magnetoterapia-1-1536x1025.jpg 1536w, https:\/\/www.fisios.net\/wp-content\/uploads\/2022\/01\/Magnetoterapia-1-2048x1367.jpg 2048w\" sizes=\"(max-width: 1024px) 100vw, 1024px\" \/><\/figure>\n\n\n\n<h3 class=\"wp-block-heading\">Com funciona?<\/h3>\n\n\n\n<p>Si situem la zona d&#8217;acci\u00f3 dels camps magn\u00e8tics en diverses parts del cos del pacient, provoquem que les l\u00ednies magn\u00e8tiques no sols travessin la superf\u00edcie del cos, sin\u00f3 que a m\u00e9s actu\u00efn en ossos i \u00f2rgans, arribant a aconseguir una profunditat absoluta.<\/p>\n\n\n\n<p>\u00c9s molt \u00fatil per a estimular l&#8217;ossificaci\u00f3 i la cicatritzaci\u00f3 de ferides, produeix relaxaci\u00f3 muscular, vasodilataci\u00f3 local, efecte tr\u00f2fic, efecte antiinflamatori, efecte de regulaci\u00f3 circulat\u00f2ria, hipotensi\u00f3 i tamb\u00e9 efecte analg\u00e8sic.<\/p>\n\n\n\n<figure class=\"wp-block-image size-large\"><img loading=\"lazy\" decoding=\"async\" width=\"1024\" height=\"476\" src=\"http:\/\/www.fisios.net\/wp-content\/uploads\/2023\/02\/magnetoterapia-1-1024x476.jpg\" alt=\"\" class=\"wp-image-2205\" srcset=\"https:\/\/www.fisios.net\/wp-content\/uploads\/2023\/02\/magnetoterapia-1-1024x476.jpg 1024w, https:\/\/www.fisios.net\/wp-content\/uploads\/2023\/02\/magnetoterapia-1-300x140.jpg 300w, https:\/\/www.fisios.net\/wp-content\/uploads\/2023\/02\/magnetoterapia-1-768x357.jpg 768w, https:\/\/www.fisios.net\/wp-content\/uploads\/2023\/02\/magnetoterapia-1-1536x714.jpg 1536w, https:\/\/www.fisios.net\/wp-content\/uploads\/2023\/02\/magnetoterapia-1-2048x953.jpg 2048w\" sizes=\"auto, (max-width: 1024px) 100vw, 1024px\" \/><\/figure>\n<\/div>\n<\/div>\n\n\n\n<p><\/p>\n","protected":false},"excerpt":{"rendered":"<p>MAGNETOTER\u00c0PIA FISiOS posa a disposici\u00f3 VARIMAG 4E HELIOS MEDICAL La magnetoter\u00e0pia \u00e9s un tractament m\u00e8dic basat en l&#8217;\u00fas i aplicaci\u00f3 de camps magn\u00e8tics perqu\u00e8 reaccionin amb els ions del cos hum\u00e0. Aquesta t\u00e8cnica permet la relaxaci\u00f3 dels teixits, la qual cosa permet per exemple, una millora en la circulaci\u00f3 sangu\u00ednia del pacient. La magnetoter\u00e0pia \u00e9s [&hellip;]<\/p>\n","protected":false},"author":1,"featured_media":0,"parent":0,"menu_order":0,"comment_status":"closed","ping_status":"closed","template":"","meta":{"inline_featured_image":false,"_genesis_hide_title":false,"_genesis_hide_breadcrumbs":false,"_genesis_hide_singular_image":false,"_genesis_hide_footer_widgets":false,"_genesis_custom_body_class":"","_genesis_custom_post_class":"","_genesis_layout":"","_joinchat":[],"footnotes":""},"class_list":{"0":"post-1265","1":"page","2":"type-page","3":"status-publish","5":"entry"},"_links":{"self":[{"href":"https:\/\/www.fisios.net\/ca\/wp-json\/wp\/v2\/pages\/1265","targetHints":{"allow":["GET"]}}],"collection":[{"href":"https:\/\/www.fisios.net\/ca\/wp-json\/wp\/v2\/pages"}],"about":[{"href":"https:\/\/www.fisios.net\/ca\/wp-json\/wp\/v2\/types\/page"}],"author":[{"embeddable":true,"href":"https:\/\/www.fisios.net\/ca\/wp-json\/wp\/v2\/users\/1"}],"replies":[{"embeddable":true,"href":"https:\/\/www.fisios.net\/ca\/wp-json\/wp\/v2\/comments?post=1265"}],"version-history":[{"count":8,"href":"https:\/\/www.fisios.net\/ca\/wp-json\/wp\/v2\/pages\/1265\/revisions"}],"predecessor-version":[{"id":2386,"href":"https:\/\/www.fisios.net\/ca\/wp-json\/wp\/v2\/pages\/1265\/revisions\/2386"}],"wp:attachment":[{"href":"https:\/\/www.fisios.net\/ca\/wp-json\/wp\/v2\/media?parent=1265"}],"curies":[{"name":"wp","href":"https:\/\/api.w.org\/{rel}","templated":true}]}}