{"id":1267,"date":"2021-11-29T09:22:55","date_gmt":"2021-11-29T09:22:55","guid":{"rendered":"https:\/\/ciberesfera.es\/fisios2\/massatges\/"},"modified":"2023-02-15T14:36:09","modified_gmt":"2023-02-15T14:36:09","slug":"massatges","status":"publish","type":"page","link":"https:\/\/www.fisios.net\/ca\/massatges\/","title":{"rendered":"Massatges"},"content":{"rendered":"\n<div class=\"wp-block-columns align-items-center is-layout-flex wp-container-core-columns-is-layout-9d6595d7 wp-block-columns-is-layout-flex\">\n<div class=\"wp-block-column is-layout-flow wp-block-column-is-layout-flow\">\n<h1 class=\"has-theme-secondary-color has-text-color wp-block-heading\">MASSATGES<\/h1>\n<\/div>\n\n\n\n<div class=\"wp-block-column is-layout-flow wp-block-column-is-layout-flow\">\n<figure class=\"wp-block-image size-full\"><img loading=\"lazy\" decoding=\"async\" width=\"788\" height=\"685\" src=\"http:\/\/www.fisios.net\/wp-content\/uploads\/2022\/11\/masajes.png\" alt=\"\" class=\"wp-image-1746\" srcset=\"https:\/\/www.fisios.net\/wp-content\/uploads\/2022\/11\/masajes.png 788w, https:\/\/www.fisios.net\/wp-content\/uploads\/2022\/11\/masajes-300x261.png 300w, https:\/\/www.fisios.net\/wp-content\/uploads\/2022\/11\/masajes-768x668.png 768w\" sizes=\"auto, (max-width: 788px) 100vw, 788px\" \/><\/figure>\n<\/div>\n<\/div>\n\n\n\n<div class=\"wp-block-columns is-layout-flex wp-container-core-columns-is-layout-9d6595d7 wp-block-columns-is-layout-flex\">\n<div class=\"wp-block-column menu-servicios is-layout-flow wp-block-column-is-layout-flow\" style=\"flex-basis:20%\">\n<p>TOTS ELS TRACTAMENTS<\/p>\n\n<p><a href=\"http:\/\/www.fisios.net\/ca\/fisioterapia\/\" data-type=\"page\" data-id=\"172\">Fisioter\u00e0pia<\/a><\/p>\n\n<p><a href=\"http:\/\/www.fisios.net\/ca\/osteopatia-estructural\/\" data-type=\"page\" data-id=\"119\">Osteopatia estructural<\/a><\/p>\n\n<p><a href=\"http:\/\/www.fisios.net\/ca\/tecarterapia-diatermia\/\" data-type=\"page\" data-id=\"174\">Tercaterapia Diatermia<\/a><\/p>\n\n<p><a href=\"http:\/\/www.fisios.net\/ca\/ones-de-xoc\/\" data-type=\"page\" data-id=\"176\">Ones de xoc radials<\/a><\/p>\n\n<p><a href=\"http:\/\/www.fisios.net\/ca\/presoterapia\/\" data-type=\"page\" data-id=\"178\">Presoterapia<\/a><\/p>\n\n<p><a href=\"http:\/\/www.fisios.net\/ca\/magnetoterapia\/\" data-type=\"page\" data-id=\"180\">Magnetoterapia<\/a><\/p>\n\n<p><a href=\"http:\/\/www.fisios.net\/ca\/puncio-seca\/\" data-type=\"page\" data-id=\"985\">Punci\u00f3 Seca<\/a><\/p>\n\n<p><a href=\"http:\/\/www.fisios.net\/ca\/massatges\/\" data-type=\"page\" data-id=\"186\">Massatges<\/a><\/p>\n\n<p><a href=\"http:\/\/www.fisios.net\/ca\/vacudermia-o-tractament-de-teixits-controlat\/\" data-type=\"page\" data-id=\"992\">Vacudermia o tractament de teixits controlat<\/a><\/p>\n<\/div>\n\n\n\n<div class=\"wp-block-column is-layout-flow wp-block-column-is-layout-flow\" style=\"flex-basis:80%\">\n<p>FISIOS posa a la teva disposici\u00f3 diversos tipus de massatge de 30 i 50 min.<\/p>\n\n\n\n<ol class=\"wp-block-list\" type=\"1\">\n<li>Antiestr\u00e8s <\/li>\n\n\n\n<li>Descontracturant<\/li>\n\n\n\n<li>Relaxant<\/li>\n\n\n\n<li>Derivaci\u00f3 circulat\u00f2ria<\/li>\n\n\n\n<li>Drenatge limf\u00e0tic manual<\/li>\n\n\n\n<li>ITV esportiva (maso i estiraments)<\/li>\n\n\n\n<li>Stretching<\/li>\n\n\n\n<li>Fibromi\u00e0lgia i fatiga cr\u00f2nica<\/li>\n\n\n\n<li>Post-intervenci\u00f3 est\u00e8tica o post-quir\u00fargica<\/li>\n<\/ol>\n\n\n\n<figure class=\"wp-block-image size-large is-resized\"><img decoding=\"async\" src=\"http:\/\/www.fisios.net\/wp-content\/uploads\/2022\/01\/massage-concept-1024x576.jpg\" alt=\"\" class=\"wp-image-821\" width=\"500\" height=\"NaN\" srcset=\"https:\/\/www.fisios.net\/wp-content\/uploads\/2022\/01\/massage-concept-1024x576.jpg 1024w, https:\/\/www.fisios.net\/wp-content\/uploads\/2022\/01\/massage-concept-300x169.jpg 300w, https:\/\/www.fisios.net\/wp-content\/uploads\/2022\/01\/massage-concept-768x432.jpg 768w, https:\/\/www.fisios.net\/wp-content\/uploads\/2022\/01\/massage-concept-1536x864.jpg 1536w, https:\/\/www.fisios.net\/wp-content\/uploads\/2022\/01\/massage-concept-2048x1152.jpg 2048w\" sizes=\"(max-width: 1024px) 100vw, 1024px\" \/><\/figure>\n\n\n\n<div class=\"wp-block-columns are-vertically-aligned-center is-layout-flex wp-container-core-columns-is-layout-9d6595d7 wp-block-columns-is-layout-flex\">\n<div class=\"wp-block-column is-vertically-aligned-center is-layout-flow wp-block-column-is-layout-flow\">\n<h2 class=\"wp-block-heading\">FISIOTERAPEUTA vs Massatgista<\/h2>\n\n\n\n<p><a href=\"https:\/\/fisiotv.cat\/1_9aqu4f2s\" target=\"_blank\" rel=\"noreferrer noopener\">Enlla\u00e7 al Col.legi de Fisioterapeutes de Catalunya<\/a><\/p>\n<\/div>\n\n\n\n<div class=\"wp-block-column is-vertically-aligned-center is-layout-flow wp-block-column-is-layout-flow\">\n<figure class=\"wp-block-image size-full is-resized\"><img loading=\"lazy\" decoding=\"async\" src=\"http:\/\/www.fisios.net\/wp-content\/uploads\/2023\/02\/FisioTV_Logo.png\" alt=\"\" class=\"wp-image-2133\" width=\"119\" height=\"119\" srcset=\"https:\/\/www.fisios.net\/wp-content\/uploads\/2023\/02\/FisioTV_Logo.png 500w, https:\/\/www.fisios.net\/wp-content\/uploads\/2023\/02\/FisioTV_Logo-300x300.png 300w, https:\/\/www.fisios.net\/wp-content\/uploads\/2023\/02\/FisioTV_Logo-150x150.png 150w, https:\/\/www.fisios.net\/wp-content\/uploads\/2023\/02\/FisioTV_Logo-75x75.png 75w\" sizes=\"auto, (max-width: 119px) 100vw, 119px\" \/><\/figure>\n<\/div>\n<\/div>\n\n\n\n<p>Tant el Ministeri de Sanitat, la Conselleria de Salut de Generalitat de Catalunya i el Col.legi de Fisioterapeutes de Catalunya no reconeix cap t\u00edtol oficial de quiromasajista o massatgista. No hi ha una formaci\u00f3 avalada per organismes oficials, la qual cosa dona peu al fet que existeixin escoles, acad\u00e8mies, o fins i tot formaci\u00f3 en l\u00ednia de massatgista. Aix\u00f2 tampoc vol dir que no existeixin bones escoles de massatge, ni que el massatge no estigui regulat, simplement no hi ha un \u00fanic t\u00edtol oficial equiparat en tot el territori nacional, la qual cosa dona lloc al fet que la formaci\u00f3 sigui heterog\u00e8nia.<\/p>\n\n\n\n<p>Les professions sanit\u00e0ries s\u00f3n les que recull la llei. Massatgista o quiromasajista no \u00e9s una professi\u00f3 sanit\u00e0ria a Espanya. Aix\u00f2 s\u00ed, el massatge utilitzat com a oci, a manera recreativa, en un Spa, o perqu\u00e8 \u00e9s agradable, pot ser aplicat per professionals no sanitaris, per\u00f2 clar, sempre que no s&#8217;usin per a tractament d&#8217;una patologia.<\/p>\n\n\n\n<p>A m\u00e9s el massatgista o quiromasajista, al no ser una professi\u00f3 sanit\u00e0ria, no existeix capacitat de valorar problemes de salut, saber quan cal intervenir, quines t\u00e8cniques cal aplicar o si cal derivar a un altre professional sanitari.<\/p>\n\n\n\n<p>Amb l&#8217;objectiu de deixar clar quines s\u00f3n algunes de les compet\u00e8ncies del fisioterapeuta, i que t\u00e8cniques manuals com a manipulaci\u00f3 o massatge, emprades com a tractament de problemes de salut, s\u00f3n activitats que ha de realitzar un fisioterapeuta titulat i col\u00b7legiat. Aix\u00f2 no significa que les altres professions siguin il\u00b7legals o les hi vulgui menysprear. Simplement \u00e9s un av\u00eds per a tenir en compte quins s\u00f3n professions sanit\u00e0ries reconegudes en la llei i quins no, i quins s\u00f3n els l\u00edmits de cadascuna en aquest sentit. Sabem que hi haur\u00e0 professionals bons i dolents en totes les professions, per\u00f2 la idea \u00e9s que sapiguem en mans de qui posem la nostra salut.<\/p>\n<\/div>\n<\/div>\n","protected":false},"excerpt":{"rendered":"<p>MASSATGES FISIOS posa a la teva disposici\u00f3 diversos tipus de massatge de 30 i 50 min. FISIOTERAPEUTA vs Massatgista Enlla\u00e7 al Col.legi de Fisioterapeutes de Catalunya Tant el Ministeri de Sanitat, la Conselleria de Salut de Generalitat de Catalunya i el Col.legi de Fisioterapeutes de Catalunya no reconeix cap t\u00edtol oficial de quiromasajista o massatgista. [&hellip;]<\/p>\n","protected":false},"author":1,"featured_media":0,"parent":0,"menu_order":0,"comment_status":"closed","ping_status":"closed","template":"","meta":{"inline_featured_image":false,"_genesis_hide_title":false,"_genesis_hide_breadcrumbs":false,"_genesis_hide_singular_image":false,"_genesis_hide_footer_widgets":false,"_genesis_custom_body_class":"","_genesis_custom_post_class":"","_genesis_layout":"","_joinchat":[],"footnotes":""},"class_list":{"0":"post-1267","1":"page","2":"type-page","3":"status-publish","5":"entry"},"_links":{"self":[{"href":"https:\/\/www.fisios.net\/ca\/wp-json\/wp\/v2\/pages\/1267","targetHints":{"allow":["GET"]}}],"collection":[{"href":"https:\/\/www.fisios.net\/ca\/wp-json\/wp\/v2\/pages"}],"about":[{"href":"https:\/\/www.fisios.net\/ca\/wp-json\/wp\/v2\/types\/page"}],"author":[{"embeddable":true,"href":"https:\/\/www.fisios.net\/ca\/wp-json\/wp\/v2\/users\/1"}],"replies":[{"embeddable":true,"href":"https:\/\/www.fisios.net\/ca\/wp-json\/wp\/v2\/comments?post=1267"}],"version-history":[{"count":10,"href":"https:\/\/www.fisios.net\/ca\/wp-json\/wp\/v2\/pages\/1267\/revisions"}],"predecessor-version":[{"id":2313,"href":"https:\/\/www.fisios.net\/ca\/wp-json\/wp\/v2\/pages\/1267\/revisions\/2313"}],"wp:attachment":[{"href":"https:\/\/www.fisios.net\/ca\/wp-json\/wp\/v2\/media?parent=1267"}],"curies":[{"name":"wp","href":"https:\/\/api.w.org\/{rel}","templated":true}]}}