{"id":1271,"date":"2021-11-29T09:16:59","date_gmt":"2021-11-29T09:16:59","guid":{"rendered":"https:\/\/ciberesfera.es\/fisios2\/ones-de-xoc\/"},"modified":"2023-02-15T22:28:58","modified_gmt":"2023-02-15T22:28:58","slug":"ones-de-xoc","status":"publish","type":"page","link":"https:\/\/www.fisios.net\/ca\/ones-de-xoc\/","title":{"rendered":"Ones de xoc"},"content":{"rendered":"\n<div class=\"wp-block-columns align-items-center is-layout-flex wp-container-core-columns-is-layout-9d6595d7 wp-block-columns-is-layout-flex\">\n<div class=\"wp-block-column is-layout-flow wp-block-column-is-layout-flow\">\n<h1 class=\"has-theme-secondary-color has-text-color wp-block-heading\">ONES DE XOC RADIALS<\/h1>\n<\/div>\n\n\n\n<div class=\"wp-block-column is-layout-flow wp-block-column-is-layout-flow\">\n<figure class=\"wp-block-image size-full\"><img loading=\"lazy\" decoding=\"async\" width=\"788\" height=\"685\" src=\"https:\/\/www.fisios.net\/wp-content\/uploads\/2023\/02\/ondas-de-choque.png\" alt=\"\" class=\"wp-image-2538\" srcset=\"https:\/\/www.fisios.net\/wp-content\/uploads\/2023\/02\/ondas-de-choque.png 788w, https:\/\/www.fisios.net\/wp-content\/uploads\/2023\/02\/ondas-de-choque-300x261.png 300w, https:\/\/www.fisios.net\/wp-content\/uploads\/2023\/02\/ondas-de-choque-768x668.png 768w\" sizes=\"auto, (max-width: 788px) 100vw, 788px\" \/><\/figure>\n<\/div>\n<\/div>\n\n\n\n<div class=\"wp-block-columns is-layout-flex wp-container-core-columns-is-layout-9d6595d7 wp-block-columns-is-layout-flex\">\n<div class=\"wp-block-column menu-servicios is-layout-flow wp-block-column-is-layout-flow\" style=\"flex-basis:20%\">\n<p>TOTS ELS TRACTAMENTS<\/p>\n\n<p><a href=\"http:\/\/www.fisios.net\/ca\/fisioterapia\/\" data-type=\"page\" data-id=\"172\">Fisioter\u00e0pia<\/a><\/p>\n\n<p><a href=\"http:\/\/www.fisios.net\/ca\/osteopatia-estructural\/\" data-type=\"page\" data-id=\"119\">Osteopatia estructural<\/a><\/p>\n\n<p><a href=\"http:\/\/www.fisios.net\/ca\/tecarterapia-diatermia\/\" data-type=\"page\" data-id=\"174\">Tercaterapia Diatermia<\/a><\/p>\n\n<p><a href=\"http:\/\/www.fisios.net\/ca\/ones-de-xoc\/\" data-type=\"page\" data-id=\"176\">Ones de xoc radials<\/a><\/p>\n\n<p><a href=\"http:\/\/www.fisios.net\/ca\/presoterapia\/\" data-type=\"page\" data-id=\"178\">Presoterapia<\/a><\/p>\n\n<p><a href=\"http:\/\/www.fisios.net\/ca\/magnetoterapia\/\" data-type=\"page\" data-id=\"180\">Magnetoterapia<\/a><\/p>\n\n<p><a href=\"http:\/\/www.fisios.net\/ca\/puncio-seca\/\" data-type=\"page\" data-id=\"985\">Punci\u00f3 Seca<\/a><\/p>\n\n<p><a href=\"http:\/\/www.fisios.net\/ca\/massatges\/\" data-type=\"page\" data-id=\"186\">Massatges<\/a><\/p>\n\n<p><a href=\"http:\/\/www.fisios.net\/ca\/vacudermia-o-tractament-de-teixits-controlat\/\" data-type=\"page\" data-id=\"992\">Vacudermia o tractament de teixits controlat<\/a><\/p>\n<\/div>\n\n\n\n<div class=\"wp-block-column is-layout-flow wp-block-column-is-layout-flow\" style=\"flex-basis:80%\">\n<div class=\"wp-block-columns is-layout-flex wp-container-core-columns-is-layout-9d6595d7 wp-block-columns-is-layout-flex\">\n<div class=\"wp-block-column p-3 has-background is-layout-flow wp-block-column-is-layout-flow\" style=\"background-color:#ffffff\">\n<p>FISiOS posa a disposici\u00f3 DACTOR 100 ULTRA DE STORZ MEDICAL<\/p>\n\n\n\n<p>Les ones de xoc s\u00f3n ones ac\u00fastiques d&#8217;alta pot\u00e8ncia que t\u00e9 efectes mec\u00e0nics i biol\u00f2gics. Aplicades correctament tenen un efecte terap\u00e8utic, ja que provoquen una regeneraci\u00f3 dels teixits malalts o lesionats<\/p>\n\n\n\n<p>\u00c9s un tractament r\u00e0pid, segur i efica\u00e7 per a moltes patologies cr\u00f2niques i agudes. Pot arribar a estalviar les infiltracions i fins i tot l&#8217;operaci\u00f3. Les ones de xoc permeten tractar patologies que costen molt solucionar amb les ter\u00e0pies convencionals.<\/p>\n\n\n\n<figure class=\"wp-block-image size-full is-resized\"><img decoding=\"async\" src=\"http:\/\/www.fisios.net\/wp-content\/uploads\/2021\/12\/ondas-de-choque.jpg\" alt=\"\" class=\"wp-image-379\" width=\"500\" srcset=\"https:\/\/www.fisios.net\/wp-content\/uploads\/2021\/12\/ondas-de-choque.jpg 1000w, https:\/\/www.fisios.net\/wp-content\/uploads\/2021\/12\/ondas-de-choque-300x169.jpg 300w, https:\/\/www.fisios.net\/wp-content\/uploads\/2021\/12\/ondas-de-choque-768x432.jpg 768w\" sizes=\"(max-width: 1000px) 100vw, 1000px\" \/><\/figure>\n\n\n\n<p>La ter\u00e0pia consisteix en l&#8217;aplicaci\u00f3 d&#8217;ones sonores d&#8217;alta velocitat que produeixen una acceleraci\u00f3 de la producci\u00f3 de col\u00b7lagen. produeixen canvis a nivell de les c\u00e8l\u00b7lules i els teixits, que, despr\u00e9s d&#8217;una resposta inflamat\u00f2ria, porten a la seva reconstrucci\u00f3. Tenen una penetraci\u00f3 de 40mm. L&#8217;efecte \u00e9s analg\u00e8sic, antiinflamatori, augment de la vascularitzaci\u00f3, fragmentaci\u00f3 dels dip\u00f2sits c\u00e0lcics, neo-osteog\u00e8nesis.<\/p>\n\n\n\n<p>L&#8217;ones de xoc radials s&#8217;utilitzen principalment per a: Tendinitis calcificades o cronificades, fasci\u00eftis plantar, Sd. estr\u00e8s tibial, espol\u00f3 calcani, epicondilitis, bursitis, pseudoconsolidacions en fractures, osteonecrosi.<\/p>\n<\/div>\n<\/div>\n<\/div>\n<\/div>\n","protected":false},"excerpt":{"rendered":"<p>ONES DE XOC RADIALS FISiOS posa a disposici\u00f3 DACTOR 100 ULTRA DE STORZ MEDICAL Les ones de xoc s\u00f3n ones ac\u00fastiques d&#8217;alta pot\u00e8ncia que t\u00e9 efectes mec\u00e0nics i biol\u00f2gics. Aplicades correctament tenen un efecte terap\u00e8utic, ja que provoquen una regeneraci\u00f3 dels teixits malalts o lesionats \u00c9s un tractament r\u00e0pid, segur i efica\u00e7 per a moltes [&hellip;]<\/p>\n","protected":false},"author":1,"featured_media":0,"parent":0,"menu_order":0,"comment_status":"closed","ping_status":"closed","template":"","meta":{"inline_featured_image":false,"_genesis_hide_title":false,"_genesis_hide_breadcrumbs":false,"_genesis_hide_singular_image":false,"_genesis_hide_footer_widgets":false,"_genesis_custom_body_class":"","_genesis_custom_post_class":"","_genesis_layout":"","_joinchat":[],"footnotes":""},"class_list":{"0":"post-1271","1":"page","2":"type-page","3":"status-publish","5":"entry"},"_links":{"self":[{"href":"https:\/\/www.fisios.net\/ca\/wp-json\/wp\/v2\/pages\/1271","targetHints":{"allow":["GET"]}}],"collection":[{"href":"https:\/\/www.fisios.net\/ca\/wp-json\/wp\/v2\/pages"}],"about":[{"href":"https:\/\/www.fisios.net\/ca\/wp-json\/wp\/v2\/types\/page"}],"author":[{"embeddable":true,"href":"https:\/\/www.fisios.net\/ca\/wp-json\/wp\/v2\/users\/1"}],"replies":[{"embeddable":true,"href":"https:\/\/www.fisios.net\/ca\/wp-json\/wp\/v2\/comments?post=1271"}],"version-history":[{"count":10,"href":"https:\/\/www.fisios.net\/ca\/wp-json\/wp\/v2\/pages\/1271\/revisions"}],"predecessor-version":[{"id":2541,"href":"https:\/\/www.fisios.net\/ca\/wp-json\/wp\/v2\/pages\/1271\/revisions\/2541"}],"wp:attachment":[{"href":"https:\/\/www.fisios.net\/ca\/wp-json\/wp\/v2\/media?parent=1271"}],"curies":[{"name":"wp","href":"https:\/\/api.w.org\/{rel}","templated":true}]}}