{"id":1273,"date":"2021-11-17T10:15:18","date_gmt":"2021-11-17T10:15:18","guid":{"rendered":"https:\/\/ciberesfera.es\/fisios2\/osteopatia-estructural\/"},"modified":"2023-02-15T22:29:57","modified_gmt":"2023-02-15T22:29:57","slug":"osteopatia-estructural","status":"publish","type":"page","link":"https:\/\/www.fisios.net\/ca\/osteopatia-estructural\/","title":{"rendered":"Osteopatia Estructural"},"content":{"rendered":"\n<div class=\"wp-block-columns align-items-center is-layout-flex wp-container-core-columns-is-layout-9d6595d7 wp-block-columns-is-layout-flex\">\n<div class=\"wp-block-column is-layout-flow wp-block-column-is-layout-flow\">\n<h1 class=\"has-theme-secondary-color has-text-color wp-block-heading\">OSTEOPATIA ESTRUCTURAL<\/h1>\n<\/div>\n\n\n\n<div class=\"wp-block-column is-layout-flow wp-block-column-is-layout-flow\">\n<figure class=\"wp-block-image size-full\"><img loading=\"lazy\" decoding=\"async\" width=\"788\" height=\"685\" src=\"https:\/\/www.fisios.net\/wp-content\/uploads\/2023\/02\/osteopatia.png\" alt=\"\" class=\"wp-image-2542\" srcset=\"https:\/\/www.fisios.net\/wp-content\/uploads\/2023\/02\/osteopatia.png 788w, https:\/\/www.fisios.net\/wp-content\/uploads\/2023\/02\/osteopatia-300x261.png 300w, https:\/\/www.fisios.net\/wp-content\/uploads\/2023\/02\/osteopatia-768x668.png 768w\" sizes=\"auto, (max-width: 788px) 100vw, 788px\" \/><\/figure>\n<\/div>\n<\/div>\n\n\n\n<div class=\"wp-block-columns is-layout-flex wp-container-core-columns-is-layout-9d6595d7 wp-block-columns-is-layout-flex\">\n<div class=\"wp-block-column menu-servicios is-layout-flow wp-block-column-is-layout-flow\" style=\"flex-basis:20%\">\n<p>TOTS ELS TRACTAMENTS<\/p>\n\n<p><a href=\"http:\/\/www.fisios.net\/ca\/fisioterapia\/\" data-type=\"page\" data-id=\"172\">Fisioter\u00e0pia<\/a><\/p>\n\n<p><a href=\"http:\/\/www.fisios.net\/ca\/osteopatia-estructural\/\" data-type=\"page\" data-id=\"119\">Osteopatia estructural<\/a><\/p>\n\n<p><a href=\"http:\/\/www.fisios.net\/ca\/tecarterapia-diatermia\/\" data-type=\"page\" data-id=\"174\">Tercaterapia Diatermia<\/a><\/p>\n\n<p><a href=\"http:\/\/www.fisios.net\/ca\/ones-de-xoc\/\" data-type=\"page\" data-id=\"176\">Ones de xoc radials<\/a><\/p>\n\n<p><a href=\"http:\/\/www.fisios.net\/ca\/presoterapia\/\" data-type=\"page\" data-id=\"178\">Presoterapia<\/a><\/p>\n\n<p><a href=\"http:\/\/www.fisios.net\/ca\/magnetoterapia\/\" data-type=\"page\" data-id=\"180\">Magnetoterapia<\/a><\/p>\n\n<p><a href=\"http:\/\/www.fisios.net\/ca\/puncio-seca\/\" data-type=\"page\" data-id=\"985\">Punci\u00f3 Seca<\/a><\/p>\n\n<p><a href=\"http:\/\/www.fisios.net\/ca\/massatges\/\" data-type=\"page\" data-id=\"186\">Massatges<\/a><\/p>\n\n<p><a href=\"http:\/\/www.fisios.net\/ca\/vacudermia-o-tractament-de-teixits-controlat\/\" data-type=\"page\" data-id=\"992\">Vacudermia o tractament de teixits controlat<\/a><\/p>\n<\/div>\n\n\n\n<div class=\"wp-block-column is-layout-flow wp-block-column-is-layout-flow\" style=\"flex-basis:80%\">\n<div class=\"wp-block-columns is-layout-flex wp-container-core-columns-is-layout-9d6595d7 wp-block-columns-is-layout-flex\">\n<div class=\"wp-block-column p-3 has-background is-layout-flow wp-block-column-is-layout-flow\" style=\"background-color:#ffffff\">\n<p>L&#8217;osteopatia \u00e9s un conjunt de t\u00e8cniques manuals empleades per a alleujar nombroses malalties mitjan\u00e7ant la cerca de la recuperaci\u00f3 de l&#8217;equilibri org\u00e0nic. Coneix les seves aplicacions, beneficis i t\u00e8cniques.<\/p>\n\n\n\n<p>L&#8217;osteopatia \u00e9s una disciplina que la seva m\u00e0xima resideix en la visi\u00f3 hol\u00edstica del cos hum\u00e0, entenent est com una unitat, i no com un conjunt independent d&#8217;\u00f2rgans i estructures. Partint d&#8217;aquesta premissa, els tractaments osteop\u00e1ticos s&#8217;encaminen a l&#8217;alleujament de la malaltia a trav\u00e9s de la recuperaci\u00f3 de l&#8217;equilibri org\u00e0nic general, m\u00e9s que l&#8217;alleujament anal\u00edtic del focus del dolor.<\/p>\n\n\n\n<figure class=\"wp-block-image size-large is-resized\"><img decoding=\"async\" src=\"http:\/\/www.fisios.net\/wp-content\/uploads\/2022\/01\/osteopathy-therapist-1024x683.jpg\" alt=\"\" class=\"wp-image-806\" width=\"500\" srcset=\"https:\/\/www.fisios.net\/wp-content\/uploads\/2022\/01\/osteopathy-therapist-1024x683.jpg 1024w, https:\/\/www.fisios.net\/wp-content\/uploads\/2022\/01\/osteopathy-therapist-300x200.jpg 300w, https:\/\/www.fisios.net\/wp-content\/uploads\/2022\/01\/osteopathy-therapist-768x513.jpg 768w, https:\/\/www.fisios.net\/wp-content\/uploads\/2022\/01\/osteopathy-therapist-1536x1025.jpg 1536w, https:\/\/www.fisios.net\/wp-content\/uploads\/2022\/01\/osteopathy-therapist-2048x1367.jpg 2048w\" sizes=\"(max-width: 1024px) 100vw, 1024px\" \/><\/figure>\n\n\n\n<p>En FISIOS realitzem Osteopatia estructural. L&#8217;osteopatia estructural \u00e9s l&#8217;especialitat de l&#8217;osteopatia que tracta de restablir l&#8217;equilibri del cos, despr\u00e9s d&#8217;una alteraci\u00f3 funcional, estructural o biomec\u00e0nica del sistema m\u00fascul-esquel\u00e8tic a trav\u00e9s de manipulacions.<\/p>\n\n\n\n<p>L&#8217;objectiu d&#8217;aquesta t\u00e8cnica manual \u00e9s corregir el desequilibri que sofreix el cos per a recuperar l&#8217;elasticitat dels teixits, alleujar el dolor i restablir la salut general del pacient.<\/p>\n<\/div>\n<\/div>\n<\/div>\n<\/div>\n","protected":false},"excerpt":{"rendered":"<p>OSTEOPATIA ESTRUCTURAL L&#8217;osteopatia \u00e9s un conjunt de t\u00e8cniques manuals empleades per a alleujar nombroses malalties mitjan\u00e7ant la cerca de la recuperaci\u00f3 de l&#8217;equilibri org\u00e0nic. Coneix les seves aplicacions, beneficis i t\u00e8cniques. L&#8217;osteopatia \u00e9s una disciplina que la seva m\u00e0xima resideix en la visi\u00f3 hol\u00edstica del cos hum\u00e0, entenent est com una unitat, i no com [&hellip;]<\/p>\n","protected":false},"author":1,"featured_media":0,"parent":0,"menu_order":0,"comment_status":"closed","ping_status":"closed","template":"","meta":{"inline_featured_image":false,"_genesis_hide_title":false,"_genesis_hide_breadcrumbs":false,"_genesis_hide_singular_image":false,"_genesis_hide_footer_widgets":false,"_genesis_custom_body_class":"","_genesis_custom_post_class":"","_genesis_layout":"","_joinchat":[],"footnotes":""},"class_list":{"0":"post-1273","1":"page","2":"type-page","3":"status-publish","5":"entry"},"_links":{"self":[{"href":"https:\/\/www.fisios.net\/ca\/wp-json\/wp\/v2\/pages\/1273","targetHints":{"allow":["GET"]}}],"collection":[{"href":"https:\/\/www.fisios.net\/ca\/wp-json\/wp\/v2\/pages"}],"about":[{"href":"https:\/\/www.fisios.net\/ca\/wp-json\/wp\/v2\/types\/page"}],"author":[{"embeddable":true,"href":"https:\/\/www.fisios.net\/ca\/wp-json\/wp\/v2\/users\/1"}],"replies":[{"embeddable":true,"href":"https:\/\/www.fisios.net\/ca\/wp-json\/wp\/v2\/comments?post=1273"}],"version-history":[{"count":6,"href":"https:\/\/www.fisios.net\/ca\/wp-json\/wp\/v2\/pages\/1273\/revisions"}],"predecessor-version":[{"id":2545,"href":"https:\/\/www.fisios.net\/ca\/wp-json\/wp\/v2\/pages\/1273\/revisions\/2545"}],"wp:attachment":[{"href":"https:\/\/www.fisios.net\/ca\/wp-json\/wp\/v2\/media?parent=1273"}],"curies":[{"name":"wp","href":"https:\/\/api.w.org\/{rel}","templated":true}]}}