{"id":1277,"date":"2021-11-29T10:06:56","date_gmt":"2021-11-29T10:06:56","guid":{"rendered":"https:\/\/ciberesfera.es\/fisios2\/politica-de-cookies\/"},"modified":"2023-03-22T16:23:32","modified_gmt":"2023-03-22T16:23:32","slug":"politica-de-cookies","status":"publish","type":"page","link":"https:\/\/www.fisios.net\/ca\/politica-de-cookies\/","title":{"rendered":"Pol\u00edtica de cookies"},"content":{"rendered":"\n<h2 class=\"wp-block-heading\">INFORMACI\u00d3 SOBRE COOKIES<\/h2>\n\n\n\n<p>Aquesta pol\u00edtica de cookies t\u00e9 per finalitat informar de manera clara i precisa sobre les cookies que s\u2019utilitzen en la nostra web.<\/p>\n\n\n\n<h2 class=\"wp-block-heading\">QU\u00c8 S\u00d3N LES COOKIES?<\/h2>\n\n\n\n<p>Les cookies i altres tecnologies similars com ara local shared objects, flaix cookies o p\u00edxels, s\u00f3n eines utilitzades pels servidors Web per a emmagatzemar i recuperar informaci\u00f3 sobre els seus visitants, aix\u00ed com per a oferir un correcte funcionament del lloc.<\/p>\n\n\n\n<h2 class=\"wp-block-heading\">COOKIES UTILITZADES EN AQUESTA WEB<\/h2>\n\n\n\n<p>En aquest lloc web \u00fanicament s\u2019utilitzen cookies pr\u00f2pies, de sessi\u00f3, amb finalitat t\u00e8cnica (aquelles que permeten a l\u2019usuari la navegaci\u00f3 a trav\u00e9s del lloc web i la utilitzaci\u00f3 de les diferents opcions i serveis que en ella existeixen) i les necess\u00e0ries per a la prestaci\u00f3 de serveis expressament sol\u00b7licitats per l\u2019usuari. Tampoc s\u2019utilitzen cookies per recollir dades de car\u00e0cter personal de les persones interessades sense el seu consentiment o cedir-les a tercers.<\/p>\n\n\n\n<p>El portal del qual \u00e9s titular FISIOS CENTRO DE FISIOTERAPIA, S.L.P. podria contenir enlla\u00e7os a llocs web de tercers, les pol\u00edtiques de privacitat dels quals s\u00f3n alienes a la de FISIOS CENTRO DE FISIOTERAPIA, S.L.P.. En accedir a aquests llocs web la persona interessada podria decidir si accepta les seves pol\u00edtiques de privacitat i de cookies.<\/p>\n","protected":false},"excerpt":{"rendered":"<p>INFORMACI\u00d3 SOBRE COOKIES Aquesta pol\u00edtica de cookies t\u00e9 per finalitat informar de manera clara i precisa sobre les cookies que s\u2019utilitzen en la nostra web. QU\u00c8 S\u00d3N LES COOKIES? Les cookies i altres tecnologies similars com ara local shared objects, flaix cookies o p\u00edxels, s\u00f3n eines utilitzades pels servidors Web per a emmagatzemar i recuperar [&hellip;]<\/p>\n","protected":false},"author":1,"featured_media":0,"parent":0,"menu_order":0,"comment_status":"closed","ping_status":"closed","template":"","meta":{"inline_featured_image":false,"_genesis_hide_title":false,"_genesis_hide_breadcrumbs":false,"_genesis_hide_singular_image":false,"_genesis_hide_footer_widgets":false,"_genesis_custom_body_class":"","_genesis_custom_post_class":"","_genesis_layout":"","_joinchat":[],"footnotes":""},"class_list":{"0":"post-1277","1":"page","2":"type-page","3":"status-publish","5":"entry"},"_links":{"self":[{"href":"https:\/\/www.fisios.net\/ca\/wp-json\/wp\/v2\/pages\/1277","targetHints":{"allow":["GET"]}}],"collection":[{"href":"https:\/\/www.fisios.net\/ca\/wp-json\/wp\/v2\/pages"}],"about":[{"href":"https:\/\/www.fisios.net\/ca\/wp-json\/wp\/v2\/types\/page"}],"author":[{"embeddable":true,"href":"https:\/\/www.fisios.net\/ca\/wp-json\/wp\/v2\/users\/1"}],"replies":[{"embeddable":true,"href":"https:\/\/www.fisios.net\/ca\/wp-json\/wp\/v2\/comments?post=1277"}],"version-history":[{"count":2,"href":"https:\/\/www.fisios.net\/ca\/wp-json\/wp\/v2\/pages\/1277\/revisions"}],"predecessor-version":[{"id":2619,"href":"https:\/\/www.fisios.net\/ca\/wp-json\/wp\/v2\/pages\/1277\/revisions\/2619"}],"wp:attachment":[{"href":"https:\/\/www.fisios.net\/ca\/wp-json\/wp\/v2\/media?parent=1277"}],"curies":[{"name":"wp","href":"https:\/\/api.w.org\/{rel}","templated":true}]}}