{"id":1279,"date":"2021-11-15T15:19:49","date_gmt":"2021-11-15T15:19:49","guid":{"rendered":"https:\/\/ciberesfera.es\/fisios2\/politica-de-privacitat\/"},"modified":"2025-12-29T12:41:04","modified_gmt":"2025-12-29T12:41:04","slug":"politica-de-privacitat","status":"publish","type":"page","link":"https:\/\/www.fisios.net\/ca\/politica-de-privacitat\/","title":{"rendered":"Pol\u00edtica de privacitat"},"content":{"rendered":"\n<div class=\"wp-block-columns is-layout-flex wp-container-core-columns-is-layout-9d6595d7 wp-block-columns-is-layout-flex\">\n<div class=\"wp-block-column has-background is-layout-flow wp-block-column-is-layout-flow\" style=\"background-color:#ffffff\">\n<h2 class=\"wp-block-heading\">Qui som<\/h2>\n\n\n\n<p>L&#8217;adre\u00e7a del nostre web \u00e9s: http:\/\/www.fisios.net.<\/p>\n\n\n\n<h2 class=\"wp-block-heading\">Comentaris<\/h2>\n\n\n\n<p>Quan els visitants deixen comentaris a la web, recopilem les dades que es mostren al formulari de comentaris, aix\u00ed com l&#8217;adre\u00e7a IP del visitant i la cadena d&#8217;agents d&#8217;usuari del navegador per ajudar a la detecci\u00f3 d&#8217;spam.<\/p>\n\n\n\n<p>Una cadena an\u00f2nima creada a partir de la teva adre\u00e7a de correu electr\u00f2nic (tamb\u00e9 dita hash) pot ser proporcionada al servei de Gravatar per a veure si l&#8217;est\u00e0s usant. La pol\u00edtica de privacitat del servei Gravatar est\u00e0 disponible aqu\u00ed: https:\/\/automattic.com\/privacy\/. Despr\u00e9s de l&#8217;aprovaci\u00f3 del teu comentari, la imatge del teu perfil \u00e9s visible per al p\u00fablic en el context del teu comentari.<\/p>\n\n\n\n<h2 class=\"wp-block-heading\">Mitjans<\/h2>\n\n\n\n<p>Si puges imatges a la web, hauries d&#8217;evitar pujar imatges amb dades d&#8217;ubicaci\u00f3 (GPS EXIF) incloses. Els visitants de la web poden descarregar i extreure qualsevol dada d&#8217;ubicaci\u00f3 de les imatges de la web.<\/p>\n\n\n\n<h2 class=\"wp-block-heading\">Cookies<\/h2>\n\n\n\n<p>Si deixes un comentari al nostre lloc pots triar desar el teu nom, adre\u00e7a de correu electr\u00f2nic i web a cookies. Aix\u00f2 \u00e9s per a la teva comoditat, perqu\u00e8 no hagis de tornar a emplenar les teves dades quan deixis un altre comentari. Aquestes cookies tindran una durada d&#8217;un any.<\/p>\n\n\n\n<p>Si tens un compte i et connectes a aquest lloc, instal\u00b7larem una cookie temporal per a determinar si el teu navegador accepta cookies. Aquesta cookie no cont\u00e9 dades personals i s&#8217;elimina en tancar el navegador.<\/p>\n\n\n\n<p>Quan accedeixis, tamb\u00e9 instal\u00b7larem diverses cookies per a guardar la teva informaci\u00f3 d&#8217;acc\u00e9s i les teves opcions de visualitzaci\u00f3 de pantalla. Les cookies d&#8217;acc\u00e9s duren dos dies, i les cookies d&#8217;opcions de pantalla duren un any. Si selecciones \u00abRecu\u00e9rdarme\u00bb, el teu acc\u00e9s perdurar\u00e0 durant dues setmanes. Si surts del teu compte, les cookies d&#8217;acc\u00e9s s&#8217;eliminaran.<\/p>\n\n\n\n<p>Si edites o publiques un article es guardar\u00e0 una cookie addicional en el teu navegador. Aquesta cookie no inclou dades personals i simplement indica l&#8217;ANEU de l&#8217;article que acabes d&#8217;editar. Caduca despr\u00e9s d&#8217;1 dia.<\/p>\n\n\n\n<h2 class=\"wp-block-heading\">Contingut incrustat d&#8217;altres llocs web<\/h2>\n\n\n\n<p>Els articles d&#8217;aquest lloc web poden incloure contingut incrustat (per exemple, v\u00eddeos, imatges, articles, etc.). El contingut incrustat d&#8217;altres webs es comporta exactament de la mateixa manera que si el visitant hagu\u00e9s visitat l&#8217;altra web.<\/p>\n\n\n\n<p>Aquestes web poden recopilar dades sobre tu, utilitzar cookies, incrustar un seguiment addicional de tercers, i supervisar la teva interacci\u00f3 amb aquest contingut incrustat, incl\u00f2s el seguiment de la teva interacci\u00f3 amb el contingut incrustat si tens un compte i est\u00e0s connectat a aquesta web.<\/p>\n\n\n\n<h2 class=\"wp-block-heading\">Amb qui compartim les teves dades<\/h2>\n\n\n\n<p><strong class=\"privacy-policy-tutorial\">Text suggerit:<\/strong>Si sol\u00b7licites un restabliment de contrasenya, la teva adre\u00e7a IP ser\u00e0 inclosa en el correu electr\u00f2nic de restabliment.<\/p>\n\n\n\n<h2 class=\"wp-block-heading\">Quant temps conservem les teves dades<\/h2>\n\n\n\n<p>Si deixeu un comentari, el comentari i les seves metadades es conserven indefinidament. Aix\u00f2 \u00e9s perqu\u00e8 puguem recon\u00e8ixer i aprovar comentaris successius autom\u00e0ticament, en lloc de mantenir-los en una cua de moderaci\u00f3.<\/p>\n\n\n\n<p>Dels usuaris que es registren en la nostra web (si n&#8217;hi ha), tamb\u00e9 emmagatzemem la informaci\u00f3 personal que proporcionen en el seu perfil d&#8217;usuari. Tots els usuaris poden veure, editar o eliminar la seva informaci\u00f3 personal en qualsevol moment (excepte que no poden canviar el seu nom d&#8217;usuari). Els administradors de la web tamb\u00e9 poden veure i editar aquesta informaci\u00f3.<\/p>\n\n\n\n<h2 class=\"wp-block-heading\">Quins drets tens sobre les teves dades<\/h2>\n\n\n\n<p>Si tens un compte o has deixat comentaris en aquesta web, pots sol\u00b7licitar rebre un fitxer d&#8217;exportaci\u00f3 de les dades personals que tenim sobre tu, incloent-hi qualsevol dada que ens hagis proporcionat. Tamb\u00e9 pots sol\u00b7licitar que eliminem qualsevol dada personal que tinguem sobre tu. Aix\u00f2 no inclou cap dada que estiguem obligats a conservar amb finalitats administratius, legals o de seguretat.<\/p>\n\n\n\n<h2 class=\"wp-block-heading\">On enviem les teves dades<\/h2>\n\n\n\n<p>Els comentaris dels visitants poden ser revisats per un servei de detecci\u00f3 autom\u00e0tica d&#8217;spam.<\/p>\n<\/div>\n<\/div>\n","protected":false},"excerpt":{"rendered":"<p>Qui som L&#8217;adre\u00e7a del nostre web \u00e9s: http:\/\/www.fisios.net. Comentaris Quan els visitants deixen comentaris a la web, recopilem les dades que es mostren al formulari de comentaris, aix\u00ed com l&#8217;adre\u00e7a IP del visitant i la cadena d&#8217;agents d&#8217;usuari del navegador per ajudar a la detecci\u00f3 d&#8217;spam. Una cadena an\u00f2nima creada a partir de la teva [&hellip;]<\/p>\n","protected":false},"author":1,"featured_media":0,"parent":0,"menu_order":0,"comment_status":"closed","ping_status":"open","template":"","meta":{"inline_featured_image":false,"_genesis_hide_title":false,"_genesis_hide_breadcrumbs":false,"_genesis_hide_singular_image":false,"_genesis_hide_footer_widgets":false,"_genesis_custom_body_class":"","_genesis_custom_post_class":"","_genesis_layout":"","_joinchat":[],"footnotes":""},"class_list":{"0":"post-1279","1":"page","2":"type-page","3":"status-publish","5":"entry"},"_links":{"self":[{"href":"https:\/\/www.fisios.net\/ca\/wp-json\/wp\/v2\/pages\/1279","targetHints":{"allow":["GET"]}}],"collection":[{"href":"https:\/\/www.fisios.net\/ca\/wp-json\/wp\/v2\/pages"}],"about":[{"href":"https:\/\/www.fisios.net\/ca\/wp-json\/wp\/v2\/types\/page"}],"author":[{"embeddable":true,"href":"https:\/\/www.fisios.net\/ca\/wp-json\/wp\/v2\/users\/1"}],"replies":[{"embeddable":true,"href":"https:\/\/www.fisios.net\/ca\/wp-json\/wp\/v2\/comments?post=1279"}],"version-history":[{"count":2,"href":"https:\/\/www.fisios.net\/ca\/wp-json\/wp\/v2\/pages\/1279\/revisions"}],"predecessor-version":[{"id":2721,"href":"https:\/\/www.fisios.net\/ca\/wp-json\/wp\/v2\/pages\/1279\/revisions\/2721"}],"wp:attachment":[{"href":"https:\/\/www.fisios.net\/ca\/wp-json\/wp\/v2\/media?parent=1279"}],"curies":[{"name":"wp","href":"https:\/\/api.w.org\/{rel}","templated":true}]}}