{"id":1281,"date":"2021-11-29T09:18:44","date_gmt":"2021-11-29T09:18:44","guid":{"rendered":"https:\/\/ciberesfera.es\/fisios2\/presoterapia\/"},"modified":"2023-02-15T15:18:28","modified_gmt":"2023-02-15T15:18:28","slug":"presoterapia","status":"publish","type":"page","link":"https:\/\/www.fisios.net\/ca\/presoterapia\/","title":{"rendered":"Presoter\u00e0pia"},"content":{"rendered":"\n<div class=\"wp-block-columns align-items-center is-layout-flex wp-container-core-columns-is-layout-9d6595d7 wp-block-columns-is-layout-flex\">\n<div class=\"wp-block-column is-layout-flow wp-block-column-is-layout-flow\">\n<h1 class=\"has-theme-secondary-color has-text-color wp-block-heading\">PRESOTER\u00c0PIA<\/h1>\n<\/div>\n\n\n\n<div class=\"wp-block-column is-layout-flow wp-block-column-is-layout-flow\">\n<figure class=\"wp-block-image size-full\"><img loading=\"lazy\" decoding=\"async\" width=\"788\" height=\"685\" src=\"http:\/\/www.fisios.net\/wp-content\/uploads\/2022\/11\/presoterapia.png\" alt=\"\" class=\"wp-image-1735\" srcset=\"https:\/\/www.fisios.net\/wp-content\/uploads\/2022\/11\/presoterapia.png 788w, https:\/\/www.fisios.net\/wp-content\/uploads\/2022\/11\/presoterapia-300x261.png 300w, https:\/\/www.fisios.net\/wp-content\/uploads\/2022\/11\/presoterapia-768x668.png 768w\" sizes=\"auto, (max-width: 788px) 100vw, 788px\" \/><\/figure>\n<\/div>\n<\/div>\n\n\n\n<div class=\"wp-block-columns is-layout-flex wp-container-core-columns-is-layout-9d6595d7 wp-block-columns-is-layout-flex\">\n<div class=\"wp-block-column menu-servicios is-layout-flow wp-block-column-is-layout-flow\" style=\"flex-basis:20%\">\n<p>TOTS ELS TRACTAMENTS<\/p>\n\n<p><a href=\"http:\/\/www.fisios.net\/ca\/fisioterapia\/\" data-type=\"page\" data-id=\"172\">Fisioter\u00e0pia<\/a><\/p>\n\n<p><a href=\"http:\/\/www.fisios.net\/ca\/osteopatia-estructural\/\" data-type=\"page\" data-id=\"119\">Osteopatia estructural<\/a><\/p>\n\n<p><a href=\"http:\/\/www.fisios.net\/ca\/tecarterapia-diatermia\/\" data-type=\"page\" data-id=\"174\">Tercaterapia Diatermia<\/a><\/p>\n\n<p><a href=\"http:\/\/www.fisios.net\/ca\/ones-de-xoc\/\" data-type=\"page\" data-id=\"176\">Ones de xoc radials<\/a><\/p>\n\n<p><a href=\"http:\/\/www.fisios.net\/ca\/presoterapia\/\" data-type=\"page\" data-id=\"178\">Presoterapia<\/a><\/p>\n\n<p><a href=\"http:\/\/www.fisios.net\/ca\/magnetoterapia\/\" data-type=\"page\" data-id=\"180\">Magnetoterapia<\/a><\/p>\n\n<p><a href=\"http:\/\/www.fisios.net\/ca\/puncio-seca\/\" data-type=\"page\" data-id=\"985\">Punci\u00f3 Seca<\/a><\/p>\n\n<p><a href=\"http:\/\/www.fisios.net\/ca\/massatges\/\" data-type=\"page\" data-id=\"186\">Massatges<\/a><\/p>\n\n<p><a href=\"http:\/\/www.fisios.net\/ca\/vacudermia-o-tractament-de-teixits-controlat\/\" data-type=\"page\" data-id=\"992\">Vacudermia o tractament de teixits controlat<\/a><\/p>\n<\/div>\n\n\n\n<div class=\"wp-block-column is-layout-flow wp-block-column-is-layout-flow\" style=\"flex-basis:80%\">\n<p>FISiOS posa a disposici\u00f3 FARMA PRESS DIGITAL COMPLETA 8 CAMBRES<\/p>\n\n\n\n<p>La presoter\u00e0pia \u00e9s un tractament que mitjan\u00e7ant un sistema de compressi\u00f3 i descompressi\u00f3 a trav\u00e9s d&#8217;unes cambres d&#8217;aire que es van inflant i desinflant, provocant una estimulaci\u00f3 del sistema limf\u00e0tic i sanguini.<\/p>\n\n\n\n<p>Produeix una millora de la circulaci\u00f3 sangu\u00ednia\/limf\u00e0tica i oxigenaci\u00f3 de teixits.<\/p>\n\n\n\n<p>Indicat per al tractament de cames cansades, edemes, limfoedemes, hipertensi\u00f3 arterial, cel\u00b7lulitis,\u2026<\/p>\n\n\n\n<p>La Presoterapia combinada amb el massatge pot augmentar el benefici d&#8217;aquesta ter\u00e0pia.<\/p>\n\n\n\n<figure class=\"wp-block-image size-large is-resized\"><img decoding=\"async\" src=\"http:\/\/www.fisios.net\/wp-content\/uploads\/2022\/01\/Presoterapia-1-1024x899.jpg\" alt=\"\" class=\"wp-image-799\" width=\"500\" height=\"NaN\" srcset=\"https:\/\/www.fisios.net\/wp-content\/uploads\/2022\/01\/Presoterapia-1-1024x899.jpg 1024w, https:\/\/www.fisios.net\/wp-content\/uploads\/2022\/01\/Presoterapia-1-300x263.jpg 300w, https:\/\/www.fisios.net\/wp-content\/uploads\/2022\/01\/Presoterapia-1-768x674.jpg 768w, https:\/\/www.fisios.net\/wp-content\/uploads\/2022\/01\/Presoterapia-1-1536x1348.jpg 1536w, https:\/\/www.fisios.net\/wp-content\/uploads\/2022\/01\/Presoterapia-1-2048x1798.jpg 2048w\" sizes=\"(max-width: 1024px) 100vw, 1024px\" \/><\/figure>\n<\/div>\n<\/div>\n","protected":false},"excerpt":{"rendered":"<p>PRESOTER\u00c0PIA FISiOS posa a disposici\u00f3 FARMA PRESS DIGITAL COMPLETA 8 CAMBRES La presoter\u00e0pia \u00e9s un tractament que mitjan\u00e7ant un sistema de compressi\u00f3 i descompressi\u00f3 a trav\u00e9s d&#8217;unes cambres d&#8217;aire que es van inflant i desinflant, provocant una estimulaci\u00f3 del sistema limf\u00e0tic i sanguini. Produeix una millora de la circulaci\u00f3 sangu\u00ednia\/limf\u00e0tica i oxigenaci\u00f3 de teixits. Indicat [&hellip;]<\/p>\n","protected":false},"author":1,"featured_media":0,"parent":0,"menu_order":0,"comment_status":"closed","ping_status":"closed","template":"","meta":{"inline_featured_image":false,"_genesis_hide_title":false,"_genesis_hide_breadcrumbs":false,"_genesis_hide_singular_image":false,"_genesis_hide_footer_widgets":false,"_genesis_custom_body_class":"","_genesis_custom_post_class":"","_genesis_layout":"","_joinchat":[],"footnotes":""},"class_list":{"0":"post-1281","1":"page","2":"type-page","3":"status-publish","5":"entry"},"_links":{"self":[{"href":"https:\/\/www.fisios.net\/ca\/wp-json\/wp\/v2\/pages\/1281","targetHints":{"allow":["GET"]}}],"collection":[{"href":"https:\/\/www.fisios.net\/ca\/wp-json\/wp\/v2\/pages"}],"about":[{"href":"https:\/\/www.fisios.net\/ca\/wp-json\/wp\/v2\/types\/page"}],"author":[{"embeddable":true,"href":"https:\/\/www.fisios.net\/ca\/wp-json\/wp\/v2\/users\/1"}],"replies":[{"embeddable":true,"href":"https:\/\/www.fisios.net\/ca\/wp-json\/wp\/v2\/comments?post=1281"}],"version-history":[{"count":9,"href":"https:\/\/www.fisios.net\/ca\/wp-json\/wp\/v2\/pages\/1281\/revisions"}],"predecessor-version":[{"id":2385,"href":"https:\/\/www.fisios.net\/ca\/wp-json\/wp\/v2\/pages\/1281\/revisions\/2385"}],"wp:attachment":[{"href":"https:\/\/www.fisios.net\/ca\/wp-json\/wp\/v2\/media?parent=1281"}],"curies":[{"name":"wp","href":"https:\/\/api.w.org\/{rel}","templated":true}]}}