{"id":1285,"date":"2022-09-02T21:38:42","date_gmt":"2022-09-02T21:38:42","guid":{"rendered":"https:\/\/ciberesfera.es\/fisios2\/puncio-seca\/"},"modified":"2023-02-15T22:32:07","modified_gmt":"2023-02-15T22:32:07","slug":"puncio-seca","status":"publish","type":"page","link":"https:\/\/www.fisios.net\/ca\/puncio-seca\/","title":{"rendered":"Punci\u00f3 Seca"},"content":{"rendered":"\n<div class=\"wp-block-columns align-items-center is-layout-flex wp-container-core-columns-is-layout-9d6595d7 wp-block-columns-is-layout-flex\">\n<div class=\"wp-block-column is-layout-flow wp-block-column-is-layout-flow\">\n<h1 class=\"has-theme-secondary-color has-text-color wp-block-heading\">PUNCI\u00d2&nbsp;SECA<\/h1>\n<\/div>\n\n\n\n<div class=\"wp-block-column is-layout-flow wp-block-column-is-layout-flow\">\n<figure class=\"wp-block-image size-full\"><img loading=\"lazy\" decoding=\"async\" width=\"788\" height=\"685\" src=\"https:\/\/www.fisios.net\/wp-content\/uploads\/2023\/02\/puncion-seca-1.png\" alt=\"\" class=\"wp-image-2549\" srcset=\"https:\/\/www.fisios.net\/wp-content\/uploads\/2023\/02\/puncion-seca-1.png 788w, https:\/\/www.fisios.net\/wp-content\/uploads\/2023\/02\/puncion-seca-1-300x261.png 300w, https:\/\/www.fisios.net\/wp-content\/uploads\/2023\/02\/puncion-seca-1-768x668.png 768w\" sizes=\"auto, (max-width: 788px) 100vw, 788px\" \/><\/figure>\n<\/div>\n<\/div>\n\n\n\n<div class=\"wp-block-columns is-layout-flex wp-container-core-columns-is-layout-9d6595d7 wp-block-columns-is-layout-flex\">\n<div class=\"wp-block-column menu-servicios is-layout-flow wp-block-column-is-layout-flow\" style=\"flex-basis:20%\">\n<p>TOTS ELS TRACTAMENTS<\/p>\n\n<p><a href=\"http:\/\/www.fisios.net\/ca\/fisioterapia\/\" data-type=\"page\" data-id=\"172\">Fisioter\u00e0pia<\/a><\/p>\n\n<p><a href=\"http:\/\/www.fisios.net\/ca\/osteopatia-estructural\/\" data-type=\"page\" data-id=\"119\">Osteopatia estructural<\/a><\/p>\n\n<p><a href=\"http:\/\/www.fisios.net\/ca\/tecarterapia-diatermia\/\" data-type=\"page\" data-id=\"174\">Tercaterapia Diatermia<\/a><\/p>\n\n<p><a href=\"http:\/\/www.fisios.net\/ca\/ones-de-xoc\/\" data-type=\"page\" data-id=\"176\">Ones de xoc radials<\/a><\/p>\n\n<p><a href=\"http:\/\/www.fisios.net\/ca\/presoterapia\/\" data-type=\"page\" data-id=\"178\">Presoterapia<\/a><\/p>\n\n<p><a href=\"http:\/\/www.fisios.net\/ca\/magnetoterapia\/\" data-type=\"page\" data-id=\"180\">Magnetoterapia<\/a><\/p>\n\n<p><a href=\"http:\/\/www.fisios.net\/ca\/puncio-seca\/\" data-type=\"page\" data-id=\"985\">Punci\u00f3 Seca<\/a><\/p>\n\n<p><a href=\"http:\/\/www.fisios.net\/ca\/massatges\/\" data-type=\"page\" data-id=\"186\">Massatges<\/a><\/p>\n\n<p><a href=\"http:\/\/www.fisios.net\/ca\/vacudermia-o-tractament-de-teixits-controlat\/\" data-type=\"page\" data-id=\"992\">Vacudermia o tractament de teixits controlat<\/a><\/p>\n<\/div>\n\n\n\n<div class=\"wp-block-column is-layout-flow wp-block-column-is-layout-flow\" style=\"flex-basis:80%\">\n<p>La punci\u00f3 seca \u00e9s una t\u00e8cnica fisioterap\u00e8utica que utilitza agulles d&#8217;acupuntura per a tractar unes certes malalties, especialment la s\u00edndrome de dolor miofascial.<\/p>\n\n\n\n<p>Es defineix com una t\u00e8cnica semi-invasiva perqu\u00e8 les agulles penetren la pell a la recerca del punt gallet per a pressionar-lo, desactivar-lo i acabar amb el dolor. L&#8217;agulla es pot considerar una extensi\u00f3 dels dits del fisioterapeuta i poder arribar a nivells m\u00e9s profunds.<\/p>\n\n\n\n<p>Quant dura el dolor de la punci\u00f3 seca?<\/p>\n\n\n\n<p>Normalment, aquest dolor post-punci\u00f3 dura entre unes poques hores i dos dies, i pot presentar un hematoma ocasional.<\/p>\n<\/div>\n<\/div>\n","protected":false},"excerpt":{"rendered":"<p>PUNCI\u00d2&nbsp;SECA La punci\u00f3 seca \u00e9s una t\u00e8cnica fisioterap\u00e8utica que utilitza agulles d&#8217;acupuntura per a tractar unes certes malalties, especialment la s\u00edndrome de dolor miofascial. Es defineix com una t\u00e8cnica semi-invasiva perqu\u00e8 les agulles penetren la pell a la recerca del punt gallet per a pressionar-lo, desactivar-lo i acabar amb el dolor. L&#8217;agulla es pot considerar [&hellip;]<\/p>\n","protected":false},"author":1,"featured_media":0,"parent":0,"menu_order":0,"comment_status":"closed","ping_status":"closed","template":"","meta":{"inline_featured_image":false,"_genesis_hide_title":false,"_genesis_hide_breadcrumbs":false,"_genesis_hide_singular_image":false,"_genesis_hide_footer_widgets":false,"_genesis_custom_body_class":"","_genesis_custom_post_class":"","_genesis_layout":"","_joinchat":[],"footnotes":""},"class_list":{"0":"post-1285","1":"page","2":"type-page","3":"status-publish","5":"entry"},"_links":{"self":[{"href":"https:\/\/www.fisios.net\/ca\/wp-json\/wp\/v2\/pages\/1285","targetHints":{"allow":["GET"]}}],"collection":[{"href":"https:\/\/www.fisios.net\/ca\/wp-json\/wp\/v2\/pages"}],"about":[{"href":"https:\/\/www.fisios.net\/ca\/wp-json\/wp\/v2\/types\/page"}],"author":[{"embeddable":true,"href":"https:\/\/www.fisios.net\/ca\/wp-json\/wp\/v2\/users\/1"}],"replies":[{"embeddable":true,"href":"https:\/\/www.fisios.net\/ca\/wp-json\/wp\/v2\/comments?post=1285"}],"version-history":[{"count":8,"href":"https:\/\/www.fisios.net\/ca\/wp-json\/wp\/v2\/pages\/1285\/revisions"}],"predecessor-version":[{"id":2552,"href":"https:\/\/www.fisios.net\/ca\/wp-json\/wp\/v2\/pages\/1285\/revisions\/2552"}],"wp:attachment":[{"href":"https:\/\/www.fisios.net\/ca\/wp-json\/wp\/v2\/media?parent=1285"}],"curies":[{"name":"wp","href":"https:\/\/api.w.org\/{rel}","templated":true}]}}