{"id":1287,"date":"2021-11-15T21:44:32","date_gmt":"2021-11-15T21:44:32","guid":{"rendered":"https:\/\/ciberesfera.es\/fisios2\/els-qui-som-i-contacte\/"},"modified":"2023-02-15T17:23:33","modified_gmt":"2023-02-15T17:23:33","slug":"contacte","status":"publish","type":"page","link":"https:\/\/www.fisios.net\/ca\/contacte\/","title":{"rendered":"Contacte"},"content":{"rendered":"\n<div class=\"wp-block-columns is-layout-flex wp-container-core-columns-is-layout-9d6595d7 wp-block-columns-is-layout-flex\">\n<div class=\"wp-block-column is-layout-flow wp-block-column-is-layout-flow\">\n<div class=\"wp-block-columns is-layout-flex wp-container-core-columns-is-layout-9d6595d7 wp-block-columns-is-layout-flex\">\n<div class=\"wp-block-column is-layout-flow wp-block-column-is-layout-flow\">\n<a href=\"+tel:932601635\" class=\"contact_box\">\n    <div class=\"monteserin_icon_wrapper\"><i class=\"fas fa-phone-volume\"><\/i><\/div>\n    <p>932 601 635<\/p>\n<\/a>\n<\/div>\n\n\n\n<div class=\"wp-block-column is-layout-flow wp-block-column-is-layout-flow\">\n<a href=\"mailto:fisios@fisios.net\" class=\"contact_box\">\n    <div class=\"monteserin_icon_wrapper\"><i class=\"far fa-envelope\"><\/i><\/div>\n    <p style=\"font-size:1rem\">fisios@fisios.net<\/p>\n<\/a>\n<\/div>\n\n\n\n<div class=\"wp-block-column is-layout-flow wp-block-column-is-layout-flow\">\n<a href=\"https:\/\/wa.me\/34673 712302?text=Hola!\" class=\"contact_box\">\n    <div class=\"monteserin_icon_wrapper\"><i class=\"fa fa-whatsapp\"><\/i><\/div>\n    <p>673 71 23 02<\/p>\n<\/a>\n<\/div>\n<\/div>\n\n\n\n<div style=\"height:25px\" aria-hidden=\"true\" class=\"wp-block-spacer\"><\/div>\n\n\n\n<p class=\"has-text-align-left\"><strong>FISIOS CENTRE DE FISIOTER\u00c0PIA, S.L.P.<\/strong> com a responsable del tractament tractar\u00e0 les teves dades amb la finalitat de donar resposta a la teva consulta o petici\u00f3. Pots accedir, rectificar i suprimir les teves dades, aix\u00ed com exercir altres drets consultant la informaci\u00f3 addicional i detallada sobre protecci\u00f3 de dades en la nostra <a rel=\"noreferrer noopener\" href=\"https:\/\/ciberesfera.es\/fisios\/?page_id=518\" data-type=\"page\" data-id=\"518\" target=\"_blank\"><strong>Pol\u00edtica de Privacitat<\/strong><\/a><\/p>\n<\/div>\n\n\n\n<div class=\"wp-block-column is-layout-flow wp-block-column-is-layout-flow\">\n<iframe src=\"https:\/\/www.google.com\/maps\/embed?pb=!1m18!1m12!1m3!1d2994.5464395630825!2d2.1050612157499327!3d41.362211205517966!2m3!1f0!2f0!3f0!3m2!1i1024!2i768!4f13.1!3m3!1m2!1s0x12a498e0740e9221%3A0xb75c815d5a29436!2sCarrer%20de%20Rod%C3%A9s%2C%2031%2C%2008901%20L'Hospitalet%20de%20Llobregat%2C%20Barcelona!5e0!3m2!1sen!2ses!4v1642973058596!5m2!1sen!2ses\" width=\"600\" height=\"450\" style=\"border:0;\" allowfullscreen=\"\" loading=\"lazy\"><\/iframe>\n<\/div>\n<\/div>\n\n\n","protected":false},"excerpt":{"rendered":"<p>932 601 635 fisios@fisios.net 673 71 23 02 FISIOS CENTRE DE FISIOTER\u00c0PIA, S.L.P. com a responsable del tractament tractar\u00e0 les teves dades amb la finalitat de donar resposta a la teva consulta o petici\u00f3. Pots accedir, rectificar i suprimir les teves dades, aix\u00ed com exercir altres drets consultant la informaci\u00f3 addicional i detallada sobre protecci\u00f3 [&hellip;]<\/p>\n","protected":false},"author":1,"featured_media":0,"parent":0,"menu_order":0,"comment_status":"closed","ping_status":"closed","template":"","meta":{"inline_featured_image":false,"_genesis_hide_title":false,"_genesis_hide_breadcrumbs":false,"_genesis_hide_singular_image":false,"_genesis_hide_footer_widgets":false,"_genesis_custom_body_class":"","_genesis_custom_post_class":"","_genesis_layout":"","_joinchat":[],"footnotes":""},"class_list":{"0":"post-1287","1":"page","2":"type-page","3":"status-publish","5":"entry"},"_links":{"self":[{"href":"https:\/\/www.fisios.net\/ca\/wp-json\/wp\/v2\/pages\/1287","targetHints":{"allow":["GET"]}}],"collection":[{"href":"https:\/\/www.fisios.net\/ca\/wp-json\/wp\/v2\/pages"}],"about":[{"href":"https:\/\/www.fisios.net\/ca\/wp-json\/wp\/v2\/types\/page"}],"author":[{"embeddable":true,"href":"https:\/\/www.fisios.net\/ca\/wp-json\/wp\/v2\/users\/1"}],"replies":[{"embeddable":true,"href":"https:\/\/www.fisios.net\/ca\/wp-json\/wp\/v2\/comments?post=1287"}],"version-history":[{"count":6,"href":"https:\/\/www.fisios.net\/ca\/wp-json\/wp\/v2\/pages\/1287\/revisions"}],"predecessor-version":[{"id":2514,"href":"https:\/\/www.fisios.net\/ca\/wp-json\/wp\/v2\/pages\/1287\/revisions\/2514"}],"wp:attachment":[{"href":"https:\/\/www.fisios.net\/ca\/wp-json\/wp\/v2\/media?parent=1287"}],"curies":[{"name":"wp","href":"https:\/\/api.w.org\/{rel}","templated":true}]}}