{"id":1301,"date":"2022-09-02T21:50:11","date_gmt":"2022-09-02T21:50:11","guid":{"rendered":"https:\/\/ciberesfera.es\/fisios2\/vacudermia-o-tractament-de-teixits-controlat\/"},"modified":"2023-02-15T22:34:32","modified_gmt":"2023-02-15T22:34:32","slug":"vacudermia-o-tractament-de-teixits-controlat","status":"publish","type":"page","link":"https:\/\/www.fisios.net\/ca\/vacudermia-o-tractament-de-teixits-controlat\/","title":{"rendered":"Vacuod\u00e8rmia o tractament de teixits controlats"},"content":{"rendered":"\n<div class=\"wp-block-columns align-items-center is-layout-flex wp-container-core-columns-is-layout-9d6595d7 wp-block-columns-is-layout-flex\">\n<div class=\"wp-block-column is-layout-flow wp-block-column-is-layout-flow\">\n<h1 class=\"has-theme-secondary-color has-text-color wp-block-heading\"><br>VACUOD\u00c8RMIA<br>O TRACTAMENT<br>DE TEIXITS<br>CONTROLATS<\/h1>\n<\/div>\n\n\n\n<div class=\"wp-block-column is-layout-flow wp-block-column-is-layout-flow\">\n<figure class=\"wp-block-image size-full\"><img loading=\"lazy\" decoding=\"async\" width=\"788\" height=\"685\" src=\"http:\/\/www.fisios.net\/wp-content\/uploads\/2023\/02\/vacuodermia.png\" alt=\"\" class=\"wp-image-2558\" srcset=\"https:\/\/www.fisios.net\/wp-content\/uploads\/2023\/02\/vacuodermia.png 788w, https:\/\/www.fisios.net\/wp-content\/uploads\/2023\/02\/vacuodermia-300x261.png 300w, https:\/\/www.fisios.net\/wp-content\/uploads\/2023\/02\/vacuodermia-768x668.png 768w\" sizes=\"auto, (max-width: 788px) 100vw, 788px\" \/><\/figure>\n<\/div>\n<\/div>\n\n\n\n<div class=\"wp-block-columns is-layout-flex wp-container-core-columns-is-layout-9d6595d7 wp-block-columns-is-layout-flex\">\n<div class=\"wp-block-column menu-servicios is-layout-flow wp-block-column-is-layout-flow\" style=\"flex-basis:20%\">\n<p>TOTS ELS TRACTAMENTS<\/p>\n\n<p><a href=\"http:\/\/www.fisios.net\/ca\/fisioterapia\/\" data-type=\"page\" data-id=\"172\">Fisioter\u00e0pia<\/a><\/p>\n\n<p><a href=\"http:\/\/www.fisios.net\/ca\/osteopatia-estructural\/\" data-type=\"page\" data-id=\"119\">Osteopatia estructural<\/a><\/p>\n\n<p><a href=\"http:\/\/www.fisios.net\/ca\/tecarterapia-diatermia\/\" data-type=\"page\" data-id=\"174\">Tercaterapia Diatermia<\/a><\/p>\n\n<p><a href=\"http:\/\/www.fisios.net\/ca\/ones-de-xoc\/\" data-type=\"page\" data-id=\"176\">Ones de xoc radials<\/a><\/p>\n\n<p><a href=\"http:\/\/www.fisios.net\/ca\/presoterapia\/\" data-type=\"page\" data-id=\"178\">Presoterapia<\/a><\/p>\n\n<p><a href=\"http:\/\/www.fisios.net\/ca\/magnetoterapia\/\" data-type=\"page\" data-id=\"180\">Magnetoterapia<\/a><\/p>\n\n<p><a href=\"http:\/\/www.fisios.net\/ca\/puncio-seca\/\" data-type=\"page\" data-id=\"985\">Punci\u00f3 Seca<\/a><\/p>\n\n<p><a href=\"http:\/\/www.fisios.net\/ca\/massatges\/\" data-type=\"page\" data-id=\"186\">Massatges<\/a><\/p>\n\n<p><a href=\"http:\/\/www.fisios.net\/ca\/vacudermia-o-tractament-de-teixits-controlat\/\" data-type=\"page\" data-id=\"992\">Vacudermia o tractament de teixits controlat<\/a><\/p>\n<\/div>\n\n\n\n<div class=\"wp-block-column is-layout-flow wp-block-column-is-layout-flow\" style=\"flex-basis:80%\">\n<p>FISIOS posa a disposici\u00f3 EUREDUC TV20 VACUODERMIE<\/p>\n\n\n\n<p>Dispositiu de vacuod\u00e8rmia (o tractament de teixits controlat) que permet realitzar un massatge utilitzant diferents cap\u00e7als de tractament transparents, maniobres que van des de la profunditat fins a la superf\u00edcie.<\/p>\n\n\n\n<p>El plec format per depressi\u00f3 o aspiraci\u00f3 (modulada en intensitat) permet una mobilitzaci\u00f3 espec\u00edfica dels plans de la pell subjacents.<\/p>\n\n\n\n<p>La tecnologia TV20 permet una alta precisi\u00f3 d&#8217;ajust de la depressi\u00f3 mitjan\u00e7ant el control digital en forma i intensitat.<\/p>\n\n\n\n<p>Aix\u00f2 li permet utilitzar: depressi\u00f3 constant, una depressi\u00f3 alternativament baixa o alta. La configuraci\u00f3 independent dels diferents par\u00e0metres permet un nombre infinit de possibilitats.<\/p>\n\n\n\n<p>El dispositiu Vacuodermie TV20 cont\u00e9 programes predefinits i personalitzables per a la rehabilitaci\u00f3 i la fisioter\u00e0pia. Aquest dispositiu de depressiu-massatge utilitza ventoses per a realitzar tractaments que van des de la profunditat fins a la superf\u00edcie.<\/p>\n\n\n\n<h2 class=\"wp-block-heading\">Indicacions Principals<\/h2>\n\n\n\n<ul class=\"wp-block-list\">\n<li>Reumatologia : artrosi, artritis, malalties articulars o peri-articulars degeneratives (PSH).<\/li>\n\n\n\n<li>Patologies musculars: edemes, contractures, enrampades, ferides musculars, preparaci\u00f3 per a l&#8217;esfor\u00e7 i recuperaci\u00f3 posterior<\/li>\n\n\n\n<li>Traumatismes: tendinitis, ferides tendinoses i musculars recents o antigues<\/li>\n\n\n\n<li>Patologies cut\u00e0nies : cicatrius, cremades, brides i retraccions<\/li>\n\n\n\n<li>Cel\u00b7lulitis i remodelat corporal<\/li>\n\n\n\n<li>Tonificaci\u00f3 de la pell, remodelat de la cara, limitaci\u00f3 de l&#8217;aparici\u00f3 d&#8217;arrugues i petites arrugues<\/li>\n\n\n\n<li>Massatges i t\u00e8cniques reflexes : BGM, reflexologia auricular o plantar<\/li>\n<\/ul>\n<\/div>\n<\/div>\n","protected":false},"excerpt":{"rendered":"<p>VACUOD\u00c8RMIAO TRACTAMENTDE TEIXITSCONTROLATS FISIOS posa a disposici\u00f3 EUREDUC TV20 VACUODERMIE Dispositiu de vacuod\u00e8rmia (o tractament de teixits controlat) que permet realitzar un massatge utilitzant diferents cap\u00e7als de tractament transparents, maniobres que van des de la profunditat fins a la superf\u00edcie. El plec format per depressi\u00f3 o aspiraci\u00f3 (modulada en intensitat) permet una mobilitzaci\u00f3 espec\u00edfica dels [&hellip;]<\/p>\n","protected":false},"author":1,"featured_media":0,"parent":0,"menu_order":0,"comment_status":"closed","ping_status":"closed","template":"","meta":{"inline_featured_image":false,"_genesis_hide_title":false,"_genesis_hide_breadcrumbs":false,"_genesis_hide_singular_image":false,"_genesis_hide_footer_widgets":false,"_genesis_custom_body_class":"","_genesis_custom_post_class":"","_genesis_layout":"","_joinchat":[],"footnotes":""},"class_list":{"0":"post-1301","1":"page","2":"type-page","3":"status-publish","5":"entry"},"_links":{"self":[{"href":"https:\/\/www.fisios.net\/ca\/wp-json\/wp\/v2\/pages\/1301","targetHints":{"allow":["GET"]}}],"collection":[{"href":"https:\/\/www.fisios.net\/ca\/wp-json\/wp\/v2\/pages"}],"about":[{"href":"https:\/\/www.fisios.net\/ca\/wp-json\/wp\/v2\/types\/page"}],"author":[{"embeddable":true,"href":"https:\/\/www.fisios.net\/ca\/wp-json\/wp\/v2\/users\/1"}],"replies":[{"embeddable":true,"href":"https:\/\/www.fisios.net\/ca\/wp-json\/wp\/v2\/comments?post=1301"}],"version-history":[{"count":10,"href":"https:\/\/www.fisios.net\/ca\/wp-json\/wp\/v2\/pages\/1301\/revisions"}],"predecessor-version":[{"id":2559,"href":"https:\/\/www.fisios.net\/ca\/wp-json\/wp\/v2\/pages\/1301\/revisions\/2559"}],"wp:attachment":[{"href":"https:\/\/www.fisios.net\/ca\/wp-json\/wp\/v2\/media?parent=1301"}],"curies":[{"name":"wp","href":"https:\/\/api.w.org\/{rel}","templated":true}]}}