{"id":1561,"date":"2022-11-01T19:31:21","date_gmt":"2022-11-01T19:31:21","guid":{"rendered":"http:\/\/www.fisios.net\/altres-especialitats\/"},"modified":"2023-02-15T14:46:52","modified_gmt":"2023-02-15T14:46:52","slug":"altres-especialitats","status":"publish","type":"page","link":"https:\/\/www.fisios.net\/ca\/altres-especialitats\/","title":{"rendered":"Altres especialitats"},"content":{"rendered":"\n<div class=\"wp-block-columns align-items-center is-layout-flex wp-container-core-columns-is-layout-9d6595d7 wp-block-columns-is-layout-flex\">\n<div class=\"wp-block-column is-layout-flow wp-block-column-is-layout-flow\">\n<h1 class=\"has-theme-secondary-color has-text-color wp-block-heading\">ALTRES ESPECIALITATS<\/h1>\n<\/div>\n\n\n\n<div class=\"wp-block-column is-layout-flow wp-block-column-is-layout-flow\">\n<figure class=\"wp-block-image size-full\"><img loading=\"lazy\" decoding=\"async\" width=\"788\" height=\"685\" src=\"http:\/\/www.fisios.net\/wp-content\/uploads\/2022\/11\/Frame-19.png\" alt=\"\" class=\"wp-image-1513\" srcset=\"https:\/\/www.fisios.net\/wp-content\/uploads\/2022\/11\/Frame-19.png 788w, https:\/\/www.fisios.net\/wp-content\/uploads\/2022\/11\/Frame-19-300x261.png 300w, https:\/\/www.fisios.net\/wp-content\/uploads\/2022\/11\/Frame-19-768x668.png 768w\" sizes=\"auto, (max-width: 788px) 100vw, 788px\" \/><\/figure>\n<\/div>\n<\/div>\n\n\n\n<h2 class=\"has-text-align-center has-theme-secondary-color has-text-color wp-block-heading\">TRACTAMENTS<\/h2>\n\n\n\n<div class=\"wp-block-columns mb-0 is-layout-flex wp-container-core-columns-is-layout-9d6595d7 wp-block-columns-is-layout-flex\">\n<div class=\"wp-block-column box has-background is-layout-flow wp-block-column-is-layout-flow\" style=\"background-color:#ffffff\">\n<figure class=\"wp-block-image size-full\"><img loading=\"lazy\" decoding=\"async\" width=\"1024\" height=\"768\" src=\"http:\/\/www.fisios.net\/wp-content\/uploads\/2022\/11\/isioterapia-maxilofacia-atm.jpg\" alt=\"\" class=\"wp-image-1673\" srcset=\"https:\/\/www.fisios.net\/wp-content\/uploads\/2022\/11\/isioterapia-maxilofacia-atm.jpg 1024w, https:\/\/www.fisios.net\/wp-content\/uploads\/2022\/11\/isioterapia-maxilofacia-atm-300x225.jpg 300w, https:\/\/www.fisios.net\/wp-content\/uploads\/2022\/11\/isioterapia-maxilofacia-atm-768x576.jpg 768w, https:\/\/www.fisios.net\/wp-content\/uploads\/2022\/11\/isioterapia-maxilofacia-atm-702x526.jpg 702w\" sizes=\"auto, (max-width: 1024px) 100vw, 1024px\" \/><\/figure>\n\n\n\n<h2 class=\"has-text-align-center has-theme-primary-color has-text-color wp-block-heading\">FISIOTER\u00c0PIA MAXIL.LOFACIAL I ATM<\/h2>\n\n\n\n<p><a href=\"http:\/\/www.fisios.net\/ca\/fisioterapia-maxillofacial-i-atm\/\">fisioterapia-maxilofacial<\/a><\/p>\n<\/div>\n\n\n\n<div class=\"wp-block-column box has-background is-layout-flow wp-block-column-is-layout-flow\" style=\"background-color:#ffffff\">\n<figure class=\"wp-block-image size-full\"><img loading=\"lazy\" decoding=\"async\" width=\"1024\" height=\"768\" src=\"http:\/\/www.fisios.net\/wp-content\/uploads\/2022\/11\/fisioterapia-suelo-pelvico.jpg\" alt=\"\" class=\"wp-image-1670\" srcset=\"https:\/\/www.fisios.net\/wp-content\/uploads\/2022\/11\/fisioterapia-suelo-pelvico.jpg 1024w, https:\/\/www.fisios.net\/wp-content\/uploads\/2022\/11\/fisioterapia-suelo-pelvico-300x225.jpg 300w, https:\/\/www.fisios.net\/wp-content\/uploads\/2022\/11\/fisioterapia-suelo-pelvico-768x576.jpg 768w, https:\/\/www.fisios.net\/wp-content\/uploads\/2022\/11\/fisioterapia-suelo-pelvico-702x526.jpg 702w\" sizes=\"auto, (max-width: 1024px) 100vw, 1024px\" \/><\/figure>\n\n\n\n<h2 class=\"has-text-align-center has-theme-primary-color has-text-color wp-block-heading\">FISIOTER\u00c0PIA S\u00d2L PELVI\u00c0<\/h2>\n\n\n\n<p><a href=\"http:\/\/www.fisios.net\/ca\/fisioterapia-sol-pelvia\/\">suelo-pelvico<\/a><\/p>\n<\/div>\n\n\n\n<div class=\"wp-block-column box has-background is-layout-flow wp-block-column-is-layout-flow\" style=\"background-color:#ffffff\">\n<figure class=\"wp-block-image size-full\"><img loading=\"lazy\" decoding=\"async\" width=\"1024\" height=\"768\" src=\"http:\/\/www.fisios.net\/wp-content\/uploads\/2022\/11\/fisioestetica-postoperatoria.jpg\" alt=\"\" class=\"wp-image-1668\" srcset=\"https:\/\/www.fisios.net\/wp-content\/uploads\/2022\/11\/fisioestetica-postoperatoria.jpg 1024w, https:\/\/www.fisios.net\/wp-content\/uploads\/2022\/11\/fisioestetica-postoperatoria-300x225.jpg 300w, https:\/\/www.fisios.net\/wp-content\/uploads\/2022\/11\/fisioestetica-postoperatoria-768x576.jpg 768w, https:\/\/www.fisios.net\/wp-content\/uploads\/2022\/11\/fisioestetica-postoperatoria-702x526.jpg 702w\" sizes=\"auto, (max-width: 1024px) 100vw, 1024px\" \/><\/figure>\n\n\n\n<h2 class=\"has-text-align-center has-theme-primary-color has-text-color wp-block-heading\">FISIOEST\u00c8TICA POSTQUIR\u00daRGICA<\/h2>\n\n\n\n<p><a href=\"http:\/\/www.fisios.net\/ca\/fisioestetica-postquirurgica\/\">fisioestetica-postquirurgica<\/a><\/p>\n<\/div>\n<\/div>\n\n\n\n<div class=\"wp-block-columns mb-0 is-layout-flex wp-container-core-columns-is-layout-9d6595d7 wp-block-columns-is-layout-flex\">\n<div class=\"wp-block-column box has-background is-layout-flow wp-block-column-is-layout-flow\" style=\"background-color:#ffffff\">\n<figure class=\"wp-block-image size-full\"><img loading=\"lazy\" decoding=\"async\" width=\"1024\" height=\"768\" src=\"http:\/\/www.fisios.net\/wp-content\/uploads\/2022\/11\/ejercicio-terapeutico-funcional.jpg\" alt=\"\" class=\"wp-image-1666\" srcset=\"https:\/\/www.fisios.net\/wp-content\/uploads\/2022\/11\/ejercicio-terapeutico-funcional.jpg 1024w, https:\/\/www.fisios.net\/wp-content\/uploads\/2022\/11\/ejercicio-terapeutico-funcional-300x225.jpg 300w, https:\/\/www.fisios.net\/wp-content\/uploads\/2022\/11\/ejercicio-terapeutico-funcional-768x576.jpg 768w, https:\/\/www.fisios.net\/wp-content\/uploads\/2022\/11\/ejercicio-terapeutico-funcional-702x526.jpg 702w\" sizes=\"auto, (max-width: 1024px) 100vw, 1024px\" \/><\/figure>\n\n\n\n<h2 class=\"has-text-align-center has-theme-primary-color has-text-color wp-block-heading\">EXERCICI TERAP\u00c8UTIC FUNCIONAL<\/h2>\n\n\n\n<p><a href=\"http:\/\/www.fisios.net\/ca\/exercici-terapeutic-funcional\/\">terapeutico-funcional<\/a><\/p>\n<\/div>\n\n\n\n<div class=\"wp-block-column box has-background is-layout-flow wp-block-column-is-layout-flow\" style=\"background-color:#ffffff\">\n<figure class=\"wp-block-image size-full\"><img loading=\"lazy\" decoding=\"async\" width=\"1024\" height=\"768\" src=\"http:\/\/www.fisios.net\/wp-content\/uploads\/2022\/11\/traumatologo-deportivo-01.jpg\" alt=\"\" class=\"wp-image-1677\" srcset=\"https:\/\/www.fisios.net\/wp-content\/uploads\/2022\/11\/traumatologo-deportivo-01.jpg 1024w, https:\/\/www.fisios.net\/wp-content\/uploads\/2022\/11\/traumatologo-deportivo-01-300x225.jpg 300w, https:\/\/www.fisios.net\/wp-content\/uploads\/2022\/11\/traumatologo-deportivo-01-768x576.jpg 768w, https:\/\/www.fisios.net\/wp-content\/uploads\/2022\/11\/traumatologo-deportivo-01-702x526.jpg 702w\" sizes=\"auto, (max-width: 1024px) 100vw, 1024px\" \/><\/figure>\n\n\n\n<h2 class=\"has-text-align-center has-theme-primary-color has-text-color wp-block-heading\">TRAUMAT\u00d2LEG ESPORTIU<\/h2>\n\n\n\n<p><a href=\"http:\/\/www.fisios.net\/ca\/traumatoleg-esportiu\/\">traumatologo-deportivo<\/a><\/p>\n<\/div>\n\n\n\n<div class=\"wp-block-column box has-background is-layout-flow wp-block-column-is-layout-flow\" style=\"background-color:#ffffff\">\n<figure class=\"wp-block-image size-full\"><img loading=\"lazy\" decoding=\"async\" width=\"1024\" height=\"768\" src=\"http:\/\/www.fisios.net\/wp-content\/uploads\/2022\/11\/terapia-mano.jpg\" alt=\"\" class=\"wp-image-1675\" srcset=\"https:\/\/www.fisios.net\/wp-content\/uploads\/2022\/11\/terapia-mano.jpg 1024w, https:\/\/www.fisios.net\/wp-content\/uploads\/2022\/11\/terapia-mano-300x225.jpg 300w, https:\/\/www.fisios.net\/wp-content\/uploads\/2022\/11\/terapia-mano-768x576.jpg 768w, https:\/\/www.fisios.net\/wp-content\/uploads\/2022\/11\/terapia-mano-702x526.jpg 702w\" sizes=\"auto, (max-width: 1024px) 100vw, 1024px\" \/><\/figure>\n\n\n\n<h2 class=\"has-text-align-center has-theme-primary-color has-text-color wp-block-heading\">TER\u00c0PIA DE M\u00c0<\/h2>\n\n\n\n<p><a href=\"http:\/\/www.fisios.net\/ca\/terapia-de-ma\/\">terapia-de-mano<\/a><\/p>\n<\/div>\n<\/div>\n\n\n\n<div class=\"wp-block-columns mb-0 is-layout-flex wp-container-core-columns-is-layout-9d6595d7 wp-block-columns-is-layout-flex\">\n<div class=\"wp-block-column box has-background is-layout-flow wp-block-column-is-layout-flow\" style=\"background-color:#ffffff\">\n<figure class=\"wp-block-image size-full\"><img loading=\"lazy\" decoding=\"async\" width=\"1024\" height=\"768\" src=\"http:\/\/www.fisios.net\/wp-content\/uploads\/2022\/11\/acupuntura.jpg\" alt=\"\" class=\"wp-image-1662\" srcset=\"https:\/\/www.fisios.net\/wp-content\/uploads\/2022\/11\/acupuntura.jpg 1024w, https:\/\/www.fisios.net\/wp-content\/uploads\/2022\/11\/acupuntura-300x225.jpg 300w, https:\/\/www.fisios.net\/wp-content\/uploads\/2022\/11\/acupuntura-768x576.jpg 768w, https:\/\/www.fisios.net\/wp-content\/uploads\/2022\/11\/acupuntura-702x526.jpg 702w\" sizes=\"auto, (max-width: 1024px) 100vw, 1024px\" \/><\/figure>\n\n\n\n<h2 class=\"has-text-align-center has-theme-primary-color has-text-color wp-block-heading\">ACUPUNTURA<\/h2>\n\n\n\n<p><a href=\"http:\/\/www.fisios.net\/ca\/acupuntura-i-medicina-tradicional-xinesa\/\">acupuntura<\/a><\/p>\n<\/div>\n\n\n\n<div class=\"wp-block-column box has-background is-layout-flow wp-block-column-is-layout-flow\" style=\"background-color:#ffffff\">\n<figure class=\"wp-block-image size-full\"><img loading=\"lazy\" decoding=\"async\" width=\"1024\" height=\"768\" src=\"http:\/\/www.fisios.net\/wp-content\/uploads\/2022\/11\/asesoramiento-lactancia-crianza.jpg\" alt=\"\" class=\"wp-image-1664\" srcset=\"https:\/\/www.fisios.net\/wp-content\/uploads\/2022\/11\/asesoramiento-lactancia-crianza.jpg 1024w, https:\/\/www.fisios.net\/wp-content\/uploads\/2022\/11\/asesoramiento-lactancia-crianza-300x225.jpg 300w, https:\/\/www.fisios.net\/wp-content\/uploads\/2022\/11\/asesoramiento-lactancia-crianza-768x576.jpg 768w, https:\/\/www.fisios.net\/wp-content\/uploads\/2022\/11\/asesoramiento-lactancia-crianza-702x526.jpg 702w\" sizes=\"auto, (max-width: 1024px) 100vw, 1024px\" \/><\/figure>\n\n\n\n<h2 class=\"has-text-align-center has-theme-primary-color has-text-color wp-block-heading\">ASSESSORAMENT LACT\u00c0NCIA I CRIAN\u00c7A<\/h2>\n\n\n\n<p><a href=\"http:\/\/www.fisios.net\/ca\/asesoramiento-lactancia-y-crianza\/\">asesoramiento<\/a><\/p>\n<\/div>\n\n\n\n<div class=\"wp-block-column has-background is-layout-flow wp-block-column-is-layout-flow\" style=\"background-color:#ffffff\">\n<p><\/p>\n<\/div>\n<\/div>\n\n\n\n<div style=\"height:100px\" aria-hidden=\"true\" class=\"wp-block-spacer\"><\/div>\n\n\n\n<div class=\"wp-block-columns alignfull bg-half is-layout-flex wp-container-core-columns-is-layout-9d6595d7 wp-block-columns-is-layout-flex\">\n<div class=\"wp-block-column has-background is-layout-flow wp-block-column-is-layout-flow\" style=\"background-color:#3d090900\">\n<div class=\"wp-block-columns alignfull is-layout-flex wp-container-core-columns-is-layout-9d6595d7 wp-block-columns-is-layout-flex\">\n<div class=\"wp-block-column is-layout-flow wp-block-column-is-layout-flow\">\n<div class=\"wp-block-columns bg-form p-5 mwidth1100 has-theme-secondary-background-color has-background is-layout-flex wp-container-core-columns-is-layout-9d6595d7 wp-block-columns-is-layout-flex\">\n<div class=\"wp-block-column withWhiteBorder is-layout-flow wp-block-column-is-layout-flow\">\n<h2 class=\"has-white-color has-text-color wp-block-heading\">\u00bfNECESITAS PARA SENTIRTE CORPORALMENTE MEJOR?<\/h2>\n<\/div>\n\n\n\n<div class=\"wp-block-column is-layout-flow wp-block-column-is-layout-flow\">\n<p class=\"has-theme-primary-color has-text-color has-larger-font-size\">CONTACTANOS Y TE LLAMAMOS<\/p>\n\n\n\n<div class=\"wp-block-contact-form-7-contact-form-selector\">\n<div class=\"wpcf7 no-js\" id=\"wpcf7-f5-o1\" lang=\"es-ES\" dir=\"ltr\" data-wpcf7-id=\"5\">\n<div class=\"screen-reader-response\"><p role=\"status\" aria-live=\"polite\" aria-atomic=\"true\"><\/p> <ul><\/ul><\/div>\n<form action=\"\/ca\/wp-json\/wp\/v2\/pages\/1561#wpcf7-f5-o1\" method=\"post\" class=\"wpcf7-form init\" aria-label=\"Formulario de contacto\" novalidate=\"novalidate\" data-status=\"init\">\n<fieldset class=\"hidden-fields-container\"><input type=\"hidden\" name=\"_wpcf7\" value=\"5\" \/><input type=\"hidden\" name=\"_wpcf7_version\" value=\"6.1.5\" \/><input type=\"hidden\" name=\"_wpcf7_locale\" value=\"es_ES\" \/><input type=\"hidden\" name=\"_wpcf7_unit_tag\" value=\"wpcf7-f5-o1\" \/><input type=\"hidden\" name=\"_wpcf7_container_post\" value=\"0\" \/><input type=\"hidden\" name=\"_wpcf7_posted_data_hash\" value=\"\" \/>\n<\/fieldset>\n<p><label><br \/>\n<span class=\"wpcf7-form-control-wrap\" data-name=\"your-name\"><input size=\"40\" maxlength=\"400\" class=\"wpcf7-form-control wpcf7-text wpcf7-validates-as-required\" aria-required=\"true\" aria-invalid=\"false\" placeholder=\"Nombre\" value=\"\" type=\"text\" name=\"your-name\" \/><\/span> <\/label>\n<\/p>\n<p><label><br \/>\n<span class=\"wpcf7-form-control-wrap\" data-name=\"your-email\"><input size=\"40\" maxlength=\"400\" class=\"wpcf7-form-control wpcf7-email wpcf7-validates-as-required wpcf7-text wpcf7-validates-as-email\" aria-required=\"true\" aria-invalid=\"false\" placeholder=\"Correo electr\u00f3nico\" value=\"\" type=\"email\" name=\"your-email\" \/><\/span> <\/label>\n<\/p>\n<p><label><br \/>\n<span class=\"wpcf7-form-control-wrap\" data-name=\"your-subject\"><input size=\"40\" maxlength=\"400\" class=\"wpcf7-form-control wpcf7-text wpcf7-validates-as-required\" aria-required=\"true\" aria-invalid=\"false\" placeholder=\"Asunto\" value=\"\" type=\"text\" name=\"your-subject\" \/><\/span> <\/label>\n<\/p>\n<p><label><br \/>\n<span class=\"wpcf7-form-control-wrap\" data-name=\"your-message\"><textarea cols=\"40\" rows=\"10\" maxlength=\"2000\" class=\"wpcf7-form-control wpcf7-textarea\" aria-invalid=\"false\" placeholder=\"Mensaje\" name=\"your-message\"><\/textarea><\/span> <\/label>\n<\/p>\n<p><input class=\"wpcf7-form-control wpcf7-submit has-spinner\" type=\"submit\" value=\"Enviar\" \/>\n<\/p><div class=\"wpcf7-response-output\" aria-hidden=\"true\"><\/div>\n<\/form>\n<\/div>\n<\/div>\n<\/div>\n<\/div>\n<\/div>\n<\/div>\n<\/div>\n<\/div>\n","protected":false},"excerpt":{"rendered":"<p>ALTRES ESPECIALITATS TRACTAMENTS FISIOTER\u00c0PIA MAXIL.LOFACIAL I ATM fisioterapia-maxilofacial FISIOTER\u00c0PIA S\u00d2L PELVI\u00c0 suelo-pelvico FISIOEST\u00c8TICA POSTQUIR\u00daRGICA fisioestetica-postquirurgica EXERCICI TERAP\u00c8UTIC FUNCIONAL terapeutico-funcional TRAUMAT\u00d2LEG ESPORTIU traumatologo-deportivo TER\u00c0PIA DE M\u00c0 terapia-de-mano ACUPUNTURA acupuntura ASSESSORAMENT LACT\u00c0NCIA I CRIAN\u00c7A asesoramiento<\/p>\n","protected":false},"author":1,"featured_media":0,"parent":0,"menu_order":0,"comment_status":"closed","ping_status":"closed","template":"","meta":{"inline_featured_image":false,"_genesis_hide_title":false,"_genesis_hide_breadcrumbs":false,"_genesis_hide_singular_image":false,"_genesis_hide_footer_widgets":false,"_genesis_custom_body_class":"","_genesis_custom_post_class":"","_genesis_layout":"","_joinchat":[],"footnotes":""},"class_list":{"0":"post-1561","1":"page","2":"type-page","3":"status-publish","5":"entry"},"_links":{"self":[{"href":"https:\/\/www.fisios.net\/ca\/wp-json\/wp\/v2\/pages\/1561","targetHints":{"allow":["GET"]}}],"collection":[{"href":"https:\/\/www.fisios.net\/ca\/wp-json\/wp\/v2\/pages"}],"about":[{"href":"https:\/\/www.fisios.net\/ca\/wp-json\/wp\/v2\/types\/page"}],"author":[{"embeddable":true,"href":"https:\/\/www.fisios.net\/ca\/wp-json\/wp\/v2\/users\/1"}],"replies":[{"embeddable":true,"href":"https:\/\/www.fisios.net\/ca\/wp-json\/wp\/v2\/comments?post=1561"}],"version-history":[{"count":4,"href":"https:\/\/www.fisios.net\/ca\/wp-json\/wp\/v2\/pages\/1561\/revisions"}],"predecessor-version":[{"id":2330,"href":"https:\/\/www.fisios.net\/ca\/wp-json\/wp\/v2\/pages\/1561\/revisions\/2330"}],"wp:attachment":[{"href":"https:\/\/www.fisios.net\/ca\/wp-json\/wp\/v2\/media?parent=1561"}],"curies":[{"name":"wp","href":"https:\/\/api.w.org\/{rel}","templated":true}]}}