{"id":2672,"date":"2025-11-27T13:18:18","date_gmt":"2025-11-27T13:18:18","guid":{"rendered":"https:\/\/www.fisios.net\/declaracio-daccessibilitat\/"},"modified":"2025-12-01T10:00:53","modified_gmt":"2025-12-01T10:00:53","slug":"declaracio-daccessibilitat","status":"publish","type":"page","link":"https:\/\/www.fisios.net\/ca\/declaracio-daccessibilitat\/","title":{"rendered":"Declaraci\u00f3 d&#8217;accessibilitat"},"content":{"rendered":"\n<p><strong>FISIOS CENTRO DE FISIOTERAPIA, S.L.P. <\/strong>s&#8217;ha comprom\u00e8s a fer accessible el vostre lloc web de conformitat amb el Reial Decret 1112\/2018, de 7 de setembre, sobre accessibilitat dels llocs web i aplicacions per a dispositius m\u00f2bils del sector p\u00fablic (d&#8217;ara endavant, Reial Decret 1112\/2018, de 7 de setembre).<\/p>\n\n<p>Aquesta declaraci\u00f3 d&#8217;accessibilitat s&#8217;aplica al lloc web FISIS CENTRE DE FISIOTER\u00c0PIA, S.L.P. (els subdominis d&#8217;aquest lloc web tindran les vostres pr\u00f2pies declaracions d&#8217;accessibilitat).<\/p>\n\n<h2 class=\"wp-block-heading\"><strong>SITUACI\u00d3 DE COMPLIMENT<\/strong><\/h2>\n\n<ul class=\"wp-block-list\">\n<li>Documents amb problemes daccessibilitat: No aplica.<\/li>\n\n\n\n<li>C\u00e0rrega desproporcionada: No s&#8217;aplica.<\/li>\n\n\n\n<li>Contingut que no es contempla dins l\u00e0mbit de la legislaci\u00f3 aplicable: No aplica.<\/li>\n<\/ul>\n\n<h2 class=\"wp-block-heading\"><strong>PREPARACI\u00d3N DE LA PRESENTE DECLARACI\u00d3N DE ACCESIBILIDAD<\/strong><\/h2>\n\n<p>Aquesta declaraci\u00f3 va ser preparada el 01 de desembre de 2025.<\/p>\n\n<p>El m\u00e8tode emprat per a aquesta declaraci\u00f3 ha estat una autoavaluaci\u00f3 realitzada per l&#8217;agent digitalitzador amb el suport de les Eines Externes.<\/p>\n\n<p>\u00daltima revisi\u00f3 de la declaraci\u00f3: 01 de desembre de 2025.<\/p>\n\n<h2 class=\"wp-block-heading\"><strong>OBSERVACIONS I DADES DE CONTACTE<\/strong><\/h2>\n\n<h3 class=\"wp-block-heading has-theme-secondary-color has-text-color has-link-color wp-elements-2529bb093f9ce9e411ffe69cad200c05\"><strong>Comunicacions sobre requisits daccessibilitat<\/strong><\/h3>\n\n<p>Podeu realitzar comunicacions sobre requisits d&#8217;accessibilitat (article 10.2.a del RD 1112\/2018) com ara:<\/p>\n\n<ul class=\"wp-block-list\">\n<li>Informar sobre qualsevol possible incompliment per part d&#8217;aquest lloc web<\/li>\n\n\n\n<li>Transmetre altres dificultats d&#8217;acc\u00e9s al contingut<\/li>\n\n\n\n<li>Formular qualsevol altra consulta o suggeriment de millora relativa a l&#8217;accessibilitat del lloc web mitjan\u00e7ant el formulari de contacte.<\/li>\n<\/ul>\n\n<p>Las comunicaciones ser\u00e1n recibidas y tratadas por el propietario del sitio y luego canalizadas al equipo de desarrollo web.<\/p>\n\n<h3 class=\"wp-block-heading has-theme-secondary-color has-text-color has-link-color wp-elements-4caa9bfeb90d758f1eeda766587cde61\"><strong>Sol\u00b7licituds d&#8217;informaci\u00f3 accessible i queixes<\/strong><\/h3>\n\n<p>A trav\u00e9s del formulari de contacte podeu presentar:<\/p>\n\n<ul class=\"wp-block-list\">\n<li>Una queixa relativa al compliment dels requisits del RD 1112\/2018 o<\/li>\n\n\n\n<li>Una sol\u00b7licitud d&#8217;informaci\u00f3 accessible relativa a:\n<ul class=\"wp-block-list\">\n<li>Continguts que estan exclosos de l\u00e0mbit daplicaci\u00f3 del RD 1112\/2018 segons el que estableix larticle 3, apartat 4.<\/li>\n\n\n\n<li>Continguts que estan exempts del compliment dels requisits daccessibilitat per imposar una c\u00e0rrega desproporcionada. A la Sol\u00b7licitud d&#8217;informaci\u00f3 accessible, cal concretar, amb tota claredat, els fets, les raons i la petici\u00f3 que permetin constatar que es tracta d&#8217;una sol\u00b7licitud raonable i leg\u00edtima.<\/li>\n<\/ul>\n<\/li>\n<\/ul>\n\n<h2 class=\"wp-block-heading\"><strong>PROCEDIMENT D&#8217;APLICACI\u00d3<\/strong><\/h2>\n\n<p>Si una vegada realitzada una sol\u00b7licitud d&#8217;informaci\u00f3 accessible o queixa, aquesta ha estat desestimada, no s&#8217;estigu\u00e9s d&#8217;acord amb la decisi\u00f3 adoptada, o la resposta no compl\u00eds els requisits que preveu l&#8217;article 12.5 del RD 1112\/2018, la persona interessada podr\u00e0 iniciar una reclamaci\u00f3. Igualment es podr\u00e0 iniciar una reclamaci\u00f3 en cas de no haver obtingut resposta.<\/p>\n\n<p>El procediment reclamaci\u00f3 recollit a l&#8217;article 13 del RD 1112\/2018 es pot iniciar a trav\u00e9s d&#8217;aquest enlla\u00e7.<\/p>\n\n<h2 class=\"wp-block-heading\"><strong>CONTINGUT OPCIONAL<\/strong><\/h2>\n\n<p>El lloc web:<\/p>\n\n<ul class=\"wp-block-list\">\n<li>S&#8217;ha dissenyat adaptant-se als est\u00e0ndards i normatives vigents en relaci\u00f3 amb l&#8217;accessibilitat, complint amb els punts de verificaci\u00f3 de prioritat 2 (AA) definits a l&#8217;especificaci\u00f3 de Pautes d&#8217;Accessibilitat al Contingut a la Web (WCAG 2.1).<\/li>\n\n\n\n<li>Est\u00e0 optimitzat per a les darreres versions vigents de Chrome, Edge, Firefox, Safari i Opera.<\/li>\n\n\n\n<li>Est\u00e0 dissenyat per a la correcta visualitzaci\u00f3 en qualsevol resoluci\u00f3 i dispositiu d&#8217;escriptori, tauletes o m\u00f2bils (disseny responsive).<\/li>\n\n\n\n<li>S&#8217;ha realitzat utilitzant HTML5 com a llenguatge de marcatge i fulls d&#8217;estil CSS 3 pel disseny.<\/li>\n\n\n\n<li>A m\u00e9s, es fa un treball continu d&#8217;auditoria i revisi\u00f3 de continguts per facilitar-ne la interpretaci\u00f3 i millorar la navegaci\u00f3 pel portal web.<\/li>\n<\/ul>\n\n<hr class=\"wp-block-separator has-alpha-channel-opacity\"\/>\n\n<div class=\"wp-block-buttons is-layout-flex wp-block-buttons-is-layout-flex\">\n<div class=\"wp-block-button\"><a class=\"wp-block-button__link wp-element-button\" href=\"https:\/\/www.fisios.net\/wp-content\/uploads\/2025\/12\/Declaracio-daccessibilitat-Fisios.pdf\" target=\"_blank\" rel=\"noreferrer noopener\">Descarregar PDF<\/a><\/div>\n<\/div>\n","protected":false},"excerpt":{"rendered":"<p>FISIOS CENTRO DE FISIOTERAPIA, S.L.P. s&#8217;ha comprom\u00e8s a fer accessible el vostre lloc web de conformitat amb el Reial Decret 1112\/2018, de 7 de setembre, sobre accessibilitat dels llocs web i aplicacions per a dispositius m\u00f2bils del sector p\u00fablic (d&#8217;ara endavant, Reial Decret 1112\/2018, de 7 de setembre). Aquesta declaraci\u00f3 d&#8217;accessibilitat s&#8217;aplica al lloc web [&hellip;]<\/p>\n","protected":false},"author":2,"featured_media":0,"parent":0,"menu_order":0,"comment_status":"closed","ping_status":"closed","template":"","meta":{"inline_featured_image":false,"_genesis_hide_title":false,"_genesis_hide_breadcrumbs":false,"_genesis_hide_singular_image":false,"_genesis_hide_footer_widgets":false,"_genesis_custom_body_class":"","_genesis_custom_post_class":"","_genesis_layout":"","_joinchat":[],"footnotes":""},"class_list":{"0":"post-2672","1":"page","2":"type-page","3":"status-publish","5":"entry"},"_links":{"self":[{"href":"https:\/\/www.fisios.net\/ca\/wp-json\/wp\/v2\/pages\/2672","targetHints":{"allow":["GET"]}}],"collection":[{"href":"https:\/\/www.fisios.net\/ca\/wp-json\/wp\/v2\/pages"}],"about":[{"href":"https:\/\/www.fisios.net\/ca\/wp-json\/wp\/v2\/types\/page"}],"author":[{"embeddable":true,"href":"https:\/\/www.fisios.net\/ca\/wp-json\/wp\/v2\/users\/2"}],"replies":[{"embeddable":true,"href":"https:\/\/www.fisios.net\/ca\/wp-json\/wp\/v2\/comments?post=2672"}],"version-history":[{"count":3,"href":"https:\/\/www.fisios.net\/ca\/wp-json\/wp\/v2\/pages\/2672\/revisions"}],"predecessor-version":[{"id":2688,"href":"https:\/\/www.fisios.net\/ca\/wp-json\/wp\/v2\/pages\/2672\/revisions\/2688"}],"wp:attachment":[{"href":"https:\/\/www.fisios.net\/ca\/wp-json\/wp\/v2\/media?parent=2672"}],"curies":[{"name":"wp","href":"https:\/\/api.w.org\/{rel}","templated":true}]}}